{"id":1002,"date":"2026-04-13T08:34:15","date_gmt":"2026-04-13T06:34:15","guid":{"rendered":"https:\/\/f6kop.com\/?page_id=1002"},"modified":"2026-04-13T08:34:15","modified_gmt":"2026-04-13T06:34:15","slug":"kopteam","status":"publish","type":"page","link":"https:\/\/f6kop.com\/index.php\/kopteam\/","title":{"rendered":"KopTeam"},"content":{"rendered":"\n<p><strong>Ordre des Chevaliers du DX Provinois le&nbsp;<\/strong><strong>rituel d\u2019intronisation<\/strong><strong><\/strong><\/p>\n\n\n\n<p>Oyez, oyez, braves gens et nobles op\u00e9rateurs des ondes !<\/p>\n\n\n\n<p>En les murs du valeureux radio-club F6KOP, sis en la bonne ville de Provins, cit\u00e9 de foires et de l\u00e9gendes, se perp\u00e9tue une tradition aussi ancienne que\u2026 parfaitement imaginaire<\/p>\n\n\n\n<p>Quiconque franchit les portes du royaume du DX et partage un moment de fraternit\u00e9 avec les membres du club peut \u00eatre appel\u00e9 \u00e0 recevoir l\u2019insigne honneur d\u2019\u00eatre adoub\u00e9&nbsp;<strong>Chevalier du DX Provinois<\/strong>.<\/p>\n\n\n\n<p>Avant toute \u00e9l\u00e9vation, l\u2019imp\u00e9trant devra faire preuve de courage et d\u2019abn\u00e9gation.<\/p>\n\n\n\n<p>Car nul ne saurait pr\u00e9tendre au titre sans avoir go\u00fbt\u00e9 \u00e0 la redoutable et myst\u00e9rieuse&nbsp;<strong>Liqueur de Pyl\u00f4ne<\/strong><\/p>\n\n\n\n<p>Breuvage aux vertus incertaines fabriquer en notre confr\u00e9rie, tant\u00f4t revigorant, tant\u00f4t\u2026 m\u00e9morable, il constitue l\u2019\u00e9preuve ultime scellant l\u2019engagement du futur chevalier.<\/p>\n\n\n\n<p>R\u00e9unis en cercle solennel (ou presque), les membres du tr\u00e8s respect\u00e9&nbsp;<strong>Conseil des Chevaliers du DX Provinois<\/strong>&nbsp;veillent au bon d\u00e9roulement du rituel.<\/p>\n\n\n\n<p>Apr\u00e8s d\u00e9lib\u00e9ration (souvent rapide), ils prononcent la formule sacr\u00e9e<\/p>\n\n\n\n<p><strong><em><u>Son aisance dans les piles ups<\/u><\/em><\/strong><\/p>\n\n\n\n<p><strong><em><u>Sa motivation \u00e0 participer aux exp\u00e9ditions aux quatre coins du monde<\/u><\/em><\/strong><\/p>\n\n\n\n<p><strong><em><u>Sa facilit\u00e9 notoire \u00e0 s\u2019adapter \u00e0 toutes les situations<\/u><\/em><\/strong><\/p>\n\n\n\n<p><strong><em><u>Sa motivation \u00e9vidente sur l\u2019air ou lors des contests<\/u><\/em><\/strong><\/p>\n\n\n\n<p>L\u2019imp\u00e9trant re\u00e7oit alors son&nbsp;<strong>dipl\u00f4me officiel (mais pas trop)<\/strong>, preuve irr\u00e9futable de son passage parmi les KOPains et KOPines.<\/p>\n\n\n\n<p>Que nul ne s\u2019y trompe&nbsp;; cet ordre n\u2019a ni pouvoir, ni richesse, ni v\u00e9ritable s\u00e9rieux\u2026<\/p>\n\n\n\n<p>Mais il poss\u00e8de ce qui compte le plus, l\u2019amiti\u00e9, le partage, la passion du DX et l\u2019inimitable esprit de F6KOP<\/p>\n\n\n\n<p>Ainsi, toi qui lis ces lignes, prends garde\u2026<\/p>\n\n\n\n<p>Car si d\u2019aventure tu passes par Provins et franchis les portes du radio-club,<br>il se pourrait bien que le Conseil t\u2019observe d\u00e9j\u00e0\u2026<\/p>\n\n\n\n<p>\u2026et que la Liqueur de Pyl\u00f4ne t\u2019attende<\/p>\n\n\n\n<p><\/p>\n\n\n\n<p><\/p>\n\n\n\n<p><\/p>\n","protected":false},"excerpt":{"rendered":"<p>Ordre des Chevaliers du DX Provinois le&nbsp;rituel d\u2019intronisation Oyez, oyez, braves gens et nobles op\u00e9rateurs des ondes ! En les murs du valeureux radio-club F6KOP, sis en la bonne ville de Provins, cit\u00e9 de foires et de l\u00e9gendes, se perp\u00e9tue une tradition aussi ancienne que\u2026 parfaitement imaginaire Quiconque franchit les portes du royaume du DX et partage un moment de fraternit\u00e9 avec les membres du club peut \u00eatre appel\u00e9 \u00e0 recevoir l\u2019insigne honneur d\u2019\u00eatre adoub\u00e9&nbsp;Chevalier du DX Provinois. Avant toute \u00e9l\u00e9vation, l\u2019imp\u00e9trant devra faire preuve de courage et d\u2019abn\u00e9gation. Car nul ne saurait pr\u00e9tendre au titre sans avoir go\u00fbt\u00e9 \u00e0 la redoutable et myst\u00e9rieuse&nbsp;Liqueur de Pyl\u00f4ne Breuvage aux vertus incertaines fabriquer en notre confr\u00e9rie, tant\u00f4t revigorant, tant\u00f4t\u2026 m\u00e9morable, il constitue l\u2019\u00e9preuve ultime scellant l\u2019engagement du futur chevalier. R\u00e9unis en cercle solennel (ou presque), les membres du tr\u00e8s respect\u00e9&nbsp;Conseil des Chevaliers du DX Provinois&nbsp;veillent au bon d\u00e9roulement du rituel. Apr\u00e8s d\u00e9lib\u00e9ration (souvent rapide), ils prononcent la formule sacr\u00e9e Son aisance dans les piles ups Sa motivation \u00e0 participer aux exp\u00e9ditions aux quatre coins du monde Sa facilit\u00e9 notoire \u00e0 s\u2019adapter \u00e0 toutes les situations Sa motivation \u00e9vidente sur l\u2019air ou lors des contests L\u2019imp\u00e9trant re\u00e7oit alors son&nbsp;dipl\u00f4me officiel (mais pas trop), preuve irr\u00e9futable de son passage parmi les KOPains et KOPines. Que nul ne s\u2019y trompe&nbsp;; cet ordre n\u2019a ni pouvoir, ni richesse, ni v\u00e9ritable s\u00e9rieux\u2026 Mais il poss\u00e8de ce qui compte le plus, l\u2019amiti\u00e9, le partage, la passion du DX et l\u2019inimitable esprit de F6KOP Ainsi, toi qui lis ces lignes, prends garde\u2026 Car si d\u2019aventure tu passes par Provins et franchis les portes du radio-club,il se pourrait bien que le Conseil t\u2019observe d\u00e9j\u00e0\u2026 \u2026et que la Liqueur de Pyl\u00f4ne t\u2019attende<\/p>\n","protected":false},"author":2,"featured_media":0,"parent":0,"menu_order":0,"comment_status":"closed","ping_status":"closed","template":"","meta":{"footnotes":""},"class_list":["post-1002","page","type-page","status-publish","hentry"],"_links":{"self":[{"href":"https:\/\/f6kop.com\/index.php\/wp-json\/wp\/v2\/pages\/1002","targetHints":{"allow":["GET"]}}],"collection":[{"href":"https:\/\/f6kop.com\/index.php\/wp-json\/wp\/v2\/pages"}],"about":[{"href":"https:\/\/f6kop.com\/index.php\/wp-json\/wp\/v2\/types\/page"}],"author":[{"embeddable":true,"href":"https:\/\/f6kop.com\/index.php\/wp-json\/wp\/v2\/users\/2"}],"replies":[{"embeddable":true,"href":"https:\/\/f6kop.com\/index.php\/wp-json\/wp\/v2\/comments?post=1002"}],"version-history":[{"count":1,"href":"https:\/\/f6kop.com\/index.php\/wp-json\/wp\/v2\/pages\/1002\/revisions"}],"predecessor-version":[{"id":1316,"href":"https:\/\/f6kop.com\/index.php\/wp-json\/wp\/v2\/pages\/1002\/revisions\/1316"}],"wp:attachment":[{"href":"https:\/\/f6kop.com\/index.php\/wp-json\/wp\/v2\/media?parent=1002"}],"curies":[{"name":"wp","href":"https:\/\/api.w.org\/{rel}","templated":true}]}}