{"id":17,"date":"2025-12-22T13:34:50","date_gmt":"2025-12-22T13:34:50","guid":{"rendered":"http:\/\/f6kop.com\/?page_id=17"},"modified":"2026-02-08T12:14:14","modified_gmt":"2026-02-08T11:14:14","slug":"les-xp-kop","status":"publish","type":"page","link":"https:\/\/f6kop.com\/index.php\/les-xp-kop\/","title":{"rendered":"Les XP KOP"},"content":{"rendered":"\n<figure class=\"wp-block-image size-large\"><img loading=\"lazy\" decoding=\"async\" width=\"1536\" height=\"1024\" src=\"https:\/\/f6kop.com\/wp-content\/uploads\/2026\/02\/3-1024x683.png\" alt=\"\" class=\"wp-image-326\" srcset=\"https:\/\/f6kop.com\/wp-content\/uploads\/2026\/02\/3-1024x683.png 1024w, https:\/\/f6kop.com\/wp-content\/uploads\/2026\/02\/3-300x200.png 300w, https:\/\/f6kop.com\/wp-content\/uploads\/2026\/02\/3-768x512.png 768w, https:\/\/f6kop.com\/wp-content\/uploads\/2026\/02\/3-1140x760.png 1140w, https:\/\/f6kop.com\/wp-content\/uploads\/2026\/02\/3.png 1536w\" sizes=\"auto, (max-width: 1536px) 100vw, 1536px\" \/><\/figure>\n\n\n\n<p>Ce n\u2019est pas un grand secret : <strong>F6KOP<\/strong> est un radio-club <strong>tr\u00e8s orient\u00e9 vers le DX, les exp\u00e9ditions et les IOTA<\/strong>. La plupart de nos membres partagent la passion de la chasse au <strong>DXCC<\/strong> et aux r\u00e9f\u00e9rences <strong>IOTA<\/strong> depuis de nombreuses ann\u00e9es.<\/p>\n\n\n\n<p>Le club est \u00e9galement pr\u00e9sent sur de nombreuses exp\u00e9ditions \u00e0 travers le monde. Au fil du temps, ces op\u00e9rations sont devenues <strong>de mieux en mieux structur\u00e9es<\/strong> et <strong>de plus en plus professionnalis\u00e9es<\/strong>. Oui, le mot est lanc\u00e9 : partir au bout du monde avec une \u00e9quipe demande <strong>un minimum de s\u00e9rieux et de professionnalisme<\/strong>. Il ne s\u2019agit pas simplement d\u2019allumer un transceiver pour faire de la radio : chaque exp\u00e9dition est le fruit d\u2019une pr\u00e9paration minutieuse.<\/p>\n\n\n\n<p>Le radio-club dispose d\u2019une <strong>branche d\u2019op\u00e9rateurs chevronn\u00e9s et exp\u00e9riment\u00e9s<\/strong>, qui d\u00e9fendent les valeurs des exp\u00e9ditions et du <strong>trafic humain<\/strong>, avec une attention particuli\u00e8re port\u00e9e aux objectifs en <strong>CW et SSB<\/strong>, tout en pratiquant \u00e9galement les modes num\u00e9riques tels que <strong>RTTY<\/strong> et <strong>FT8<\/strong>.<\/p>\n\n\n\n<p>Une exp\u00e9dition n\u2019est pas simplement une dizaine de jours sur l\u2019air. Elle implique une <strong>pr\u00e9paration consid\u00e9rable en amont<\/strong> : r\u00e9vision et am\u00e9lioration du mat\u00e9riel, pr\u00e9paration et emballage des \u00e9quipements, planification des objectifs et du trafic. Cela n\u00e9cessite de <strong>nombreux week-ends consacr\u00e9s \u00e0 cette t\u00e2che<\/strong> \u00e0 Provins et ailleurs. Le projet consiste \u00e0 faire voyager <strong>15 OM<\/strong> au bout du monde avec un mat\u00e9riel cons\u00e9quent, et cette mission demande une <strong>\u00e9nergie et un engagement importants<\/strong>.<\/p>\n\n\n\n<p>La communication est \u00e9galement primordiale : nous sommes entour\u00e9s de sponsors, qu\u2019ils soient professionnels ou particuliers, et nous nous effor\u00e7ons de <strong>r\u00e9pondre \u00e0 leurs attentes<\/strong> et de les satisfaire pleinement. D\u2019autres aspects, pourtant tout aussi importants, incluent le <strong>plan de bande<\/strong>, le <strong>plan d\u2019implantation des antennes<\/strong> et le <strong>planning des op\u00e9rateurs<\/strong>.<\/p>\n\n\n\n<p>Certains coins du monde pr\u00e9sentent des <strong>d\u00e9fis et des inconnues<\/strong>. La <strong>s\u00e9curit\u00e9 de l\u2019\u00e9quipe<\/strong> reste une priorit\u00e9 absolue, et tous les moyens sont mis en \u0153uvre pour garantir la s\u00e9curit\u00e9 des participants et pouvoir g\u00e9rer les impr\u00e9vus. Par ailleurs, <strong>l\u2019aspect r\u00e9glementaire et politique<\/strong> constitue \u00e9galement un facteur essentiel : gestion des licences, dialogue avec les autorit\u00e9s locales et pr\u00e9paration administrative font partie int\u00e9grante de l\u2019organisation.<\/p>\n\n\n\n<p>Bien que ces exp\u00e9ditions soient avant tout une <strong>passion et un plaisir<\/strong>, les op\u00e9rations F6KOP sont v\u00e9ritablement <strong>g\u00e9r\u00e9es en mode projet<\/strong>, document\u00e9es, et chaque ann\u00e9e nous nous effor\u00e7ons de <strong>faire mieux que la pr\u00e9c\u00e9dente<\/strong>. Sous cette ligne directrice, F6KOP est fi\u00e8re d\u2019afficher d\u00e9sormais une moyenne de <strong>plus de 100 000 QSO lors de chaque exp\u00e9dition<\/strong>.<\/p>\n\n\n\n<p>L\u2019\u00e9quipe est soigneusement s\u00e9lectionn\u00e9e et <strong>\u00e9volue ann\u00e9e apr\u00e8s ann\u00e9e<\/strong>. Elle comprend des op\u00e9rateurs exp\u00e9riment\u00e9s, des membres l\u00e9g\u00e8rement novices mais prometteurs, des piliers techniques, ainsi que des personnes polyvalentes capables de <strong>passer de la CW \u00e0 la SSB, puis au FT8<\/strong> sans difficult\u00e9.<\/p>\n\n\n\n<p>Vous retrouverez ici une <strong>liste que nous affichons avec fiert\u00e9<\/strong>, que nous souhaitons faire <strong>\u00e9voluer chaque ann\u00e9e<\/strong>. Cette dynamique et cette exigence sont au c\u0153ur de l\u2019esprit de F6KOP : passion, excellence et esprit d\u2019\u00e9quipe.<\/p>\n\n\n\n<figure class=\"wp-block-gallery has-nested-images columns-default is-cropped wp-block-gallery-1 is-layout-flex wp-block-gallery-is-layout-flex\">\n<figure class=\"wp-block-image size-large\"><img loading=\"lazy\" decoding=\"async\" width=\"768\" height=\"489\" data-id=\"369\" src=\"https:\/\/f6kop.com\/wp-content\/uploads\/2026\/02\/5H1C-HZ1SK-1-768x489-3.jpg\" alt=\"\" class=\"wp-image-369\" srcset=\"https:\/\/f6kop.com\/wp-content\/uploads\/2026\/02\/5H1C-HZ1SK-1-768x489-3.jpg 768w, https:\/\/f6kop.com\/wp-content\/uploads\/2026\/02\/5H1C-HZ1SK-1-768x489-3-300x191.jpg 300w\" sizes=\"auto, (max-width: 768px) 100vw, 768px\" \/><\/figure>\n\n\n\n<figure class=\"wp-block-image size-large\"><img loading=\"lazy\" decoding=\"async\" width=\"400\" height=\"258\" data-id=\"370\" src=\"https:\/\/f6kop.com\/wp-content\/uploads\/2026\/02\/5V7C-2.jpg\" alt=\"\" class=\"wp-image-370\" srcset=\"https:\/\/f6kop.com\/wp-content\/uploads\/2026\/02\/5V7C-2.jpg 400w, https:\/\/f6kop.com\/wp-content\/uploads\/2026\/02\/5V7C-2-300x194.jpg 300w\" sizes=\"auto, (max-width: 400px) 100vw, 400px\" \/><\/figure>\n\n\n\n<figure class=\"wp-block-image size-large\"><img loading=\"lazy\" decoding=\"async\" width=\"768\" height=\"498\" data-id=\"374\" src=\"https:\/\/f6kop.com\/wp-content\/uploads\/2026\/02\/5X8C-768x498-3.jpg\" alt=\"\" class=\"wp-image-374\" srcset=\"https:\/\/f6kop.com\/wp-content\/uploads\/2026\/02\/5X8C-768x498-3.jpg 768w, https:\/\/f6kop.com\/wp-content\/uploads\/2026\/02\/5X8C-768x498-3-300x195.jpg 300w\" sizes=\"auto, (max-width: 768px) 100vw, 768px\" \/><\/figure>\n\n\n\n<figure class=\"wp-block-image size-large\"><img loading=\"lazy\" decoding=\"async\" width=\"768\" height=\"485\" data-id=\"371\" src=\"https:\/\/f6kop.com\/wp-content\/uploads\/2026\/02\/Brehat_qsl-768x485-3.jpg\" alt=\"\" class=\"wp-image-371\" srcset=\"https:\/\/f6kop.com\/wp-content\/uploads\/2026\/02\/Brehat_qsl-768x485-3.jpg 768w, https:\/\/f6kop.com\/wp-content\/uploads\/2026\/02\/Brehat_qsl-768x485-3-300x189.jpg 300w\" sizes=\"auto, (max-width: 768px) 100vw, 768px\" \/><\/figure>\n\n\n\n<figure class=\"wp-block-image size-large\"><img loading=\"lazy\" decoding=\"async\" width=\"1024\" height=\"703\" data-id=\"373\" src=\"https:\/\/f6kop.com\/wp-content\/uploads\/2026\/02\/d60ae-cdxc-2-1024x703.jpg\" alt=\"\" class=\"wp-image-373\" srcset=\"https:\/\/f6kop.com\/wp-content\/uploads\/2026\/02\/d60ae-cdxc-2-1024x703.jpg 1024w, https:\/\/f6kop.com\/wp-content\/uploads\/2026\/02\/d60ae-cdxc-2-300x206.jpg 300w, https:\/\/f6kop.com\/wp-content\/uploads\/2026\/02\/d60ae-cdxc-2-768x527.jpg 768w, https:\/\/f6kop.com\/wp-content\/uploads\/2026\/02\/d60ae-cdxc-2.jpg 1093w\" sizes=\"auto, (max-width: 1024px) 100vw, 1024px\" \/><\/figure>\n\n\n\n<figure class=\"wp-block-image size-large\"><img loading=\"lazy\" decoding=\"async\" width=\"768\" height=\"406\" data-id=\"372\" src=\"https:\/\/f6kop.com\/wp-content\/uploads\/2026\/02\/F6KOP-P-EU148-768x406-3.jpg\" alt=\"\" class=\"wp-image-372\" srcset=\"https:\/\/f6kop.com\/wp-content\/uploads\/2026\/02\/F6KOP-P-EU148-768x406-3.jpg 768w, https:\/\/f6kop.com\/wp-content\/uploads\/2026\/02\/F6KOP-P-EU148-768x406-3-300x159.jpg 300w\" sizes=\"auto, (max-width: 768px) 100vw, 768px\" \/><\/figure>\n\n\n\n<figure class=\"wp-block-image size-large\"><img loading=\"lazy\" decoding=\"async\" width=\"600\" height=\"386\" data-id=\"376\" src=\"https:\/\/f6kop.com\/wp-content\/uploads\/2026\/02\/IMG-20251103-WA00201-600x386-3.jpg\" alt=\"\" class=\"wp-image-376\" srcset=\"https:\/\/f6kop.com\/wp-content\/uploads\/2026\/02\/IMG-20251103-WA00201-600x386-3.jpg 600w, https:\/\/f6kop.com\/wp-content\/uploads\/2026\/02\/IMG-20251103-WA00201-600x386-3-300x193.jpg 300w\" sizes=\"auto, (max-width: 600px) 100vw, 600px\" \/><\/figure>\n\n\n\n<figure class=\"wp-block-image size-large\"><img loading=\"lazy\" decoding=\"async\" width=\"768\" height=\"497\" data-id=\"377\" src=\"https:\/\/f6kop.com\/wp-content\/uploads\/2026\/02\/IS0R-768x497-3.jpg\" alt=\"\" class=\"wp-image-377\" srcset=\"https:\/\/f6kop.com\/wp-content\/uploads\/2026\/02\/IS0R-768x497-3.jpg 768w, https:\/\/f6kop.com\/wp-content\/uploads\/2026\/02\/IS0R-768x497-3-300x194.jpg 300w\" sizes=\"auto, (max-width: 768px) 100vw, 768px\" \/><\/figure>\n\n\n\n<figure class=\"wp-block-image size-large\"><img loading=\"lazy\" decoding=\"async\" width=\"768\" height=\"252\" data-id=\"375\" src=\"https:\/\/f6kop.com\/wp-content\/uploads\/2026\/02\/mini_7p8c_qrz_f1ulq-768x252-3.jpg\" alt=\"\" class=\"wp-image-375\" srcset=\"https:\/\/f6kop.com\/wp-content\/uploads\/2026\/02\/mini_7p8c_qrz_f1ulq-768x252-3.jpg 768w, https:\/\/f6kop.com\/wp-content\/uploads\/2026\/02\/mini_7p8c_qrz_f1ulq-768x252-3-300x98.jpg 300w\" sizes=\"auto, (max-width: 768px) 100vw, 768px\" \/><\/figure>\n\n\n\n<figure class=\"wp-block-image size-large\"><img loading=\"lazy\" decoding=\"async\" width=\"768\" height=\"252\" data-id=\"378\" src=\"https:\/\/f6kop.com\/wp-content\/uploads\/2026\/02\/mini_tu7c_qrz_f1ulq-768x252-3.jpg\" alt=\"\" class=\"wp-image-378\" srcset=\"https:\/\/f6kop.com\/wp-content\/uploads\/2026\/02\/mini_tu7c_qrz_f1ulq-768x252-3.jpg 768w, https:\/\/f6kop.com\/wp-content\/uploads\/2026\/02\/mini_tu7c_qrz_f1ulq-768x252-3-300x98.jpg 300w\" sizes=\"auto, (max-width: 768px) 100vw, 768px\" \/><\/figure>\n\n\n\n<figure class=\"wp-block-image size-large\"><img loading=\"lazy\" decoding=\"async\" width=\"768\" height=\"497\" data-id=\"379\" src=\"https:\/\/f6kop.com\/wp-content\/uploads\/2026\/02\/PJ4CqslRECTO_copie-768x497-3.jpg\" alt=\"\" class=\"wp-image-379\" srcset=\"https:\/\/f6kop.com\/wp-content\/uploads\/2026\/02\/PJ4CqslRECTO_copie-768x497-3.jpg 768w, https:\/\/f6kop.com\/wp-content\/uploads\/2026\/02\/PJ4CqslRECTO_copie-768x497-3-300x194.jpg 300w\" sizes=\"auto, (max-width: 768px) 100vw, 768px\" \/><\/figure>\n\n\n\n<figure class=\"wp-block-image size-large\"><img loading=\"lazy\" decoding=\"async\" width=\"700\" height=\"230\" data-id=\"380\" src=\"https:\/\/f6kop.com\/wp-content\/uploads\/2026\/02\/QSL_3g0z_preview-2.png\" alt=\"\" class=\"wp-image-380\" srcset=\"https:\/\/f6kop.com\/wp-content\/uploads\/2026\/02\/QSL_3g0z_preview-2.png 700w, https:\/\/f6kop.com\/wp-content\/uploads\/2026\/02\/QSL_3g0z_preview-2-300x99.png 300w\" sizes=\"auto, (max-width: 700px) 100vw, 700px\" \/><\/figure>\n\n\n\n<figure class=\"wp-block-image size-large\"><img loading=\"lazy\" decoding=\"async\" width=\"768\" height=\"256\" data-id=\"381\" src=\"https:\/\/f6kop.com\/wp-content\/uploads\/2026\/02\/qsl_to7cc-768x256-3.jpg\" alt=\"\" class=\"wp-image-381\" srcset=\"https:\/\/f6kop.com\/wp-content\/uploads\/2026\/02\/qsl_to7cc-768x256-3.jpg 768w, https:\/\/f6kop.com\/wp-content\/uploads\/2026\/02\/qsl_to7cc-768x256-3-300x100.jpg 300w\" sizes=\"auto, (max-width: 768px) 100vw, 768px\" \/><\/figure>\n\n\n\n<figure class=\"wp-block-image size-large\"><img loading=\"lazy\" decoding=\"async\" width=\"1024\" height=\"658\" data-id=\"383\" src=\"https:\/\/f6kop.com\/wp-content\/uploads\/2026\/02\/qsl-9l5a-recto-taille-finale-specimen-2.webp\" alt=\"\" class=\"wp-image-383\" srcset=\"https:\/\/f6kop.com\/wp-content\/uploads\/2026\/02\/qsl-9l5a-recto-taille-finale-specimen-2.webp 1024w, https:\/\/f6kop.com\/wp-content\/uploads\/2026\/02\/qsl-9l5a-recto-taille-finale-specimen-2-300x193.webp 300w, https:\/\/f6kop.com\/wp-content\/uploads\/2026\/02\/qsl-9l5a-recto-taille-finale-specimen-2-768x494.webp 768w\" sizes=\"auto, (max-width: 1024px) 100vw, 1024px\" \/><\/figure>\n\n\n\n<figure class=\"wp-block-image size-large\"><img loading=\"lazy\" decoding=\"async\" width=\"500\" height=\"328\" data-id=\"382\" src=\"https:\/\/f6kop.com\/wp-content\/uploads\/2026\/02\/Qsl-9LY1JM-2.jpg\" alt=\"\" class=\"wp-image-382\" srcset=\"https:\/\/f6kop.com\/wp-content\/uploads\/2026\/02\/Qsl-9LY1JM-2.jpg 500w, https:\/\/f6kop.com\/wp-content\/uploads\/2026\/02\/Qsl-9LY1JM-2-300x197.jpg 300w\" sizes=\"auto, (max-width: 500px) 100vw, 500px\" \/><\/figure>\n\n\n\n<figure class=\"wp-block-image size-large\"><img loading=\"lazy\" decoding=\"async\" width=\"500\" height=\"328\" data-id=\"384\" src=\"https:\/\/f6kop.com\/wp-content\/uploads\/2026\/02\/QSL-E44CC-1-2.jpg\" alt=\"\" class=\"wp-image-384\" srcset=\"https:\/\/f6kop.com\/wp-content\/uploads\/2026\/02\/QSL-E44CC-1-2.jpg 500w, https:\/\/f6kop.com\/wp-content\/uploads\/2026\/02\/QSL-E44CC-1-2-300x197.jpg 300w\" sizes=\"auto, (max-width: 500px) 100vw, 500px\" \/><\/figure>\n\n\n\n<figure class=\"wp-block-image size-large\"><img loading=\"lazy\" decoding=\"async\" width=\"500\" height=\"328\" data-id=\"385\" src=\"https:\/\/f6kop.com\/wp-content\/uploads\/2026\/02\/Qsl-ty7c_front1-2.jpg\" alt=\"\" class=\"wp-image-385\" srcset=\"https:\/\/f6kop.com\/wp-content\/uploads\/2026\/02\/Qsl-ty7c_front1-2.jpg 500w, https:\/\/f6kop.com\/wp-content\/uploads\/2026\/02\/Qsl-ty7c_front1-2-300x197.jpg 300w\" sizes=\"auto, (max-width: 500px) 100vw, 500px\" \/><\/figure>\n\n\n\n<figure class=\"wp-block-image size-large\"><img loading=\"lazy\" decoding=\"async\" width=\"768\" height=\"497\" data-id=\"386\" src=\"https:\/\/f6kop.com\/wp-content\/uploads\/2026\/02\/TJ9PFrecto-768x497-3.jpg\" alt=\"\" class=\"wp-image-386\" srcset=\"https:\/\/f6kop.com\/wp-content\/uploads\/2026\/02\/TJ9PFrecto-768x497-3.jpg 768w, https:\/\/f6kop.com\/wp-content\/uploads\/2026\/02\/TJ9PFrecto-768x497-3-300x194.jpg 300w\" sizes=\"auto, (max-width: 768px) 100vw, 768px\" \/><\/figure>\n\n\n\n<figure class=\"wp-block-image size-large\"><img loading=\"lazy\" decoding=\"async\" width=\"768\" height=\"489\" data-id=\"389\" src=\"https:\/\/f6kop.com\/wp-content\/uploads\/2026\/02\/tm5n_qsl-768x489-3.jpg\" alt=\"\" class=\"wp-image-389\" srcset=\"https:\/\/f6kop.com\/wp-content\/uploads\/2026\/02\/tm5n_qsl-768x489-3.jpg 768w, https:\/\/f6kop.com\/wp-content\/uploads\/2026\/02\/tm5n_qsl-768x489-3-300x191.jpg 300w\" sizes=\"auto, (max-width: 768px) 100vw, 768px\" \/><\/figure>\n\n\n\n<figure class=\"wp-block-image size-large\"><img loading=\"lazy\" decoding=\"async\" width=\"768\" height=\"481\" data-id=\"387\" src=\"https:\/\/f6kop.com\/wp-content\/uploads\/2026\/02\/tm5s-qsl-768x481-3.jpg\" alt=\"\" class=\"wp-image-387\" srcset=\"https:\/\/f6kop.com\/wp-content\/uploads\/2026\/02\/tm5s-qsl-768x481-3.jpg 768w, https:\/\/f6kop.com\/wp-content\/uploads\/2026\/02\/tm5s-qsl-768x481-3-300x188.jpg 300w\" sizes=\"auto, (max-width: 768px) 100vw, 768px\" \/><\/figure>\n\n\n\n<figure class=\"wp-block-image size-large\"><img loading=\"lazy\" decoding=\"async\" width=\"768\" height=\"481\" data-id=\"388\" src=\"https:\/\/f6kop.com\/wp-content\/uploads\/2026\/02\/tm5y-qsl-768x481-3.jpg\" alt=\"\" class=\"wp-image-388\" srcset=\"https:\/\/f6kop.com\/wp-content\/uploads\/2026\/02\/tm5y-qsl-768x481-3.jpg 768w, https:\/\/f6kop.com\/wp-content\/uploads\/2026\/02\/tm5y-qsl-768x481-3-300x188.jpg 300w\" sizes=\"auto, (max-width: 768px) 100vw, 768px\" \/><\/figure>\n\n\n\n<figure class=\"wp-block-image size-large\"><img loading=\"lazy\" decoding=\"async\" width=\"768\" height=\"482\" data-id=\"390\" src=\"https:\/\/f6kop.com\/wp-content\/uploads\/2026\/02\/tm7r-qsl-768x482-3.jpg\" alt=\"\" class=\"wp-image-390\" srcset=\"https:\/\/f6kop.com\/wp-content\/uploads\/2026\/02\/tm7r-qsl-768x482-3.jpg 768w, https:\/\/f6kop.com\/wp-content\/uploads\/2026\/02\/tm7r-qsl-768x482-3-300x188.jpg 300w\" sizes=\"auto, (max-width: 768px) 100vw, 768px\" \/><\/figure>\n\n\n\n<figure class=\"wp-block-image size-large\"><img loading=\"lazy\" decoding=\"async\" width=\"768\" height=\"501\" data-id=\"391\" src=\"https:\/\/f6kop.com\/wp-content\/uploads\/2026\/02\/tm77c-768x501-3.jpg\" alt=\"\" class=\"wp-image-391\" srcset=\"https:\/\/f6kop.com\/wp-content\/uploads\/2026\/02\/tm77c-768x501-3.jpg 768w, https:\/\/f6kop.com\/wp-content\/uploads\/2026\/02\/tm77c-768x501-3-300x196.jpg 300w\" sizes=\"auto, (max-width: 768px) 100vw, 768px\" \/><\/figure>\n\n\n\n<figure class=\"wp-block-image size-large\"><img loading=\"lazy\" decoding=\"async\" width=\"768\" height=\"506\" data-id=\"394\" src=\"https:\/\/f6kop.com\/wp-content\/uploads\/2026\/02\/TO7C-768x506-3.jpg\" alt=\"\" class=\"wp-image-394\" srcset=\"https:\/\/f6kop.com\/wp-content\/uploads\/2026\/02\/TO7C-768x506-3.jpg 768w, https:\/\/f6kop.com\/wp-content\/uploads\/2026\/02\/TO7C-768x506-3-300x198.jpg 300w, https:\/\/f6kop.com\/wp-content\/uploads\/2026\/02\/TO7C-768x506-3-500x330.jpg 500w\" sizes=\"auto, (max-width: 768px) 100vw, 768px\" \/><\/figure>\n\n\n\n<figure class=\"wp-block-image size-large\"><img loading=\"lazy\" decoding=\"async\" width=\"768\" height=\"497\" data-id=\"396\" src=\"https:\/\/f6kop.com\/wp-content\/uploads\/2026\/02\/TS7C-768x497-3.jpg\" alt=\"\" class=\"wp-image-396\" srcset=\"https:\/\/f6kop.com\/wp-content\/uploads\/2026\/02\/TS7C-768x497-3.jpg 768w, https:\/\/f6kop.com\/wp-content\/uploads\/2026\/02\/TS7C-768x497-3-300x194.jpg 300w\" sizes=\"auto, (max-width: 768px) 100vw, 768px\" \/><\/figure>\n\n\n\n<figure class=\"wp-block-image size-large\"><img loading=\"lazy\" decoding=\"async\" width=\"709\" height=\"459\" data-id=\"392\" src=\"https:\/\/f6kop.com\/wp-content\/uploads\/2026\/02\/wp6ae7a138_05_06-2.jpg\" alt=\"\" class=\"wp-image-392\" srcset=\"https:\/\/f6kop.com\/wp-content\/uploads\/2026\/02\/wp6ae7a138_05_06-2.jpg 709w, https:\/\/f6kop.com\/wp-content\/uploads\/2026\/02\/wp6ae7a138_05_06-2-300x194.jpg 300w\" sizes=\"auto, (max-width: 709px) 100vw, 709px\" \/><\/figure>\n\n\n\n<figure class=\"wp-block-image size-large\"><img loading=\"lazy\" decoding=\"async\" width=\"231\" height=\"300\" data-id=\"395\" src=\"https:\/\/f6kop.com\/wp-content\/uploads\/2026\/02\/wp642c6cb1_06-231x300-3.png\" alt=\"\" class=\"wp-image-395\"\/><\/figure>\n\n\n\n<figure class=\"wp-block-image size-large\"><img loading=\"lazy\" decoding=\"async\" width=\"768\" height=\"489\" data-id=\"393\" src=\"https:\/\/f6kop.com\/wp-content\/uploads\/2026\/02\/XT2C-QSL-768x489-3.jpg\" alt=\"\" class=\"wp-image-393\" srcset=\"https:\/\/f6kop.com\/wp-content\/uploads\/2026\/02\/XT2C-QSL-768x489-3.jpg 768w, https:\/\/f6kop.com\/wp-content\/uploads\/2026\/02\/XT2C-QSL-768x489-3-300x191.jpg 300w\" sizes=\"auto, (max-width: 768px) 100vw, 768px\" \/><\/figure>\n<\/figure>\n","protected":false},"excerpt":{"rendered":"<p>Ce n\u2019est pas un grand secret : F6KOP est un radio-club tr\u00e8s orient\u00e9 vers le DX, les exp\u00e9ditions et les IOTA. La plupart de nos membres partagent la passion de la chasse au DXCC et aux r\u00e9f\u00e9rences IOTA depuis de nombreuses ann\u00e9es. Le club est \u00e9galement pr\u00e9sent sur de nombreuses exp\u00e9ditions \u00e0 travers le monde. Au fil du temps, ces op\u00e9rations sont devenues de mieux en mieux structur\u00e9es et de plus en plus professionnalis\u00e9es. Oui, le mot est lanc\u00e9 : partir au bout du monde avec une \u00e9quipe demande un minimum de s\u00e9rieux et de professionnalisme. Il ne s\u2019agit pas simplement d\u2019allumer un transceiver pour faire de la radio : chaque exp\u00e9dition est le fruit d\u2019une pr\u00e9paration minutieuse. Le radio-club dispose d\u2019une branche d\u2019op\u00e9rateurs chevronn\u00e9s et exp\u00e9riment\u00e9s, qui d\u00e9fendent les valeurs des exp\u00e9ditions et du trafic humain, avec une attention particuli\u00e8re port\u00e9e aux objectifs en CW et SSB, tout en pratiquant \u00e9galement les modes num\u00e9riques tels que RTTY et FT8. Une exp\u00e9dition n\u2019est pas simplement une dizaine de jours sur l\u2019air. Elle implique une pr\u00e9paration consid\u00e9rable en amont : r\u00e9vision et am\u00e9lioration du mat\u00e9riel, pr\u00e9paration et emballage des \u00e9quipements, planification des objectifs et du trafic. Cela n\u00e9cessite de nombreux week-ends consacr\u00e9s \u00e0 cette t\u00e2che \u00e0 Provins et ailleurs. Le projet consiste \u00e0 faire voyager 15 OM au bout du monde avec un mat\u00e9riel cons\u00e9quent, et cette mission demande une \u00e9nergie et un engagement importants. La communication est \u00e9galement primordiale : nous sommes entour\u00e9s de sponsors, qu\u2019ils soient professionnels ou particuliers, et nous nous effor\u00e7ons de r\u00e9pondre \u00e0 leurs attentes et de les satisfaire pleinement. D\u2019autres aspects, pourtant tout aussi importants, incluent le plan de bande, le plan d\u2019implantation des antennes et le planning des op\u00e9rateurs. Certains coins du monde pr\u00e9sentent des d\u00e9fis et des inconnues. La s\u00e9curit\u00e9 de l\u2019\u00e9quipe reste une priorit\u00e9 absolue, et tous les moyens sont mis en \u0153uvre pour garantir la s\u00e9curit\u00e9 des participants et pouvoir g\u00e9rer les impr\u00e9vus. Par ailleurs, l\u2019aspect r\u00e9glementaire et politique constitue \u00e9galement un facteur essentiel : gestion des licences, dialogue avec les autorit\u00e9s locales et pr\u00e9paration administrative font partie int\u00e9grante de l\u2019organisation. Bien que ces exp\u00e9ditions soient avant tout une passion et un plaisir, les op\u00e9rations F6KOP sont v\u00e9ritablement g\u00e9r\u00e9es en mode projet, document\u00e9es, et chaque ann\u00e9e nous nous effor\u00e7ons de faire mieux que la pr\u00e9c\u00e9dente. Sous cette ligne directrice, F6KOP est fi\u00e8re d\u2019afficher d\u00e9sormais une moyenne de plus de 100 000 QSO lors de chaque exp\u00e9dition. L\u2019\u00e9quipe est soigneusement s\u00e9lectionn\u00e9e et \u00e9volue ann\u00e9e apr\u00e8s ann\u00e9e. Elle comprend des op\u00e9rateurs exp\u00e9riment\u00e9s, des membres l\u00e9g\u00e8rement novices mais prometteurs, des piliers techniques, ainsi que des personnes polyvalentes capables de passer de la CW \u00e0 la SSB, puis au FT8 sans difficult\u00e9. Vous retrouverez ici une liste que nous affichons avec fiert\u00e9, que nous souhaitons faire \u00e9voluer chaque ann\u00e9e. Cette dynamique et cette exigence sont au c\u0153ur de l\u2019esprit de F6KOP : passion, excellence et esprit d\u2019\u00e9quipe.<\/p>\n","protected":false},"author":1,"featured_media":0,"parent":0,"menu_order":0,"comment_status":"closed","ping_status":"closed","template":"","meta":{"footnotes":""},"class_list":["post-17","page","type-page","status-publish","hentry"],"_links":{"self":[{"href":"https:\/\/f6kop.com\/index.php\/wp-json\/wp\/v2\/pages\/17","targetHints":{"allow":["GET"]}}],"collection":[{"href":"https:\/\/f6kop.com\/index.php\/wp-json\/wp\/v2\/pages"}],"about":[{"href":"https:\/\/f6kop.com\/index.php\/wp-json\/wp\/v2\/types\/page"}],"author":[{"embeddable":true,"href":"https:\/\/f6kop.com\/index.php\/wp-json\/wp\/v2\/users\/1"}],"replies":[{"embeddable":true,"href":"https:\/\/f6kop.com\/index.php\/wp-json\/wp\/v2\/comments?post=17"}],"version-history":[{"count":5,"href":"https:\/\/f6kop.com\/index.php\/wp-json\/wp\/v2\/pages\/17\/revisions"}],"predecessor-version":[{"id":397,"href":"https:\/\/f6kop.com\/index.php\/wp-json\/wp\/v2\/pages\/17\/revisions\/397"}],"wp:attachment":[{"href":"https:\/\/f6kop.com\/index.php\/wp-json\/wp\/v2\/media?parent=17"}],"curies":[{"name":"wp","href":"https:\/\/api.w.org\/{rel}","templated":true}]}}