{"id":23,"date":"2025-12-22T13:35:42","date_gmt":"2025-12-22T13:35:42","guid":{"rendered":"http:\/\/f6kop.com\/?page_id=23"},"modified":"2026-02-08T10:11:36","modified_gmt":"2026-02-08T09:11:36","slug":"les-award","status":"publish","type":"page","link":"https:\/\/f6kop.com\/index.php\/les-award\/","title":{"rendered":"Les AWARD"},"content":{"rendered":"\n<p>Les <strong>awards F6KOP<\/strong> sont disponibles pour tous les membres \u00e0 jour de leur cotisation. Ils peuvent \u00eatre demand\u00e9s <strong>gratuitement au format num\u00e9rique<\/strong>.<\/p>\n\n\n\n<p>Pour les awards encadr\u00e9s ou sp\u00e9ciaux, soumis \u00e0 tarification, des justificatifs peuvent \u00eatre requis, tels que :<\/p>\n\n\n\n<ul class=\"wp-block-list\">\n<li>un <strong>rapport LOTW<\/strong> (Logbook of The World)<\/li>\n\n\n\n<li>un <strong>scan de QSL<\/strong><\/li>\n\n\n\n<li>la <strong>pr\u00e9sentation d\u2019un album<\/strong> au radio-club<\/li>\n<\/ul>\n\n\n\n<p>Nous vous invitons \u00e0 <strong>formuler votre demande via le formulaire ci-joint<\/strong>. L\u2019<strong>award manager<\/strong> prendra rapidement contact avec vous pour traiter votre demande et vous fournir toutes les informations n\u00e9cessaires.<\/p>\n\n\n<style id=\"wpforms-css-vars-272-block-65df3190-22e7-480c-a58e-0a03f5b33e80\">\n\t\t\t\t#wpforms-272.wpforms-block-65df3190-22e7-480c-a58e-0a03f5b33e80 {\n\t\t\t\t--wpforms-field-size-input-height: 43px;\n--wpforms-field-size-input-spacing: 15px;\n--wpforms-field-size-font-size: 16px;\n--wpforms-field-size-line-height: 19px;\n--wpforms-field-size-padding-h: 14px;\n--wpforms-field-size-checkbox-size: 16px;\n--wpforms-field-size-sublabel-spacing: 5px;\n--wpforms-field-size-icon-size: 1;\n--wpforms-label-size-font-size: 16px;\n--wpforms-label-size-line-height: 19px;\n--wpforms-label-size-sublabel-font-size: 14px;\n--wpforms-label-size-sublabel-line-height: 17px;\n--wpforms-button-size-font-size: 17px;\n--wpforms-button-size-height: 41px;\n--wpforms-button-size-padding-h: 15px;\n--wpforms-button-size-margin-top: 10px;\n\t\t\t}\n\t\t\t<\/style><div class=\"wpforms-container wpforms-container-full wpforms-block wpforms-block-65df3190-22e7-480c-a58e-0a03f5b33e80 wpforms-render-modern\" id=\"wpforms-272\"><form id=\"wpforms-form-272\" class=\"wpforms-validate wpforms-form wpforms-ajax-form\" data-formid=\"272\" method=\"post\" enctype=\"multipart\/form-data\" action=\"\/index.php\/wp-json\/wp\/v2\/pages\/23\" data-token=\"2cb092decc93b416619f7875537a4411\" data-token-time=\"1778474059\"><noscript class=\"wpforms-error-noscript\">Veuillez activer JavaScript dans votre navigateur pour remplir ce formulaire.<\/noscript><div id=\"wpforms-error-noscript\" style=\"display: none;\">Veuillez activer JavaScript dans votre navigateur pour remplir ce formulaire.<\/div><div class=\"wpforms-field-container\"><div id=\"wpforms-272-field_1-container\" class=\"wpforms-field wpforms-field-name\" data-field-id=\"1\"><label class=\"wpforms-field-label\" for=\"wpforms-272-field_1\">Indicatif <span class=\"wpforms-required-label\" aria-hidden=\"true\">*<\/span><\/label><input type=\"text\" id=\"wpforms-272-field_1\" class=\"wpforms-field-medium wpforms-field-required\" name=\"wpforms[fields][1]\" aria-errormessage=\"wpforms-272-field_1-error\" required><\/div>\t\t<div id=\"wpforms-272-field_4-container\"\n\t\t\tclass=\"wpforms-field wpforms-field-text\"\n\t\t\tdata-field-type=\"text\"\n\t\t\tdata-field-id=\"4\"\n\t\t\t>\n\t\t\t<label class=\"wpforms-field-label\" for=\"wpforms-272-field_4\" >Awards &#8230;&#8230;.. Indicatif<\/label>\n\t\t\t<input type=\"text\" id=\"wpforms-272-field_4\" class=\"wpforms-field-medium\" name=\"wpforms[fields][4]\" >\n\t\t<\/div>\n\t\t<div id=\"wpforms-272-field_2-container\" class=\"wpforms-field wpforms-field-email\" data-field-id=\"2\"><label class=\"wpforms-field-label\" for=\"wpforms-272-field_2\">E-mail <span class=\"wpforms-required-label\" aria-hidden=\"true\">*<\/span><\/label><input type=\"email\" id=\"wpforms-272-field_2\" class=\"wpforms-field-medium wpforms-field-required\" name=\"wpforms[fields][2]\" spellcheck=\"false\" aria-errormessage=\"wpforms-272-field_2-error\" required><\/div><div id=\"wpforms-272-field_3-container\" class=\"wpforms-field wpforms-field-textarea\" data-field-id=\"3\"><label class=\"wpforms-field-label\" for=\"wpforms-272-field_3\">Souhait des Awards : &#8230;&#8230;.. <span class=\"wpforms-required-label\" aria-hidden=\"true\">*<\/span><\/label><textarea id=\"wpforms-272-field_3\" class=\"wpforms-field-medium wpforms-field-required\" name=\"wpforms[fields][3]\" aria-errormessage=\"wpforms-272-field_3-error\" required><\/textarea><\/div><script>\n\t\t\t\t( function() {\n\t\t\t\t\tconst style = document.createElement( 'style' );\n\t\t\t\t\tstyle.appendChild( document.createTextNode( '#wpforms-272-field_4-container { position: absolute !important; overflow: hidden !important; display: inline !important; height: 1px !important; width: 1px !important; z-index: -1000 !important; padding: 0 !important; } #wpforms-272-field_4-container input { visibility: hidden; } #wpforms-conversational-form-page #wpforms-272-field_4-container label { counter-increment: none; }' ) );\n\t\t\t\t\tdocument.head.appendChild( style );\n\t\t\t\t\tdocument.currentScript?.remove();\n\t\t\t\t} )();\n\t\t\t<\/script><\/div><!-- .wpforms-field-container --><div class=\"wpforms-submit-container\" ><input type=\"hidden\" name=\"wpforms[id]\" value=\"272\"><input type=\"hidden\" name=\"page_title\" value=\"\"><input type=\"hidden\" name=\"page_url\" value=\"https:\/\/f6kop.com\/index.php\/wp-json\/wp\/v2\/pages\/23\"><input type=\"hidden\" name=\"url_referer\" value=\"\"><button type=\"submit\" name=\"wpforms[submit]\" id=\"wpforms-submit-272\" class=\"wpforms-submit\" data-alt-text=\"Envoi...\" data-submit-text=\"Envoyer\" aria-live=\"assertive\" value=\"wpforms-submit\">Envoyer<\/button><img loading=\"lazy\" decoding=\"async\" src=\"https:\/\/f6kop.com\/wp-content\/plugins\/wpforms-lite\/assets\/images\/submit-spin.svg\" class=\"wpforms-submit-spinner\" style=\"display: none;\" width=\"26\" height=\"26\" alt=\"Chargement en cours\"><\/div><\/form><\/div>  <!-- .wpforms-container -->\n\n\n<figure class=\"wp-block-image size-large\"><img loading=\"lazy\" decoding=\"async\" width=\"1024\" height=\"724\" src=\"https:\/\/f6kop.com\/wp-content\/uploads\/2026\/02\/10exped-1-1024x724.jpg\" alt=\"\" class=\"wp-image-251\" srcset=\"https:\/\/f6kop.com\/wp-content\/uploads\/2026\/02\/10exped-1-1024x724.jpg 1024w, https:\/\/f6kop.com\/wp-content\/uploads\/2026\/02\/10exped-1-300x212.jpg 300w, https:\/\/f6kop.com\/wp-content\/uploads\/2026\/02\/10exped-1-768x543.jpg 768w, https:\/\/f6kop.com\/wp-content\/uploads\/2026\/02\/10exped-1-1536x1086.jpg 1536w, https:\/\/f6kop.com\/wp-content\/uploads\/2026\/02\/10exped-1-2048x1448.jpg 2048w, https:\/\/f6kop.com\/wp-content\/uploads\/2026\/02\/10exped-1-1140x806.jpg 1140w\" sizes=\"auto, (max-width: 1024px) 100vw, 1024px\" \/><\/figure>\n\n\n\n<figure class=\"wp-block-image size-large\"><img loading=\"lazy\" decoding=\"async\" width=\"1024\" height=\"724\" src=\"https:\/\/f6kop.com\/wp-content\/uploads\/2026\/02\/50states-1024x724.jpg\" alt=\"\" class=\"wp-image-252\" srcset=\"https:\/\/f6kop.com\/wp-content\/uploads\/2026\/02\/50states-1024x724.jpg 1024w, https:\/\/f6kop.com\/wp-content\/uploads\/2026\/02\/50states-300x212.jpg 300w, https:\/\/f6kop.com\/wp-content\/uploads\/2026\/02\/50states-768x543.jpg 768w, https:\/\/f6kop.com\/wp-content\/uploads\/2026\/02\/50states-1536x1086.jpg 1536w, https:\/\/f6kop.com\/wp-content\/uploads\/2026\/02\/50states-2048x1448.jpg 2048w, https:\/\/f6kop.com\/wp-content\/uploads\/2026\/02\/50states-1140x806.jpg 1140w\" sizes=\"auto, (max-width: 1024px) 100vw, 1024px\" \/><\/figure>\n\n\n\n<p><\/p>\n\n\n\n<figure class=\"wp-block-image size-large\"><img loading=\"lazy\" decoding=\"async\" width=\"1024\" height=\"724\" src=\"https:\/\/f6kop.com\/wp-content\/uploads\/2026\/02\/50XCC-2-1024x724.jpg\" alt=\"\" class=\"wp-image-253\" srcset=\"https:\/\/f6kop.com\/wp-content\/uploads\/2026\/02\/50XCC-2-1024x724.jpg 1024w, https:\/\/f6kop.com\/wp-content\/uploads\/2026\/02\/50XCC-2-300x212.jpg 300w, https:\/\/f6kop.com\/wp-content\/uploads\/2026\/02\/50XCC-2-768x543.jpg 768w, https:\/\/f6kop.com\/wp-content\/uploads\/2026\/02\/50XCC-2-1536x1086.jpg 1536w, https:\/\/f6kop.com\/wp-content\/uploads\/2026\/02\/50XCC-2-2048x1448.jpg 2048w, https:\/\/f6kop.com\/wp-content\/uploads\/2026\/02\/50XCC-2-1140x806.jpg 1140w\" sizes=\"auto, (max-width: 1024px) 100vw, 1024px\" \/><\/figure>\n\n\n\n<p><\/p>\n\n\n\n<figure class=\"wp-block-image size-large\"><img loading=\"lazy\" decoding=\"async\" width=\"1024\" height=\"724\" src=\"https:\/\/f6kop.com\/wp-content\/uploads\/2026\/02\/100ota-1-1024x724.jpg\" alt=\"\" class=\"wp-image-255\" srcset=\"https:\/\/f6kop.com\/wp-content\/uploads\/2026\/02\/100ota-1-1024x724.jpg 1024w, https:\/\/f6kop.com\/wp-content\/uploads\/2026\/02\/100ota-1-300x212.jpg 300w, https:\/\/f6kop.com\/wp-content\/uploads\/2026\/02\/100ota-1-768x543.jpg 768w, https:\/\/f6kop.com\/wp-content\/uploads\/2026\/02\/100ota-1-1536x1086.jpg 1536w, https:\/\/f6kop.com\/wp-content\/uploads\/2026\/02\/100ota-1-2048x1448.jpg 2048w, https:\/\/f6kop.com\/wp-content\/uploads\/2026\/02\/100ota-1-1140x806.jpg 1140w\" sizes=\"auto, (max-width: 1024px) 100vw, 1024px\" \/><\/figure>\n\n\n\n<p><\/p>\n\n\n\n<figure class=\"wp-block-image size-large\"><img loading=\"lazy\" decoding=\"async\" width=\"1024\" height=\"724\" src=\"https:\/\/f6kop.com\/wp-content\/uploads\/2026\/02\/100XCC-1024x724.jpg\" alt=\"\" class=\"wp-image-256\" srcset=\"https:\/\/f6kop.com\/wp-content\/uploads\/2026\/02\/100XCC-1024x724.jpg 1024w, https:\/\/f6kop.com\/wp-content\/uploads\/2026\/02\/100XCC-300x212.jpg 300w, https:\/\/f6kop.com\/wp-content\/uploads\/2026\/02\/100XCC-768x543.jpg 768w, https:\/\/f6kop.com\/wp-content\/uploads\/2026\/02\/100XCC-1536x1086.jpg 1536w, https:\/\/f6kop.com\/wp-content\/uploads\/2026\/02\/100XCC-2048x1448.jpg 2048w, https:\/\/f6kop.com\/wp-content\/uploads\/2026\/02\/100XCC-1140x806.jpg 1140w\" sizes=\"auto, (max-width: 1024px) 100vw, 1024px\" \/><\/figure>\n\n\n\n<p><\/p>\n\n\n\n<figure class=\"wp-block-image size-large\"><img loading=\"lazy\" decoding=\"async\" width=\"1024\" height=\"724\" src=\"https:\/\/f6kop.com\/wp-content\/uploads\/2026\/02\/150XCC-1024x724.jpg\" alt=\"\" class=\"wp-image-257\" srcset=\"https:\/\/f6kop.com\/wp-content\/uploads\/2026\/02\/150XCC-1024x724.jpg 1024w, https:\/\/f6kop.com\/wp-content\/uploads\/2026\/02\/150XCC-300x212.jpg 300w, https:\/\/f6kop.com\/wp-content\/uploads\/2026\/02\/150XCC-768x543.jpg 768w, https:\/\/f6kop.com\/wp-content\/uploads\/2026\/02\/150XCC-1536x1086.jpg 1536w, https:\/\/f6kop.com\/wp-content\/uploads\/2026\/02\/150XCC-2048x1448.jpg 2048w, https:\/\/f6kop.com\/wp-content\/uploads\/2026\/02\/150XCC-1140x806.jpg 1140w\" sizes=\"auto, (max-width: 1024px) 100vw, 1024px\" \/><\/figure>\n\n\n\n<p><\/p>\n\n\n\n<figure class=\"wp-block-image size-large\"><img loading=\"lazy\" decoding=\"async\" width=\"1024\" height=\"724\" src=\"https:\/\/f6kop.com\/wp-content\/uploads\/2026\/02\/200iota-1024x724.jpg\" alt=\"\" class=\"wp-image-258\" srcset=\"https:\/\/f6kop.com\/wp-content\/uploads\/2026\/02\/200iota-1024x724.jpg 1024w, https:\/\/f6kop.com\/wp-content\/uploads\/2026\/02\/200iota-300x212.jpg 300w, https:\/\/f6kop.com\/wp-content\/uploads\/2026\/02\/200iota-768x543.jpg 768w, https:\/\/f6kop.com\/wp-content\/uploads\/2026\/02\/200iota-1536x1086.jpg 1536w, https:\/\/f6kop.com\/wp-content\/uploads\/2026\/02\/200iota-2048x1448.jpg 2048w, https:\/\/f6kop.com\/wp-content\/uploads\/2026\/02\/200iota-1140x806.jpg 1140w\" sizes=\"auto, (max-width: 1024px) 100vw, 1024px\" \/><\/figure>\n\n\n\n<p><\/p>\n\n\n\n<figure class=\"wp-block-image size-large\"><img loading=\"lazy\" decoding=\"async\" width=\"1024\" height=\"724\" src=\"https:\/\/f6kop.com\/wp-content\/uploads\/2026\/02\/200XCC-1024x724.jpg\" alt=\"\" class=\"wp-image-259\" srcset=\"https:\/\/f6kop.com\/wp-content\/uploads\/2026\/02\/200XCC-1024x724.jpg 1024w, https:\/\/f6kop.com\/wp-content\/uploads\/2026\/02\/200XCC-300x212.jpg 300w, https:\/\/f6kop.com\/wp-content\/uploads\/2026\/02\/200XCC-768x543.jpg 768w, https:\/\/f6kop.com\/wp-content\/uploads\/2026\/02\/200XCC-1536x1086.jpg 1536w, https:\/\/f6kop.com\/wp-content\/uploads\/2026\/02\/200XCC-2048x1448.jpg 2048w, https:\/\/f6kop.com\/wp-content\/uploads\/2026\/02\/200XCC-1140x806.jpg 1140w\" sizes=\"auto, (max-width: 1024px) 100vw, 1024px\" \/><\/figure>\n\n\n\n<p><\/p>\n\n\n\n<figure class=\"wp-block-image size-large\"><img loading=\"lazy\" decoding=\"async\" width=\"1024\" height=\"724\" src=\"https:\/\/f6kop.com\/wp-content\/uploads\/2026\/02\/250DXCC-copie-1-1024x724.jpg\" alt=\"\" class=\"wp-image-262\" srcset=\"https:\/\/f6kop.com\/wp-content\/uploads\/2026\/02\/250DXCC-copie-1-1024x724.jpg 1024w, https:\/\/f6kop.com\/wp-content\/uploads\/2026\/02\/250DXCC-copie-1-300x212.jpg 300w, https:\/\/f6kop.com\/wp-content\/uploads\/2026\/02\/250DXCC-copie-1-768x543.jpg 768w, https:\/\/f6kop.com\/wp-content\/uploads\/2026\/02\/250DXCC-copie-1-1536x1086.jpg 1536w, https:\/\/f6kop.com\/wp-content\/uploads\/2026\/02\/250DXCC-copie-1-2048x1448.jpg 2048w, https:\/\/f6kop.com\/wp-content\/uploads\/2026\/02\/250DXCC-copie-1-1140x806.jpg 1140w\" sizes=\"auto, (max-width: 1024px) 100vw, 1024px\" \/><\/figure>\n\n\n\n<p><\/p>\n\n\n\n<figure class=\"wp-block-image size-large\"><img loading=\"lazy\" decoding=\"async\" width=\"1024\" height=\"724\" src=\"https:\/\/f6kop.com\/wp-content\/uploads\/2026\/02\/300DXCC-1024x724.jpg\" alt=\"\" class=\"wp-image-261\" srcset=\"https:\/\/f6kop.com\/wp-content\/uploads\/2026\/02\/300DXCC-1024x724.jpg 1024w, https:\/\/f6kop.com\/wp-content\/uploads\/2026\/02\/300DXCC-300x212.jpg 300w, https:\/\/f6kop.com\/wp-content\/uploads\/2026\/02\/300DXCC-768x543.jpg 768w, https:\/\/f6kop.com\/wp-content\/uploads\/2026\/02\/300DXCC-1536x1086.jpg 1536w, https:\/\/f6kop.com\/wp-content\/uploads\/2026\/02\/300DXCC-2048x1448.jpg 2048w, https:\/\/f6kop.com\/wp-content\/uploads\/2026\/02\/300DXCC-1140x806.jpg 1140w\" sizes=\"auto, (max-width: 1024px) 100vw, 1024px\" \/><\/figure>\n\n\n\n<p><\/p>\n\n\n\n<figure class=\"wp-block-image size-large\"><img loading=\"lazy\" decoding=\"async\" width=\"1024\" height=\"724\" src=\"https:\/\/f6kop.com\/wp-content\/uploads\/2026\/02\/300ota-1024x724.jpg\" alt=\"\" class=\"wp-image-263\" srcset=\"https:\/\/f6kop.com\/wp-content\/uploads\/2026\/02\/300ota-1024x724.jpg 1024w, https:\/\/f6kop.com\/wp-content\/uploads\/2026\/02\/300ota-300x212.jpg 300w, https:\/\/f6kop.com\/wp-content\/uploads\/2026\/02\/300ota-768x543.jpg 768w, https:\/\/f6kop.com\/wp-content\/uploads\/2026\/02\/300ota-1536x1086.jpg 1536w, https:\/\/f6kop.com\/wp-content\/uploads\/2026\/02\/300ota-2048x1448.jpg 2048w, https:\/\/f6kop.com\/wp-content\/uploads\/2026\/02\/300ota-1140x806.jpg 1140w\" sizes=\"auto, (max-width: 1024px) 100vw, 1024px\" \/><\/figure>\n\n\n\n<p><\/p>\n\n\n\n<figure class=\"wp-block-image size-large\"><img loading=\"lazy\" decoding=\"async\" width=\"1024\" height=\"724\" src=\"https:\/\/f6kop.com\/wp-content\/uploads\/2026\/02\/330DXCC-1-1024x724.jpg\" alt=\"\" class=\"wp-image-265\" srcset=\"https:\/\/f6kop.com\/wp-content\/uploads\/2026\/02\/330DXCC-1-1024x724.jpg 1024w, https:\/\/f6kop.com\/wp-content\/uploads\/2026\/02\/330DXCC-1-300x212.jpg 300w, https:\/\/f6kop.com\/wp-content\/uploads\/2026\/02\/330DXCC-1-768x543.jpg 768w, https:\/\/f6kop.com\/wp-content\/uploads\/2026\/02\/330DXCC-1-1536x1086.jpg 1536w, https:\/\/f6kop.com\/wp-content\/uploads\/2026\/02\/330DXCC-1-2048x1448.jpg 2048w, https:\/\/f6kop.com\/wp-content\/uploads\/2026\/02\/330DXCC-1-1140x806.jpg 1140w\" sizes=\"auto, (max-width: 1024px) 100vw, 1024px\" \/><\/figure>\n\n\n\n<p><\/p>\n\n\n\n<figure class=\"wp-block-image size-large\"><img loading=\"lazy\" decoding=\"async\" width=\"1024\" height=\"724\" src=\"https:\/\/f6kop.com\/wp-content\/uploads\/2026\/02\/contest10-1024x724.jpg\" alt=\"\" class=\"wp-image-266\" srcset=\"https:\/\/f6kop.com\/wp-content\/uploads\/2026\/02\/contest10-1024x724.jpg 1024w, https:\/\/f6kop.com\/wp-content\/uploads\/2026\/02\/contest10-300x212.jpg 300w, https:\/\/f6kop.com\/wp-content\/uploads\/2026\/02\/contest10-768x543.jpg 768w, https:\/\/f6kop.com\/wp-content\/uploads\/2026\/02\/contest10-1536x1086.jpg 1536w, https:\/\/f6kop.com\/wp-content\/uploads\/2026\/02\/contest10-2048x1448.jpg 2048w, https:\/\/f6kop.com\/wp-content\/uploads\/2026\/02\/contest10-1140x806.jpg 1140w\" sizes=\"auto, (max-width: 1024px) 100vw, 1024px\" \/><\/figure>\n\n\n\n<p><\/p>\n\n\n\n<figure class=\"wp-block-image size-large\"><img loading=\"lazy\" decoding=\"async\" width=\"1024\" height=\"724\" src=\"https:\/\/f6kop.com\/wp-content\/uploads\/2026\/02\/vhf40-1024x724.jpg\" alt=\"\" class=\"wp-image-267\" srcset=\"https:\/\/f6kop.com\/wp-content\/uploads\/2026\/02\/vhf40-1024x724.jpg 1024w, https:\/\/f6kop.com\/wp-content\/uploads\/2026\/02\/vhf40-300x212.jpg 300w, https:\/\/f6kop.com\/wp-content\/uploads\/2026\/02\/vhf40-768x543.jpg 768w, https:\/\/f6kop.com\/wp-content\/uploads\/2026\/02\/vhf40-1536x1086.jpg 1536w, https:\/\/f6kop.com\/wp-content\/uploads\/2026\/02\/vhf40-2048x1448.jpg 2048w, https:\/\/f6kop.com\/wp-content\/uploads\/2026\/02\/vhf40-1140x806.jpg 1140w\" sizes=\"auto, (max-width: 1024px) 100vw, 1024px\" \/><\/figure>\n","protected":false},"excerpt":{"rendered":"<p>Les awards F6KOP sont disponibles pour tous les membres \u00e0 jour de leur cotisation. Ils peuvent \u00eatre demand\u00e9s gratuitement au format num\u00e9rique. Pour les awards encadr\u00e9s ou sp\u00e9ciaux, soumis \u00e0 tarification, des justificatifs peuvent \u00eatre requis, tels que : Nous vous invitons \u00e0 formuler votre demande via le formulaire ci-joint. L\u2019award manager prendra rapidement contact avec vous pour traiter votre demande et vous fournir toutes les informations n\u00e9cessaires.<\/p>\n","protected":false},"author":1,"featured_media":0,"parent":0,"menu_order":0,"comment_status":"closed","ping_status":"closed","template":"","meta":{"footnotes":""},"class_list":["post-23","page","type-page","status-publish","hentry"],"_links":{"self":[{"href":"https:\/\/f6kop.com\/index.php\/wp-json\/wp\/v2\/pages\/23","targetHints":{"allow":["GET"]}}],"collection":[{"href":"https:\/\/f6kop.com\/index.php\/wp-json\/wp\/v2\/pages"}],"about":[{"href":"https:\/\/f6kop.com\/index.php\/wp-json\/wp\/v2\/types\/page"}],"author":[{"embeddable":true,"href":"https:\/\/f6kop.com\/index.php\/wp-json\/wp\/v2\/users\/1"}],"replies":[{"embeddable":true,"href":"https:\/\/f6kop.com\/index.php\/wp-json\/wp\/v2\/comments?post=23"}],"version-history":[{"count":6,"href":"https:\/\/f6kop.com\/index.php\/wp-json\/wp\/v2\/pages\/23\/revisions"}],"predecessor-version":[{"id":277,"href":"https:\/\/f6kop.com\/index.php\/wp-json\/wp\/v2\/pages\/23\/revisions\/277"}],"wp:attachment":[{"href":"https:\/\/f6kop.com\/index.php\/wp-json\/wp\/v2\/media?parent=23"}],"curies":[{"name":"wp","href":"https:\/\/api.w.org\/{rel}","templated":true}]}}