{"id":398,"date":"2026-02-08T12:35:47","date_gmt":"2026-02-08T11:35:47","guid":{"rendered":"http:\/\/f6kop.com\/?page_id=398"},"modified":"2026-03-25T12:58:03","modified_gmt":"2026-03-25T11:58:03","slug":"thf-corner","status":"publish","type":"page","link":"https:\/\/f6kop.com\/index.php\/thf-corner\/","title":{"rendered":"THF Corner"},"content":{"rendered":"\n<h3 class=\"wp-block-heading\">F6KOP et le trafic THF<\/h3>\n\n\n\n<p>Page Facebook de TM2A et TM9A <a href=\"https:\/\/www.facebook.com\/groups\/2678070635759167\/\">https:\/\/www.facebook.com\/groups\/2678070635759167\/<\/a><\/p>\n\n\n\n<figure class=\"wp-block-image size-large\"><img loading=\"lazy\" decoding=\"async\" width=\"1024\" height=\"576\" src=\"https:\/\/f6kop.com\/wp-content\/uploads\/2026\/02\/547508507_122172576026500232_3217697245767748350_n-1-1024x576.jpg\" alt=\"\" class=\"wp-image-423\" srcset=\"https:\/\/f6kop.com\/wp-content\/uploads\/2026\/02\/547508507_122172576026500232_3217697245767748350_n-1-1024x576.jpg 1024w, https:\/\/f6kop.com\/wp-content\/uploads\/2026\/02\/547508507_122172576026500232_3217697245767748350_n-1-300x169.jpg 300w, https:\/\/f6kop.com\/wp-content\/uploads\/2026\/02\/547508507_122172576026500232_3217697245767748350_n-1-768x432.jpg 768w, https:\/\/f6kop.com\/wp-content\/uploads\/2026\/02\/547508507_122172576026500232_3217697245767748350_n-1-1536x864.jpg 1536w, https:\/\/f6kop.com\/wp-content\/uploads\/2026\/02\/547508507_122172576026500232_3217697245767748350_n-1-1140x641.jpg 1140w, https:\/\/f6kop.com\/wp-content\/uploads\/2026\/02\/547508507_122172576026500232_3217697245767748350_n-1.jpg 2048w\" sizes=\"auto, (max-width: 1024px) 100vw, 1024px\" \/><\/figure>\n\n\n\n<p>F6KOP, c\u2019est avant tout des <strong>exp\u00e9ditions DX<\/strong> et des <strong>contests HF<\/strong>, mais le club \u0153uvre \u00e9galement <strong>depuis de nombreuses ann\u00e9es pour le trafic THF<\/strong>. Dans ce domaine, F6KOP participe r\u00e9guli\u00e8rement \u00e0 des comp\u00e9titions sous les indicatifs <strong>TM2A, TM9A<\/strong>, etc., que ce soit pour l\u2019<strong>IARU VHF<\/strong>, le <strong>Championnat de France VHF<\/strong>, le <strong>Bol d\u2019Or des QRP<\/strong>, ou d\u2019autres concours orient\u00e9s au-del\u00e0 de 144 MHz. Anim\u00e9s par un v\u00e9ritable <strong>esprit de comp\u00e9tition<\/strong>, nous consid\u00e9rons globalement <strong>l\u2019IARU VHF comme le c\u0153ur de notre mobilisation THF<\/strong>.<\/p>\n\n\n\n<p>Sous l\u2019impulsion de notre sp\u00e9cialiste reconnu <strong>F6JMT (Jo\u00ebl)<\/strong>, une \u00e9quipe exp\u00e9riment\u00e9e s\u2019est progressivement constitu\u00e9e et a pris de l\u2019ampleur dans ce domaine. Il n\u2019est pas rare de voir <strong>certains grands DX HF<\/strong> rejoindre les rangs derri\u00e8re la station concours de Jo\u00ebl, ce qui t\u00e9moigne du s\u00e9rieux et de la qualit\u00e9 de notre organisation.<\/p>\n\n\n\n<figure class=\"wp-block-image size-full\"><img loading=\"lazy\" decoding=\"async\" width=\"300\" height=\"225\" src=\"https:\/\/f6kop.com\/wp-content\/uploads\/2026\/02\/22.jpg\" alt=\"\" class=\"wp-image-424\"\/><\/figure>\n\n\n\n<p>Notre particularit\u00e9 r\u00e9side dans <strong>l\u2019int\u00e9gration de nouveaux adeptes chaque ann\u00e9e<\/strong>, afin de renforcer les rangs et de faire \u00e9voluer l\u2019\u00e9quipe. M\u00eame si la fibre du concours ne peut pas convenir \u00e0 tout le monde, nous croyons fermement que <strong>la pratique r\u00e9guli\u00e8re est la cl\u00e9 pour progresser<\/strong>. C\u2019est sur ce principe que KOP base ses activit\u00e9s THF, en m\u00ealant <strong>anciens de la vieille \u00e9cole et nouveaux talents<\/strong>.<\/p>\n\n\n\n<p>La v\u00e9ritable force de notre section THF est <strong>la station de Jo\u00ebl<\/strong>, mise au service de KOP et perfectionn\u00e9e ann\u00e9e apr\u00e8s ann\u00e9e. Elle est devenue une <strong>station de haute performance<\/strong>, avec un ensemble de d\u00e9tails techniques soigneusement \u00e9tudi\u00e9s. La VHF et l\u2019UHF sont <strong>des domaines de sp\u00e9cialistes<\/strong> : l\u2019installation, le montage et chaque param\u00e8tre technique sont cruciaux, et la moindre n\u00e9gligence peut avoir un impact direct sur la performance.<\/p>\n\n\n\n<p>En 2025, apr\u00e8s de nombreux essais sur diff\u00e9rents QTH, la constitution d\u2019\u00e9quipes, et la mise en place de tactiques de trafic, nous avons atteint notre objectif : <strong>\u00eatre la premi\u00e8re station fran\u00e7aise sur l\u2019IARU VHF<\/strong>. Nous comptons bien d\u00e9fendre ce titre face \u00e0 nos amis concurrents, tant le niveau est \u00e9lev\u00e9 au sommet du classement.<\/p>\n\n\n\n<p>N\u2019h\u00e9sitez pas \u00e0 <strong>contacter Jo\u00ebl, notre leader THF<\/strong>, pour entrer dans ce monde particulier. Ce domaine, parfois m\u00e9connu, reste une sph\u00e8re o\u00f9 la <strong>pr\u00e9paration, le montage et la rigueur<\/strong> ont un impact direct sur les r\u00e9sultats et o\u00f9 les passionn\u00e9s sont toujours pr\u00e9sents et impliqu\u00e9s.<\/p>\n\n\n\n<p>\u00c0 travers cette page, vous retrouverez <strong>les plus beaux souvenirs THF de KOP<\/strong>, ainsi que <strong>les r\u00e9compenses et distinctions<\/strong> que nous avons obtenues au fil des ann\u00e9es.<\/p>\n\n\n\n<hr class=\"wp-block-separator has-alpha-channel-opacity\"\/>\n\n\n\n<p><\/p>\n\n\n\n<p><\/p>\n\n\n\n<figure class=\"wp-block-gallery has-nested-images columns-default is-cropped wp-block-gallery-1 is-layout-flex wp-block-gallery-is-layout-flex\">\n<figure class=\"wp-block-image size-large\"><img loading=\"lazy\" decoding=\"async\" width=\"300\" height=\"225\" data-id=\"400\" src=\"https:\/\/f6kop.com\/wp-content\/uploads\/2026\/02\/20180708_170745-300x225-1.jpg\" alt=\"\" class=\"wp-image-400\"\/><\/figure>\n\n\n\n<figure class=\"wp-block-image size-large\"><img loading=\"lazy\" decoding=\"async\" width=\"300\" height=\"225\" data-id=\"402\" src=\"https:\/\/f6kop.com\/wp-content\/uploads\/2026\/02\/20220508_094324-300x225-1.jpg\" alt=\"\" class=\"wp-image-402\"\/><\/figure>\n\n\n\n<figure class=\"wp-block-image size-large\"><img loading=\"lazy\" decoding=\"async\" width=\"600\" height=\"450\" data-id=\"405\" src=\"https:\/\/f6kop.com\/wp-content\/uploads\/2026\/02\/371349066_6400443660068338_7103465650915781713_n.jpg\" alt=\"\" class=\"wp-image-405\" srcset=\"https:\/\/f6kop.com\/wp-content\/uploads\/2026\/02\/371349066_6400443660068338_7103465650915781713_n.jpg 600w, https:\/\/f6kop.com\/wp-content\/uploads\/2026\/02\/371349066_6400443660068338_7103465650915781713_n-300x225.jpg 300w\" sizes=\"auto, (max-width: 600px) 100vw, 600px\" \/><\/figure>\n\n\n\n<figure class=\"wp-block-image size-large\"><img loading=\"lazy\" decoding=\"async\" width=\"1024\" height=\"768\" data-id=\"404\" src=\"https:\/\/f6kop.com\/wp-content\/uploads\/2026\/02\/546522751_122172576356500232_2740494062974159983_n-1024x768.jpg\" alt=\"\" class=\"wp-image-404\" srcset=\"https:\/\/f6kop.com\/wp-content\/uploads\/2026\/02\/546522751_122172576356500232_2740494062974159983_n-1024x768.jpg 1024w, https:\/\/f6kop.com\/wp-content\/uploads\/2026\/02\/546522751_122172576356500232_2740494062974159983_n-300x225.jpg 300w, https:\/\/f6kop.com\/wp-content\/uploads\/2026\/02\/546522751_122172576356500232_2740494062974159983_n-768x576.jpg 768w, https:\/\/f6kop.com\/wp-content\/uploads\/2026\/02\/546522751_122172576356500232_2740494062974159983_n-1536x1152.jpg 1536w, https:\/\/f6kop.com\/wp-content\/uploads\/2026\/02\/546522751_122172576356500232_2740494062974159983_n-1140x855.jpg 1140w, https:\/\/f6kop.com\/wp-content\/uploads\/2026\/02\/546522751_122172576356500232_2740494062974159983_n.jpg 2048w\" sizes=\"auto, (max-width: 1024px) 100vw, 1024px\" \/><\/figure>\n\n\n\n<figure class=\"wp-block-image size-large\"><img loading=\"lazy\" decoding=\"async\" width=\"780\" height=\"768\" data-id=\"403\" src=\"https:\/\/f6kop.com\/wp-content\/uploads\/2026\/02\/546855888_122172574802500232_1551012685601134122_n.jpg\" alt=\"\" class=\"wp-image-403\" srcset=\"https:\/\/f6kop.com\/wp-content\/uploads\/2026\/02\/546855888_122172574802500232_1551012685601134122_n.jpg 780w, https:\/\/f6kop.com\/wp-content\/uploads\/2026\/02\/546855888_122172574802500232_1551012685601134122_n-300x295.jpg 300w, https:\/\/f6kop.com\/wp-content\/uploads\/2026\/02\/546855888_122172574802500232_1551012685601134122_n-768x756.jpg 768w, https:\/\/f6kop.com\/wp-content\/uploads\/2026\/02\/546855888_122172574802500232_1551012685601134122_n-75x75.jpg 75w\" sizes=\"auto, (max-width: 780px) 100vw, 780px\" \/><\/figure>\n\n\n\n<figure class=\"wp-block-image size-large\"><img loading=\"lazy\" decoding=\"async\" width=\"1024\" height=\"768\" data-id=\"401\" src=\"https:\/\/f6kop.com\/wp-content\/uploads\/2026\/02\/547206285_122172576062500232_3944637636622275742_n-1024x768.jpg\" alt=\"\" class=\"wp-image-401\" srcset=\"https:\/\/f6kop.com\/wp-content\/uploads\/2026\/02\/547206285_122172576062500232_3944637636622275742_n-1024x768.jpg 1024w, https:\/\/f6kop.com\/wp-content\/uploads\/2026\/02\/547206285_122172576062500232_3944637636622275742_n-300x225.jpg 300w, https:\/\/f6kop.com\/wp-content\/uploads\/2026\/02\/547206285_122172576062500232_3944637636622275742_n-768x576.jpg 768w, https:\/\/f6kop.com\/wp-content\/uploads\/2026\/02\/547206285_122172576062500232_3944637636622275742_n-1536x1152.jpg 1536w, https:\/\/f6kop.com\/wp-content\/uploads\/2026\/02\/547206285_122172576062500232_3944637636622275742_n-1140x855.jpg 1140w, https:\/\/f6kop.com\/wp-content\/uploads\/2026\/02\/547206285_122172576062500232_3944637636622275742_n.jpg 2048w\" sizes=\"auto, (max-width: 1024px) 100vw, 1024px\" \/><\/figure>\n\n\n\n<figure class=\"wp-block-image size-large\"><img loading=\"lazy\" decoding=\"async\" width=\"1024\" height=\"768\" data-id=\"408\" src=\"https:\/\/f6kop.com\/wp-content\/uploads\/2026\/02\/547310102_122172576050500232_1270235083078172221_n-1024x768.jpg\" alt=\"\" class=\"wp-image-408\" srcset=\"https:\/\/f6kop.com\/wp-content\/uploads\/2026\/02\/547310102_122172576050500232_1270235083078172221_n-1024x768.jpg 1024w, https:\/\/f6kop.com\/wp-content\/uploads\/2026\/02\/547310102_122172576050500232_1270235083078172221_n-300x225.jpg 300w, https:\/\/f6kop.com\/wp-content\/uploads\/2026\/02\/547310102_122172576050500232_1270235083078172221_n-768x576.jpg 768w, https:\/\/f6kop.com\/wp-content\/uploads\/2026\/02\/547310102_122172576050500232_1270235083078172221_n-1536x1152.jpg 1536w, https:\/\/f6kop.com\/wp-content\/uploads\/2026\/02\/547310102_122172576050500232_1270235083078172221_n-1140x855.jpg 1140w, https:\/\/f6kop.com\/wp-content\/uploads\/2026\/02\/547310102_122172576050500232_1270235083078172221_n.jpg 2048w\" sizes=\"auto, (max-width: 1024px) 100vw, 1024px\" \/><\/figure>\n\n\n\n<figure class=\"wp-block-image size-large\"><img loading=\"lazy\" decoding=\"async\" width=\"800\" height=\"600\" data-id=\"406\" src=\"https:\/\/f6kop.com\/wp-content\/uploads\/2026\/02\/547375473_122172574922500232_1684969989693914993_n.jpg\" alt=\"\" class=\"wp-image-406\" srcset=\"https:\/\/f6kop.com\/wp-content\/uploads\/2026\/02\/547375473_122172574922500232_1684969989693914993_n.jpg 800w, https:\/\/f6kop.com\/wp-content\/uploads\/2026\/02\/547375473_122172574922500232_1684969989693914993_n-300x225.jpg 300w, https:\/\/f6kop.com\/wp-content\/uploads\/2026\/02\/547375473_122172574922500232_1684969989693914993_n-768x576.jpg 768w\" sizes=\"auto, (max-width: 800px) 100vw, 800px\" \/><\/figure>\n\n\n\n<figure class=\"wp-block-image size-large\"><img loading=\"lazy\" decoding=\"async\" width=\"1024\" height=\"768\" data-id=\"407\" src=\"https:\/\/f6kop.com\/wp-content\/uploads\/2026\/02\/547500774_122172576332500232_1751065137156366289_n-1024x768.jpg\" alt=\"\" class=\"wp-image-407\" srcset=\"https:\/\/f6kop.com\/wp-content\/uploads\/2026\/02\/547500774_122172576332500232_1751065137156366289_n-1024x768.jpg 1024w, https:\/\/f6kop.com\/wp-content\/uploads\/2026\/02\/547500774_122172576332500232_1751065137156366289_n-300x225.jpg 300w, https:\/\/f6kop.com\/wp-content\/uploads\/2026\/02\/547500774_122172576332500232_1751065137156366289_n-768x576.jpg 768w, https:\/\/f6kop.com\/wp-content\/uploads\/2026\/02\/547500774_122172576332500232_1751065137156366289_n-1536x1152.jpg 1536w, https:\/\/f6kop.com\/wp-content\/uploads\/2026\/02\/547500774_122172576332500232_1751065137156366289_n-1140x855.jpg 1140w, https:\/\/f6kop.com\/wp-content\/uploads\/2026\/02\/547500774_122172576332500232_1751065137156366289_n.jpg 2048w\" sizes=\"auto, (max-width: 1024px) 100vw, 1024px\" \/><\/figure>\n\n\n\n<figure class=\"wp-block-image size-large\"><img loading=\"lazy\" decoding=\"async\" width=\"1024\" height=\"576\" data-id=\"409\" src=\"https:\/\/f6kop.com\/wp-content\/uploads\/2026\/02\/547508507_122172576026500232_3217697245767748350_n-1024x576.jpg\" alt=\"\" class=\"wp-image-409\" srcset=\"https:\/\/f6kop.com\/wp-content\/uploads\/2026\/02\/547508507_122172576026500232_3217697245767748350_n-1024x576.jpg 1024w, https:\/\/f6kop.com\/wp-content\/uploads\/2026\/02\/547508507_122172576026500232_3217697245767748350_n-300x169.jpg 300w, https:\/\/f6kop.com\/wp-content\/uploads\/2026\/02\/547508507_122172576026500232_3217697245767748350_n-768x432.jpg 768w, https:\/\/f6kop.com\/wp-content\/uploads\/2026\/02\/547508507_122172576026500232_3217697245767748350_n-1536x864.jpg 1536w, https:\/\/f6kop.com\/wp-content\/uploads\/2026\/02\/547508507_122172576026500232_3217697245767748350_n-1140x641.jpg 1140w, https:\/\/f6kop.com\/wp-content\/uploads\/2026\/02\/547508507_122172576026500232_3217697245767748350_n.jpg 2048w\" sizes=\"auto, (max-width: 1024px) 100vw, 1024px\" \/><\/figure>\n\n\n\n<figure class=\"wp-block-image size-large\"><img loading=\"lazy\" decoding=\"async\" width=\"1024\" height=\"576\" data-id=\"410\" src=\"https:\/\/f6kop.com\/wp-content\/uploads\/2026\/02\/548132343_122172576404500232_7978415198080207351_n.jpg\" alt=\"\" class=\"wp-image-410\" srcset=\"https:\/\/f6kop.com\/wp-content\/uploads\/2026\/02\/548132343_122172576404500232_7978415198080207351_n.jpg 1024w, https:\/\/f6kop.com\/wp-content\/uploads\/2026\/02\/548132343_122172576404500232_7978415198080207351_n-300x169.jpg 300w, https:\/\/f6kop.com\/wp-content\/uploads\/2026\/02\/548132343_122172576404500232_7978415198080207351_n-768x432.jpg 768w\" sizes=\"auto, (max-width: 1024px) 100vw, 1024px\" \/><\/figure>\n\n\n\n<figure class=\"wp-block-image size-large\"><img loading=\"lazy\" decoding=\"async\" width=\"1000\" height=\"750\" data-id=\"412\" src=\"https:\/\/f6kop.com\/wp-content\/uploads\/2026\/02\/548214684_122172576278500232_1059026294923031209_n.jpg\" alt=\"\" class=\"wp-image-412\" srcset=\"https:\/\/f6kop.com\/wp-content\/uploads\/2026\/02\/548214684_122172576278500232_1059026294923031209_n.jpg 1000w, https:\/\/f6kop.com\/wp-content\/uploads\/2026\/02\/548214684_122172576278500232_1059026294923031209_n-300x225.jpg 300w, https:\/\/f6kop.com\/wp-content\/uploads\/2026\/02\/548214684_122172576278500232_1059026294923031209_n-768x576.jpg 768w\" sizes=\"auto, (max-width: 1000px) 100vw, 1000px\" \/><\/figure>\n\n\n\n<figure class=\"wp-block-image size-large\"><img loading=\"lazy\" decoding=\"async\" width=\"1024\" height=\"768\" data-id=\"411\" src=\"https:\/\/f6kop.com\/wp-content\/uploads\/2026\/02\/548818571_122172576248500232_5609210327494495130_n-1024x768.jpg\" alt=\"\" class=\"wp-image-411\" srcset=\"https:\/\/f6kop.com\/wp-content\/uploads\/2026\/02\/548818571_122172576248500232_5609210327494495130_n-1024x768.jpg 1024w, https:\/\/f6kop.com\/wp-content\/uploads\/2026\/02\/548818571_122172576248500232_5609210327494495130_n-300x225.jpg 300w, https:\/\/f6kop.com\/wp-content\/uploads\/2026\/02\/548818571_122172576248500232_5609210327494495130_n-768x576.jpg 768w, https:\/\/f6kop.com\/wp-content\/uploads\/2026\/02\/548818571_122172576248500232_5609210327494495130_n-1536x1152.jpg 1536w, https:\/\/f6kop.com\/wp-content\/uploads\/2026\/02\/548818571_122172576248500232_5609210327494495130_n-1140x855.jpg 1140w, https:\/\/f6kop.com\/wp-content\/uploads\/2026\/02\/548818571_122172576248500232_5609210327494495130_n.jpg 2048w\" sizes=\"auto, (max-width: 1024px) 100vw, 1024px\" \/><\/figure>\n\n\n\n<figure class=\"wp-block-image size-large\"><img loading=\"lazy\" decoding=\"async\" width=\"1024\" height=\"768\" data-id=\"415\" src=\"https:\/\/f6kop.com\/wp-content\/uploads\/2026\/02\/549327860_122172576530500232_8019317982899328524_n-1024x768.jpg\" alt=\"\" class=\"wp-image-415\" srcset=\"https:\/\/f6kop.com\/wp-content\/uploads\/2026\/02\/549327860_122172576530500232_8019317982899328524_n-1024x768.jpg 1024w, https:\/\/f6kop.com\/wp-content\/uploads\/2026\/02\/549327860_122172576530500232_8019317982899328524_n-300x225.jpg 300w, https:\/\/f6kop.com\/wp-content\/uploads\/2026\/02\/549327860_122172576530500232_8019317982899328524_n-768x576.jpg 768w, https:\/\/f6kop.com\/wp-content\/uploads\/2026\/02\/549327860_122172576530500232_8019317982899328524_n-1536x1152.jpg 1536w, https:\/\/f6kop.com\/wp-content\/uploads\/2026\/02\/549327860_122172576530500232_8019317982899328524_n-1140x855.jpg 1140w, https:\/\/f6kop.com\/wp-content\/uploads\/2026\/02\/549327860_122172576530500232_8019317982899328524_n.jpg 2048w\" sizes=\"auto, (max-width: 1024px) 100vw, 1024px\" \/><\/figure>\n\n\n\n<figure class=\"wp-block-image size-large\"><img loading=\"lazy\" decoding=\"async\" width=\"1024\" height=\"768\" data-id=\"416\" src=\"https:\/\/f6kop.com\/wp-content\/uploads\/2026\/02\/550041759_122172576494500232_3640775842780367393_n-1024x768.jpg\" alt=\"\" class=\"wp-image-416\" srcset=\"https:\/\/f6kop.com\/wp-content\/uploads\/2026\/02\/550041759_122172576494500232_3640775842780367393_n-1024x768.jpg 1024w, https:\/\/f6kop.com\/wp-content\/uploads\/2026\/02\/550041759_122172576494500232_3640775842780367393_n-300x225.jpg 300w, https:\/\/f6kop.com\/wp-content\/uploads\/2026\/02\/550041759_122172576494500232_3640775842780367393_n-768x576.jpg 768w, https:\/\/f6kop.com\/wp-content\/uploads\/2026\/02\/550041759_122172576494500232_3640775842780367393_n-1536x1152.jpg 1536w, https:\/\/f6kop.com\/wp-content\/uploads\/2026\/02\/550041759_122172576494500232_3640775842780367393_n-1140x855.jpg 1140w, https:\/\/f6kop.com\/wp-content\/uploads\/2026\/02\/550041759_122172576494500232_3640775842780367393_n.jpg 2048w\" sizes=\"auto, (max-width: 1024px) 100vw, 1024px\" \/><\/figure>\n\n\n\n<figure class=\"wp-block-image size-large\"><img loading=\"lazy\" decoding=\"async\" width=\"300\" height=\"201\" data-id=\"414\" src=\"https:\/\/f6kop.com\/wp-content\/uploads\/2026\/02\/DSC_0073-300x201-1.jpg\" alt=\"\" class=\"wp-image-414\"\/><\/figure>\n\n\n\n<figure class=\"wp-block-image size-large\"><img loading=\"lazy\" decoding=\"async\" width=\"300\" height=\"201\" data-id=\"413\" src=\"https:\/\/f6kop.com\/wp-content\/uploads\/2026\/02\/DSC_0107-300x201-1.jpg\" alt=\"\" class=\"wp-image-413\"\/><\/figure>\n\n\n\n<figure class=\"wp-block-image size-large\"><img loading=\"lazy\" decoding=\"async\" width=\"768\" height=\"432\" data-id=\"417\" src=\"https:\/\/f6kop.com\/wp-content\/uploads\/2026\/02\/DSC_6392-768x432-1.jpg\" alt=\"\" class=\"wp-image-417\" srcset=\"https:\/\/f6kop.com\/wp-content\/uploads\/2026\/02\/DSC_6392-768x432-1.jpg 768w, https:\/\/f6kop.com\/wp-content\/uploads\/2026\/02\/DSC_6392-768x432-1-300x169.jpg 300w\" sizes=\"auto, (max-width: 768px) 100vw, 768px\" \/><\/figure>\n\n\n\n<figure class=\"wp-block-image size-large\"><img loading=\"lazy\" decoding=\"async\" width=\"768\" height=\"576\" data-id=\"418\" src=\"https:\/\/f6kop.com\/wp-content\/uploads\/2026\/02\/IMGP1714-768x576-1.jpg\" alt=\"\" class=\"wp-image-418\" srcset=\"https:\/\/f6kop.com\/wp-content\/uploads\/2026\/02\/IMGP1714-768x576-1.jpg 768w, https:\/\/f6kop.com\/wp-content\/uploads\/2026\/02\/IMGP1714-768x576-1-300x225.jpg 300w\" sizes=\"auto, (max-width: 768px) 100vw, 768px\" \/><\/figure>\n\n\n\n<figure class=\"wp-block-image size-large\"><img loading=\"lazy\" decoding=\"async\" width=\"768\" height=\"576\" data-id=\"419\" src=\"https:\/\/f6kop.com\/wp-content\/uploads\/2026\/02\/IMGP1715-768x576-1.jpg\" alt=\"\" class=\"wp-image-419\" srcset=\"https:\/\/f6kop.com\/wp-content\/uploads\/2026\/02\/IMGP1715-768x576-1.jpg 768w, https:\/\/f6kop.com\/wp-content\/uploads\/2026\/02\/IMGP1715-768x576-1-300x225.jpg 300w\" sizes=\"auto, (max-width: 768px) 100vw, 768px\" \/><\/figure>\n\n\n\n<figure class=\"wp-block-image size-large\"><img loading=\"lazy\" decoding=\"async\" width=\"768\" height=\"576\" data-id=\"420\" src=\"https:\/\/f6kop.com\/wp-content\/uploads\/2026\/02\/IMGP1724-768x576-1.jpg\" alt=\"\" class=\"wp-image-420\" srcset=\"https:\/\/f6kop.com\/wp-content\/uploads\/2026\/02\/IMGP1724-768x576-1.jpg 768w, https:\/\/f6kop.com\/wp-content\/uploads\/2026\/02\/IMGP1724-768x576-1-300x225.jpg 300w\" sizes=\"auto, (max-width: 768px) 100vw, 768px\" \/><\/figure>\n\n\n\n<figure class=\"wp-block-image size-large\"><img loading=\"lazy\" decoding=\"async\" width=\"768\" height=\"576\" data-id=\"421\" src=\"https:\/\/f6kop.com\/wp-content\/uploads\/2026\/02\/p3-768x576-1.jpg\" alt=\"\" class=\"wp-image-421\" srcset=\"https:\/\/f6kop.com\/wp-content\/uploads\/2026\/02\/p3-768x576-1.jpg 768w, https:\/\/f6kop.com\/wp-content\/uploads\/2026\/02\/p3-768x576-1-300x225.jpg 300w\" sizes=\"auto, (max-width: 768px) 100vw, 768px\" \/><\/figure>\n<\/figure>\n","protected":false},"excerpt":{"rendered":"<p>F6KOP et le trafic THF Page Facebook de TM2A et TM9A https:\/\/www.facebook.com\/groups\/2678070635759167\/ F6KOP, c\u2019est avant tout des exp\u00e9ditions DX et des contests HF, mais le club \u0153uvre \u00e9galement depuis de nombreuses ann\u00e9es pour le trafic THF. Dans ce domaine, F6KOP participe r\u00e9guli\u00e8rement \u00e0 des comp\u00e9titions sous les indicatifs TM2A, TM9A, etc., que ce soit pour l\u2019IARU VHF, le Championnat de France VHF, le Bol d\u2019Or des QRP, ou d\u2019autres concours orient\u00e9s au-del\u00e0 de 144 MHz. Anim\u00e9s par un v\u00e9ritable esprit de comp\u00e9tition, nous consid\u00e9rons globalement l\u2019IARU VHF comme le c\u0153ur de notre mobilisation THF. Sous l\u2019impulsion de notre sp\u00e9cialiste reconnu F6JMT (Jo\u00ebl), une \u00e9quipe exp\u00e9riment\u00e9e s\u2019est progressivement constitu\u00e9e et a pris de l\u2019ampleur dans ce domaine. Il n\u2019est pas rare de voir certains grands DX HF rejoindre les rangs derri\u00e8re la station concours de Jo\u00ebl, ce qui t\u00e9moigne du s\u00e9rieux et de la qualit\u00e9 de notre organisation. Notre particularit\u00e9 r\u00e9side dans l\u2019int\u00e9gration de nouveaux adeptes chaque ann\u00e9e, afin de renforcer les rangs et de faire \u00e9voluer l\u2019\u00e9quipe. M\u00eame si la fibre du concours ne peut pas convenir \u00e0 tout le monde, nous croyons fermement que la pratique r\u00e9guli\u00e8re est la cl\u00e9 pour progresser. C\u2019est sur ce principe que KOP base ses activit\u00e9s THF, en m\u00ealant anciens de la vieille \u00e9cole et nouveaux talents. La v\u00e9ritable force de notre section THF est la station de Jo\u00ebl, mise au service de KOP et perfectionn\u00e9e ann\u00e9e apr\u00e8s ann\u00e9e. Elle est devenue une station de haute performance, avec un ensemble de d\u00e9tails techniques soigneusement \u00e9tudi\u00e9s. La VHF et l\u2019UHF sont des domaines de sp\u00e9cialistes : l\u2019installation, le montage et chaque param\u00e8tre technique sont cruciaux, et la moindre n\u00e9gligence peut avoir un impact direct sur la performance. En 2025, apr\u00e8s de nombreux essais sur diff\u00e9rents QTH, la constitution d\u2019\u00e9quipes, et la mise en place de tactiques de trafic, nous avons atteint notre objectif : \u00eatre la premi\u00e8re station fran\u00e7aise sur l\u2019IARU VHF. Nous comptons bien d\u00e9fendre ce titre face \u00e0 nos amis concurrents, tant le niveau est \u00e9lev\u00e9 au sommet du classement. N\u2019h\u00e9sitez pas \u00e0 contacter Jo\u00ebl, notre leader THF, pour entrer dans ce monde particulier. Ce domaine, parfois m\u00e9connu, reste une sph\u00e8re o\u00f9 la pr\u00e9paration, le montage et la rigueur ont un impact direct sur les r\u00e9sultats et o\u00f9 les passionn\u00e9s sont toujours pr\u00e9sents et impliqu\u00e9s. \u00c0 travers cette page, vous retrouverez les plus beaux souvenirs THF de KOP, ainsi que les r\u00e9compenses et distinctions que nous avons obtenues au fil des ann\u00e9es.<\/p>\n","protected":false},"author":2,"featured_media":0,"parent":0,"menu_order":0,"comment_status":"closed","ping_status":"closed","template":"","meta":{"footnotes":""},"class_list":["post-398","page","type-page","status-publish","hentry"],"_links":{"self":[{"href":"https:\/\/f6kop.com\/index.php\/wp-json\/wp\/v2\/pages\/398","targetHints":{"allow":["GET"]}}],"collection":[{"href":"https:\/\/f6kop.com\/index.php\/wp-json\/wp\/v2\/pages"}],"about":[{"href":"https:\/\/f6kop.com\/index.php\/wp-json\/wp\/v2\/types\/page"}],"author":[{"embeddable":true,"href":"https:\/\/f6kop.com\/index.php\/wp-json\/wp\/v2\/users\/2"}],"replies":[{"embeddable":true,"href":"https:\/\/f6kop.com\/index.php\/wp-json\/wp\/v2\/comments?post=398"}],"version-history":[{"count":3,"href":"https:\/\/f6kop.com\/index.php\/wp-json\/wp\/v2\/pages\/398\/revisions"}],"predecessor-version":[{"id":689,"href":"https:\/\/f6kop.com\/index.php\/wp-json\/wp\/v2\/pages\/398\/revisions\/689"}],"wp:attachment":[{"href":"https:\/\/f6kop.com\/index.php\/wp-json\/wp\/v2\/media?parent=398"}],"curies":[{"name":"wp","href":"https:\/\/api.w.org\/{rel}","templated":true}]}}