{"id":434,"date":"2026-02-08T13:32:23","date_gmt":"2026-02-08T12:32:23","guid":{"rendered":"http:\/\/f6kop.com\/?page_id=434"},"modified":"2026-02-08T13:37:55","modified_gmt":"2026-02-08T12:37:55","slug":"formation","status":"publish","type":"page","link":"https:\/\/f6kop.com\/index.php\/formation\/","title":{"rendered":"Formation"},"content":{"rendered":"\n<p><strong>La formation, c\u2019est important !<\/strong><\/p>\n\n\n\n<p>Bien que, de tout temps, le Radio Club de Provins ait su former et accompagner de nouveaux OM dans le passage de leur licence, le club a r\u00e9cemment <strong>restructur\u00e9 son approche p\u00e9dagogique<\/strong> afin d\u2019encadrer de mani\u00e8re plus s\u00e9rieuse la pr\u00e9paration \u00e0 la certification. Transmettre le savoir n\u2019est pas donn\u00e9 \u00e0 tout le monde. On peut avoir une exp\u00e9rience reconnue de tous, mais ne pas poss\u00e9der la fibre pour <strong>transmettre efficacement son savoir<\/strong>, ou ne pas ma\u00eetriser les bases n\u00e9cessaires pour d\u00e9crocher le fameux s\u00e9same.<\/p>\n\n\n\n<p>C\u2019est pourquoi nous avons mis en place une <strong>cellule de formation<\/strong> g\u00e9r\u00e9e de main de ma\u00eetre par une \u00e9quipe d\u00e9di\u00e9e : Juan F4JCT et Jos\u00e9 F4IEL, ainsi que J\u00e9r\u00f4me F4JTL qui, via F4KNQ au Lyc\u00e9e Polyvalent Les Pannevelles, en face des locaux de KOP, initie les jeunes au radioamateurisme.<\/p>\n\n\n\n<figure class=\"wp-block-image size-full\"><img loading=\"lazy\" decoding=\"async\" width=\"828\" height=\"600\" src=\"https:\/\/f6kop.com\/wp-content\/uploads\/2026\/02\/Les-admirables-F6KOP.jpg\" alt=\"\" class=\"wp-image-435\" srcset=\"https:\/\/f6kop.com\/wp-content\/uploads\/2026\/02\/Les-admirables-F6KOP.jpg 828w, https:\/\/f6kop.com\/wp-content\/uploads\/2026\/02\/Les-admirables-F6KOP-300x217.jpg 300w, https:\/\/f6kop.com\/wp-content\/uploads\/2026\/02\/Les-admirables-F6KOP-768x557.jpg 768w\" sizes=\"auto, (max-width: 828px) 100vw, 828px\" \/><\/figure>\n\n\n\n<p><\/p>\n\n\n\n<p><\/p>\n\n\n\n<p>Le <strong>Radio Club de Provins (F6KOP)<\/strong> dispose d\u2019un \u00e9quipement moderne pour aider au passage de la licence et transmettre les \u00e9l\u00e9ments indispensables, tant sur le plan <strong>l\u00e9gislatif que technique<\/strong>. Un espace de formation d\u00e9di\u00e9, dot\u00e9 d\u2019une structure physique compl\u00e8te, est \u00e0 disposition : salle de cours, vid\u00e9oprojecteur et \u00e9quipements informatiques sp\u00e9cialis\u00e9s.<\/p>\n\n\n\n<figure class=\"wp-block-embed is-type-video is-provider-youtube wp-block-embed-youtube wp-embed-aspect-16-9 wp-has-aspect-ratio\"><div class=\"wp-block-embed__wrapper\">\n<iframe loading=\"lazy\" title=\"F6KOP - Laur\u00e9at J&#039;aime mon territoire 2023\" width=\"960\" height=\"540\" src=\"https:\/\/www.youtube.com\/embed\/eTLFs3nTbFM?feature=oembed\" frameborder=\"0\" allow=\"accelerometer; autoplay; clipboard-write; encrypted-media; gyroscope; picture-in-picture; web-share\" referrerpolicy=\"strict-origin-when-cross-origin\" allowfullscreen><\/iframe>\n<\/div><\/figure>\n\n\n\n<p><\/p>\n\n\n\n<p><\/p>\n\n\n\n<p>Chaque <strong>week-end<\/strong>, et notamment le samedi matin, F6KOP vous accueille pour vous guider <strong>\u00e9tape par \u00e9tape<\/strong>, afin de mieux comprendre et ma\u00eetriser l\u2019essentiel pour devenir radioamateur. Selon votre implication et votre motivation, une premi\u00e8re \u00e9valuation sera r\u00e9alis\u00e9e pour adapter la formation \u00e0 vos besoins.<\/p>\n\n\n\n<p>Les <strong>sessions du samedi<\/strong> sont dispens\u00e9es en groupe, suivant un planning pr\u00e9cis et structur\u00e9. Notre m\u00e9thode permet de <strong>comprendre les sujets techniques<\/strong> plut\u00f4t que d\u2019apprendre \u201cb\u00eatement\u201d par c\u0153ur. Forts de plusieurs sessions, un nombre important de candidats ont d\u00e9j\u00e0 d\u00e9croch\u00e9 leur licence gr\u00e2ce \u00e0 la formation KOP.<\/p>\n\n\n\n<p>Obtenir la licence est <strong>une obligation pour \u00e9mettre<\/strong>, mais pour nous, ce n\u2019est qu\u2019une premi\u00e8re \u00e9tape. Comme pour le permis de conduire, <strong>la pratique permet de continuer \u00e0 progresser<\/strong>. Nous accompagnons donc les \u00e9l\u00e8ves dans l\u2019approche de la chasse au DXCC, l\u2019utilisation d\u2019outils informatiques tels que les logiciels LOG, ainsi que la participation aux concours, si le candidat est int\u00e9ress\u00e9 par cette facette de notre passion.<\/p>\n\n\n\n<p>F6KOP milite pour <strong>une approche diff\u00e9rente de la formation<\/strong>. Notre vision de la licence est totalement diff\u00e9rente de ce qui est propos\u00e9 aujourd\u2019hui. Nous souhaitons et nous allons nous battre pour que <strong>les radio-clubs puissent, un jour, faire passer la licence eux-m\u00eames<\/strong>, et que le pr\u00e9sident d\u2019un club puisse valider directement un candidat. Nous esp\u00e9rons \u00e9galement voir \u00e9merger en France des notions de <strong>licence \u00e0 \u00e9tages<\/strong>, comme aux \u00c9tats-Unis. De nombreux dialogues sont d\u00e9j\u00e0 en cours avec le REF sur ce sujet.<\/p>\n\n\n\n<p>N\u2019h\u00e9sitez pas \u00e0 <strong>prendre contact avec notre \u00e9quipe de formation<\/strong> et, surtout, \u00e0 franchir la porte du Radio Club ! Que vous soyez simple curieux, \u00e9couteur, cibiste, amateur de chasse sur 11 m\u00e8tres, jeune ou ancien, <strong>la Maison des Radioamateurs de Provins est ouverte \u00e0 tous<\/strong>. Nous serons heureux de vous apporter l\u2019aide n\u00e9cessaire pour progresser.<\/p>\n\n\n\n<p>\u00c0 bient\u00f4t dans notre salle de cours !<\/p>\n\n\n<style id=\"wpforms-css-vars-438-block-7b2cb415-c9b1-4839-a1b1-e1ce60942ea0\">\n\t\t\t\t#wpforms-438.wpforms-block-7b2cb415-c9b1-4839-a1b1-e1ce60942ea0 {\n\t\t\t\t--wpforms-field-size-input-height: 43px;\n--wpforms-field-size-input-spacing: 15px;\n--wpforms-field-size-font-size: 16px;\n--wpforms-field-size-line-height: 19px;\n--wpforms-field-size-padding-h: 14px;\n--wpforms-field-size-checkbox-size: 16px;\n--wpforms-field-size-sublabel-spacing: 5px;\n--wpforms-field-size-icon-size: 1;\n--wpforms-label-size-font-size: 16px;\n--wpforms-label-size-line-height: 19px;\n--wpforms-label-size-sublabel-font-size: 14px;\n--wpforms-label-size-sublabel-line-height: 17px;\n--wpforms-button-size-font-size: 17px;\n--wpforms-button-size-height: 41px;\n--wpforms-button-size-padding-h: 15px;\n--wpforms-button-size-margin-top: 10px;\n\t\t\t}\n\t\t\t<\/style><div class=\"wpforms-container wpforms-container-full wpforms-block wpforms-block-7b2cb415-c9b1-4839-a1b1-e1ce60942ea0 wpforms-render-modern\" id=\"wpforms-438\"><form id=\"wpforms-form-438\" class=\"wpforms-validate wpforms-form wpforms-ajax-form\" data-formid=\"438\" method=\"post\" enctype=\"multipart\/form-data\" action=\"\/index.php\/wp-json\/wp\/v2\/pages\/434\" data-token=\"8e850a30f471b29e03ff75785ef0055f\" data-token-time=\"1778474424\"><noscript class=\"wpforms-error-noscript\">Veuillez activer JavaScript dans votre navigateur pour remplir ce formulaire.<\/noscript><div id=\"wpforms-error-noscript\" style=\"display: none;\">Veuillez activer JavaScript dans votre navigateur pour remplir ce formulaire.<\/div><div class=\"wpforms-field-container\">\t\t<div id=\"wpforms-438-field_6-container\"\n\t\t\tclass=\"wpforms-field wpforms-field-text\"\n\t\t\tdata-field-type=\"text\"\n\t\t\tdata-field-id=\"6\"\n\t\t\t>\n\t\t\t<label class=\"wpforms-field-label\" for=\"wpforms-438-field_6\" >Choix de multiple<\/label>\n\t\t\t<input type=\"text\" id=\"wpforms-438-field_6\" class=\"wpforms-field-medium\" name=\"wpforms[fields][6]\" >\n\t\t<\/div>\n\t\t<div id=\"wpforms-438-field_1-container\" class=\"wpforms-field wpforms-field-name\" data-field-id=\"1\"><fieldset><legend class=\"wpforms-field-label\">Nom <span class=\"wpforms-required-label\" aria-hidden=\"true\">*<\/span><\/legend><div class=\"wpforms-field-row wpforms-field-medium\"><div class=\"wpforms-field-row-block wpforms-first wpforms-one-half\"><input type=\"text\" id=\"wpforms-438-field_1\" class=\"wpforms-field-name-first wpforms-field-required\" name=\"wpforms[fields][1][first]\" aria-errormessage=\"wpforms-438-field_1-error\" required><label for=\"wpforms-438-field_1\" class=\"wpforms-field-sublabel after\">Pr\u00e9nom<\/label><\/div><div class=\"wpforms-field-row-block wpforms-one-half\"><input type=\"text\" id=\"wpforms-438-field_1-last\" class=\"wpforms-field-name-last wpforms-field-required\" name=\"wpforms[fields][1][last]\" aria-errormessage=\"wpforms-438-field_1-last-error\" required><label for=\"wpforms-438-field_1-last\" class=\"wpforms-field-sublabel after\">Nom<\/label><\/div><\/div><\/fieldset><\/div><div id=\"wpforms-438-field_4-container\" class=\"wpforms-field wpforms-field-text\" data-field-id=\"4\"><label class=\"wpforms-field-label\" for=\"wpforms-438-field_4\">Numero de telephone <\/label><input type=\"text\" id=\"wpforms-438-field_4\" class=\"wpforms-field-medium\" name=\"wpforms[fields][4]\" aria-errormessage=\"wpforms-438-field_4-error\" ><\/div><div id=\"wpforms-438-field_2-container\" class=\"wpforms-field wpforms-field-email\" data-field-id=\"2\"><label class=\"wpforms-field-label\" for=\"wpforms-438-field_2\">E-mail <span class=\"wpforms-required-label\" aria-hidden=\"true\">*<\/span><\/label><input type=\"email\" id=\"wpforms-438-field_2\" class=\"wpforms-field-medium wpforms-field-required\" name=\"wpforms[fields][2]\" spellcheck=\"false\" aria-errormessage=\"wpforms-438-field_2-error\" required><\/div><div id=\"wpforms-438-field_5-container\" class=\"wpforms-field wpforms-field-radio\" data-field-id=\"5\"><fieldset><legend class=\"wpforms-field-label\">Choix multiple<\/legend><ul id=\"wpforms-438-field_5\"><li class=\"choice-1 depth-1\"><input type=\"radio\" id=\"wpforms-438-field_5_1\" name=\"wpforms[fields][5]\" value=\"Je suis Radioamateur\" aria-errormessage=\"wpforms-438-field_5_1-error\"  ><label class=\"wpforms-field-label-inline\" for=\"wpforms-438-field_5_1\">Je suis Radioamateur<\/label><\/li><li class=\"choice-2 depth-1\"><input type=\"radio\" id=\"wpforms-438-field_5_2\" name=\"wpforms[fields][5]\" value=\"Je souhaite devenir Radioamateur\" aria-errormessage=\"wpforms-438-field_5_2-error\"  ><label class=\"wpforms-field-label-inline\" for=\"wpforms-438-field_5_2\">Je souhaite devenir Radioamateur<\/label><\/li><li class=\"choice-3 depth-1\"><input type=\"radio\" id=\"wpforms-438-field_5_3\" name=\"wpforms[fields][5]\" value=\"Je souhaite etre former au contest\" aria-errormessage=\"wpforms-438-field_5_3-error\"  ><label class=\"wpforms-field-label-inline\" for=\"wpforms-438-field_5_3\">Je souhaite etre former au contest<\/label><\/li><li class=\"choice-4 depth-1\"><input type=\"radio\" id=\"wpforms-438-field_5_4\" name=\"wpforms[fields][5]\" value=\"Je souhaite en aprendre plus sur les logiciel de log etc..\" aria-errormessage=\"wpforms-438-field_5_4-error\"  ><label class=\"wpforms-field-label-inline\" for=\"wpforms-438-field_5_4\">Je souhaite en aprendre plus sur les logiciel de log etc..<\/label><\/li><\/ul><\/fieldset><\/div><div id=\"wpforms-438-field_3-container\" class=\"wpforms-field wpforms-field-textarea\" data-field-id=\"3\"><label class=\"wpforms-field-label\" for=\"wpforms-438-field_3\">Commentaire ou message<\/label><textarea id=\"wpforms-438-field_3\" class=\"wpforms-field-medium\" name=\"wpforms[fields][3]\" aria-errormessage=\"wpforms-438-field_3-error\" ><\/textarea><\/div><script>\n\t\t\t\t( function() {\n\t\t\t\t\tconst style = document.createElement( 'style' );\n\t\t\t\t\tstyle.appendChild( document.createTextNode( '#wpforms-438-field_6-container { position: absolute !important; overflow: hidden !important; display: inline !important; height: 1px !important; width: 1px !important; z-index: -1000 !important; padding: 0 !important; } #wpforms-438-field_6-container input { visibility: hidden; } #wpforms-conversational-form-page #wpforms-438-field_6-container label { counter-increment: none; }' ) );\n\t\t\t\t\tdocument.head.appendChild( style );\n\t\t\t\t\tdocument.currentScript?.remove();\n\t\t\t\t} )();\n\t\t\t<\/script><\/div><!-- .wpforms-field-container --><div class=\"wpforms-submit-container\" ><input type=\"hidden\" name=\"wpforms[id]\" value=\"438\"><input type=\"hidden\" name=\"page_title\" value=\"\"><input type=\"hidden\" name=\"page_url\" value=\"https:\/\/f6kop.com\/index.php\/wp-json\/wp\/v2\/pages\/434\"><input type=\"hidden\" name=\"url_referer\" value=\"\"><button type=\"submit\" name=\"wpforms[submit]\" id=\"wpforms-submit-438\" class=\"wpforms-submit\" data-alt-text=\"Envoi...\" data-submit-text=\"Envoyer\" aria-live=\"assertive\" value=\"wpforms-submit\">Envoyer<\/button><img loading=\"lazy\" decoding=\"async\" src=\"https:\/\/f6kop.com\/wp-content\/plugins\/wpforms-lite\/assets\/images\/submit-spin.svg\" class=\"wpforms-submit-spinner\" style=\"display: none;\" width=\"26\" height=\"26\" alt=\"Chargement en cours\"><\/div><\/form><\/div>  <!-- .wpforms-container -->","protected":false},"excerpt":{"rendered":"<p>La formation, c\u2019est important ! Bien que, de tout temps, le Radio Club de Provins ait su former et accompagner de nouveaux OM dans le passage de leur licence, le club a r\u00e9cemment restructur\u00e9 son approche p\u00e9dagogique afin d\u2019encadrer de mani\u00e8re plus s\u00e9rieuse la pr\u00e9paration \u00e0 la certification. Transmettre le savoir n\u2019est pas donn\u00e9 \u00e0 tout le monde. On peut avoir une exp\u00e9rience reconnue de tous, mais ne pas poss\u00e9der la fibre pour transmettre efficacement son savoir, ou ne pas ma\u00eetriser les bases n\u00e9cessaires pour d\u00e9crocher le fameux s\u00e9same. C\u2019est pourquoi nous avons mis en place une cellule de formation g\u00e9r\u00e9e de main de ma\u00eetre par une \u00e9quipe d\u00e9di\u00e9e : Juan F4JCT et Jos\u00e9 F4IEL, ainsi que J\u00e9r\u00f4me F4JTL qui, via F4KNQ au Lyc\u00e9e Polyvalent Les Pannevelles, en face des locaux de KOP, initie les jeunes au radioamateurisme. Le Radio Club de Provins (F6KOP) dispose d\u2019un \u00e9quipement moderne pour aider au passage de la licence et transmettre les \u00e9l\u00e9ments indispensables, tant sur le plan l\u00e9gislatif que technique. Un espace de formation d\u00e9di\u00e9, dot\u00e9 d\u2019une structure physique compl\u00e8te, est \u00e0 disposition : salle de cours, vid\u00e9oprojecteur et \u00e9quipements informatiques sp\u00e9cialis\u00e9s. Chaque week-end, et notamment le samedi matin, F6KOP vous accueille pour vous guider \u00e9tape par \u00e9tape, afin de mieux comprendre et ma\u00eetriser l\u2019essentiel pour devenir radioamateur. Selon votre implication et votre motivation, une premi\u00e8re \u00e9valuation sera r\u00e9alis\u00e9e pour adapter la formation \u00e0 vos besoins. Les sessions du samedi sont dispens\u00e9es en groupe, suivant un planning pr\u00e9cis et structur\u00e9. Notre m\u00e9thode permet de comprendre les sujets techniques plut\u00f4t que d\u2019apprendre \u201cb\u00eatement\u201d par c\u0153ur. Forts de plusieurs sessions, un nombre important de candidats ont d\u00e9j\u00e0 d\u00e9croch\u00e9 leur licence gr\u00e2ce \u00e0 la formation KOP. Obtenir la licence est une obligation pour \u00e9mettre, mais pour nous, ce n\u2019est qu\u2019une premi\u00e8re \u00e9tape. Comme pour le permis de conduire, la pratique permet de continuer \u00e0 progresser. Nous accompagnons donc les \u00e9l\u00e8ves dans l\u2019approche de la chasse au DXCC, l\u2019utilisation d\u2019outils informatiques tels que les logiciels LOG, ainsi que la participation aux concours, si le candidat est int\u00e9ress\u00e9 par cette facette de notre passion. F6KOP milite pour une approche diff\u00e9rente de la formation. Notre vision de la licence est totalement diff\u00e9rente de ce qui est propos\u00e9 aujourd\u2019hui. Nous souhaitons et nous allons nous battre pour que les radio-clubs puissent, un jour, faire passer la licence eux-m\u00eames, et que le pr\u00e9sident d\u2019un club puisse valider directement un candidat. Nous esp\u00e9rons \u00e9galement voir \u00e9merger en France des notions de licence \u00e0 \u00e9tages, comme aux \u00c9tats-Unis. De nombreux dialogues sont d\u00e9j\u00e0 en cours avec le REF sur ce sujet. N\u2019h\u00e9sitez pas \u00e0 prendre contact avec notre \u00e9quipe de formation et, surtout, \u00e0 franchir la porte du Radio Club ! Que vous soyez simple curieux, \u00e9couteur, cibiste, amateur de chasse sur 11 m\u00e8tres, jeune ou ancien, la Maison des Radioamateurs de Provins est ouverte \u00e0 tous. Nous serons heureux de vous apporter l\u2019aide n\u00e9cessaire pour progresser. \u00c0 bient\u00f4t dans notre salle de cours !<\/p>\n","protected":false},"author":2,"featured_media":0,"parent":0,"menu_order":0,"comment_status":"closed","ping_status":"closed","template":"","meta":{"footnotes":""},"class_list":["post-434","page","type-page","status-publish","hentry"],"_links":{"self":[{"href":"https:\/\/f6kop.com\/index.php\/wp-json\/wp\/v2\/pages\/434","targetHints":{"allow":["GET"]}}],"collection":[{"href":"https:\/\/f6kop.com\/index.php\/wp-json\/wp\/v2\/pages"}],"about":[{"href":"https:\/\/f6kop.com\/index.php\/wp-json\/wp\/v2\/types\/page"}],"author":[{"embeddable":true,"href":"https:\/\/f6kop.com\/index.php\/wp-json\/wp\/v2\/users\/2"}],"replies":[{"embeddable":true,"href":"https:\/\/f6kop.com\/index.php\/wp-json\/wp\/v2\/comments?post=434"}],"version-history":[{"count":3,"href":"https:\/\/f6kop.com\/index.php\/wp-json\/wp\/v2\/pages\/434\/revisions"}],"predecessor-version":[{"id":443,"href":"https:\/\/f6kop.com\/index.php\/wp-json\/wp\/v2\/pages\/434\/revisions\/443"}],"wp:attachment":[{"href":"https:\/\/f6kop.com\/index.php\/wp-json\/wp\/v2\/media?parent=434"}],"curies":[{"name":"wp","href":"https:\/\/api.w.org\/{rel}","templated":true}]}}