{"id":45,"date":"2026-01-12T09:18:10","date_gmt":"2026-01-12T09:18:10","guid":{"rendered":"http:\/\/f6kop.com\/?page_id=45"},"modified":"2026-03-30T14:15:57","modified_gmt":"2026-03-30T12:15:57","slug":"merite-kop","status":"publish","type":"page","link":"https:\/\/f6kop.com\/index.php\/merite-kop\/","title":{"rendered":"M\u00e9rite KOP"},"content":{"rendered":"\n<p><strong>Le M\u00e9rite de KOP<\/strong> est une distinction honorifique attribu\u00e9e chaque ann\u00e9e par le radio-club F6KOP. Il r\u00e9compense un ou plusieurs membres s\u2019\u00e9tant particuli\u00e8rement investis, de pr\u00e8s ou de loin, dans la vie et la repr\u00e9sentation du radio-club. Cette reconnaissance met \u00e0 l\u2019honneur les activit\u00e9s men\u00e9es tout au long de l\u2019ann\u00e9e, telles que la participation active aux contests, l\u2019organisation ou la prise part \u00e0 des exp\u00e9ditions, les actions techniques, la formation, ainsi que toute initiative contribuant au rayonnement et au dynamisme du club. Le M\u00e9rite de KOP souligne ainsi l\u2019engagement, l\u2019esprit radioamateur et le b\u00e9n\u00e9volat au service de la communaut\u00e9 F6KOP.<\/p>\n\n\n\n<p><\/p>\n\n\n\n<figure class=\"wp-block-image size-full\"><img loading=\"lazy\" decoding=\"async\" width=\"806\" height=\"353\" src=\"https:\/\/f6kop.com\/wp-content\/uploads\/2026\/02\/merite.jpg\" alt=\"\" class=\"wp-image-586\" srcset=\"https:\/\/f6kop.com\/wp-content\/uploads\/2026\/02\/merite.jpg 806w, https:\/\/f6kop.com\/wp-content\/uploads\/2026\/02\/merite-300x131.jpg 300w, https:\/\/f6kop.com\/wp-content\/uploads\/2026\/02\/merite-768x336.jpg 768w\" sizes=\"auto, (max-width: 806px) 100vw, 806px\" \/><\/figure>\n\n\n\n<h3 class=\"wp-block-heading\"><strong>2025<\/strong><\/h3>\n\n\n\n<ul class=\"wp-block-list\">\n<li>DL3GA<\/li>\n\n\n\n<li>F1DHX<\/li>\n\n\n\n<li>F4LFH<\/li>\n\n\n\n<li>F4HRG<\/li>\n\n\n\n<li>F4HZR<\/li>\n\n\n\n<li>F4KLR Appra 62<\/li>\n\n\n\n<li>F4LHR<\/li>\n\n\n\n<li>F4LPZ<\/li>\n\n\n\n<li>F8DGY<\/li>\n\n\n\n<li>FP5AC<\/li>\n<\/ul>\n\n\n\n<hr class=\"wp-block-separator has-alpha-channel-opacity\"\/>\n\n\n\n<h3 class=\"wp-block-heading\"><strong>2024<\/strong><\/h3>\n\n\n\n<ul class=\"wp-block-list\">\n<li>Isabelle PERIGAULT<\/li>\n\n\n\n<li>F4HHL<\/li>\n\n\n\n<li>TU5JZ<\/li>\n\n\n\n<li>F4JTL<\/li>\n\n\n\n<li>F6KJS<\/li>\n\n\n\n<li>F4GDI<\/li>\n\n\n\n<li>F6BCW<\/li>\n\n\n\n<li>F4JWI<\/li>\n\n\n\n<li>F5RZU<\/li>\n\n\n\n<li>TU2JZ<\/li>\n\n\n\n<li>F6KJS<\/li>\n\n\n\n<li>F8KHO<\/li>\n<\/ul>\n\n\n\n<hr class=\"wp-block-separator has-alpha-channel-opacity\"\/>\n\n\n\n<h3 class=\"wp-block-heading\"> <strong>2023<\/strong><\/h3>\n\n\n\n<ul class=\"wp-block-list\">\n<li>F8GGV<\/li>\n\n\n\n<li>F8EFU<\/li>\n\n\n\n<li>F5ANZ<\/li>\n\n\n\n<li>F8ATM<\/li>\n\n\n\n<li>F4IEY<\/li>\n\n\n\n<li>F5MJV<\/li>\n\n\n\n<li>F4KIY<\/li>\n\n\n\n<li>F4KLW<\/li>\n\n\n\n<li>F4LHI<\/li>\n<\/ul>\n\n\n\n<hr class=\"wp-block-separator has-alpha-channel-opacity\"\/>\n\n\n\n<h3 class=\"wp-block-heading\"> <strong>2022<\/strong><\/h3>\n\n\n\n<ul class=\"wp-block-list\">\n<li>F5JBT<\/li>\n\n\n\n<li>F4JCT<\/li>\n\n\n\n<li>F1FUJ<\/li>\n\n\n\n<li>F5NTZ<\/li>\n\n\n\n<li>F5RQQ<\/li>\n\n\n\n<li>F5NGA<\/li>\n\n\n\n<li>F5NDA<\/li>\n\n\n\n<li>HB9GWJ<\/li>\n<\/ul>\n\n\n\n<hr class=\"wp-block-separator has-alpha-channel-opacity\"\/>\n\n\n\n<h3 class=\"wp-block-heading\"> <strong>2019<\/strong><\/h3>\n\n\n\n<ul class=\"wp-block-list\">\n<li>F5GSJ<\/li>\n\n\n\n<li>F5JDL<\/li>\n\n\n\n<li>REF<\/li>\n\n\n\n<li>ON4QX<\/li>\n\n\n\n<li>F4GYM<\/li>\n\n\n\n<li>F4IDS<\/li>\n\n\n\n<li>Olivier LAVENKA<\/li>\n<\/ul>\n\n\n\n<hr class=\"wp-block-separator has-alpha-channel-opacity\"\/>\n\n\n\n<h3 class=\"wp-block-heading\"> <strong>2018<\/strong><\/h3>\n\n\n\n<ul class=\"wp-block-list\">\n<li>F5UOW<\/li>\n\n\n\n<li>F5HPE<\/li>\n\n\n\n<li>F1HRE<\/li>\n\n\n\n<li>ON7RN<\/li>\n<\/ul>\n\n\n\n<hr class=\"wp-block-separator has-alpha-channel-opacity\"\/>\n\n\n\n<h3 class=\"wp-block-heading\"> <strong>2017<\/strong><\/h3>\n\n\n\n<ul class=\"wp-block-list\">\n<li>F4AZF<\/li>\n\n\n\n<li>F8FKI<\/li>\n\n\n\n<li>F6AOJ<\/li>\n\n\n\n<li>F4GTB<\/li>\n\n\n\n<li>F4DLM<\/li>\n\n\n\n<li>F4DSE<\/li>\n<\/ul>\n\n\n\n<hr class=\"wp-block-separator has-alpha-channel-opacity\"\/>\n\n\n\n<h3 class=\"wp-block-heading\"> <strong>2016<\/strong><\/h3>\n\n\n\n<ul class=\"wp-block-list\">\n<li>EA3NT<\/li>\n\n\n\n<li>F2DX<\/li>\n\n\n\n<li>F4BKV<\/li>\n\n\n\n<li>F4FET<\/li>\n\n\n\n<li>F4HAU<\/li>\n\n\n\n<li>F5CWU<\/li>\n\n\n\n<li>F5PTM<\/li>\n\n\n\n<li>F5ROP<\/li>\n\n\n\n<li>F6BEE<\/li>\n<\/ul>\n\n\n\n<hr class=\"wp-block-separator has-alpha-channel-opacity\"\/>\n\n\n\n<h3 class=\"wp-block-heading\"> <strong>2015<\/strong><\/h3>\n\n\n\n<ul class=\"wp-block-list\">\n<li>F1ULQ<\/li>\n\n\n\n<li>F4HLB<\/li>\n\n\n\n<li>F5IUW<\/li>\n\n\n\n<li>F5IYU<\/li>\n\n\n\n<li>F5MFV<\/li>\n\n\n\n<li>F6KFH<\/li>\n\n\n\n<li>F5RAB<\/li>\n\n\n\n<li>F6BBO<\/li>\n\n\n\n<li>F6DVH<\/li>\n\n\n\n<li>F6FOJ<\/li>\n\n\n\n<li>FR5GS<\/li>\n\n\n\n<li>IU0BMX<\/li>\n<\/ul>\n\n\n\n<hr class=\"wp-block-separator has-alpha-channel-opacity\"\/>\n\n\n\n<h3 class=\"wp-block-heading\"> <strong>2014<\/strong><\/h3>\n\n\n\n<ul class=\"wp-block-list\">\n<li>F0EBS<\/li>\n\n\n\n<li>F11JFP<\/li>\n\n\n\n<li>F1NGP<\/li>\n\n\n\n<li>ARSM 77<\/li>\n\n\n\n<li>F4HHY<\/li>\n\n\n\n<li>F5AGB<\/li>\n\n\n\n<li>F5LSK<\/li>\n\n\n\n<li>F5VHQ<\/li>\n<\/ul>\n\n\n\n<hr class=\"wp-block-separator has-alpha-channel-opacity\"\/>\n\n\n\n<h3 class=\"wp-block-heading\"> <strong>2013<\/strong><\/h3>\n\n\n\n<ul class=\"wp-block-list\">\n<li>CDXC<\/li>\n\n\n\n<li>Christian JACOB<\/li>\n\n\n\n<li>F2VX<\/li>\n\n\n\n<li>F4AJQ<\/li>\n\n\n\n<li>F4TTR<\/li>\n\n\n\n<li>F5GVA<\/li>\n\n\n\n<li>F5NQL<\/li>\n\n\n\n<li>F5PBM<\/li>\n\n\n\n<li>F5UFX<\/li>\n\n\n\n<li>F6ELU<\/li>\n\n\n\n<li>F6JMT<\/li>\n\n\n\n<li>F8BJI<\/li>\n\n\n\n<li>F8WV<\/li>\n\n\n\n<li>F9IE<\/li>\n<\/ul>\n","protected":false},"excerpt":{"rendered":"<p>Le M\u00e9rite de KOP est une distinction honorifique attribu\u00e9e chaque ann\u00e9e par le radio-club F6KOP. Il r\u00e9compense un ou plusieurs membres s\u2019\u00e9tant particuli\u00e8rement investis, de pr\u00e8s ou de loin, dans la vie et la repr\u00e9sentation du radio-club. Cette reconnaissance met \u00e0 l\u2019honneur les activit\u00e9s men\u00e9es tout au long de l\u2019ann\u00e9e, telles que la participation active aux contests, l\u2019organisation ou la prise part \u00e0 des exp\u00e9ditions, les actions techniques, la formation, ainsi que toute initiative contribuant au rayonnement et au dynamisme du club. Le M\u00e9rite de KOP souligne ainsi l\u2019engagement, l\u2019esprit radioamateur et le b\u00e9n\u00e9volat au service de la communaut\u00e9 F6KOP. 2025 2024 2023 2022 2019 2018 2017 2016 2015 2014 2013<\/p>\n","protected":false},"author":1,"featured_media":0,"parent":0,"menu_order":0,"comment_status":"closed","ping_status":"closed","template":"","meta":{"footnotes":""},"class_list":["post-45","page","type-page","status-publish","hentry"],"_links":{"self":[{"href":"https:\/\/f6kop.com\/index.php\/wp-json\/wp\/v2\/pages\/45","targetHints":{"allow":["GET"]}}],"collection":[{"href":"https:\/\/f6kop.com\/index.php\/wp-json\/wp\/v2\/pages"}],"about":[{"href":"https:\/\/f6kop.com\/index.php\/wp-json\/wp\/v2\/types\/page"}],"author":[{"embeddable":true,"href":"https:\/\/f6kop.com\/index.php\/wp-json\/wp\/v2\/users\/1"}],"replies":[{"embeddable":true,"href":"https:\/\/f6kop.com\/index.php\/wp-json\/wp\/v2\/comments?post=45"}],"version-history":[{"count":6,"href":"https:\/\/f6kop.com\/index.php\/wp-json\/wp\/v2\/pages\/45\/revisions"}],"predecessor-version":[{"id":883,"href":"https:\/\/f6kop.com\/index.php\/wp-json\/wp\/v2\/pages\/45\/revisions\/883"}],"wp:attachment":[{"href":"https:\/\/f6kop.com\/index.php\/wp-json\/wp\/v2\/media?parent=45"}],"curies":[{"name":"wp","href":"https:\/\/api.w.org\/{rel}","templated":true}]}}