{"id":517,"date":"2026-02-08T14:11:27","date_gmt":"2026-02-08T13:11:27","guid":{"rendered":"http:\/\/f6kop.com\/?page_id=517"},"modified":"2026-02-08T14:11:27","modified_gmt":"2026-02-08T13:11:27","slug":"la-boutique-de-kop","status":"publish","type":"page","link":"https:\/\/f6kop.com\/index.php\/la-boutique-de-kop\/","title":{"rendered":"La boutique de KOP"},"content":{"rendered":"\n<p>KOP propose une <strong>liste d\u2019articles et de produits d\u00e9riv\u00e9s<\/strong> qui \u00e9volue r\u00e9guli\u00e8rement au fil du temps.<br>Nous vous invitons \u00e0 passer <strong>imp\u00e9rativement par le formulaire de vente en ligne<\/strong>. Une personne de l\u2019\u00e9quipe vous r\u00e9pondra afin de vous confirmer la <strong>disponibilit\u00e9 des articles<\/strong> composant votre commande.<\/p>\n\n\n\n<p>Pour les <strong>livraisons lors des salons<\/strong>, merci de consulter au pr\u00e9alable les actualit\u00e9s de KOP afin de v\u00e9rifier notre pr\u00e9sence sur l\u2019\u00e9v\u00e9nement concern\u00e9.<\/p>\n\n\n\n<p>Dans le cas d\u2019une commande comprenant <strong>plusieurs articles identiques<\/strong>, n\u2019oubliez pas de le pr\u00e9ciser clairement dans le champ \u00ab commentaires \u00bb du formulaire.<\/p>\n\n\n\n<p>Enfin, merci <strong>d\u2019attendre la confirmation de votre commande<\/strong> avant d\u2019effectuer votre paiement, que celui-ci soit r\u00e9alis\u00e9 par <strong>PayPal ou par ch\u00e8que<\/strong>.<\/p>\n\n\n<style id=\"wpforms-css-vars-482-block-e2648707-585f-4a52-8616-af79a9a9f3de\">\n\t\t\t\t#wpforms-482.wpforms-block-e2648707-585f-4a52-8616-af79a9a9f3de {\n\t\t\t\t--wpforms-field-size-input-height: 43px;\n--wpforms-field-size-input-spacing: 15px;\n--wpforms-field-size-font-size: 16px;\n--wpforms-field-size-line-height: 19px;\n--wpforms-field-size-padding-h: 14px;\n--wpforms-field-size-checkbox-size: 16px;\n--wpforms-field-size-sublabel-spacing: 5px;\n--wpforms-field-size-icon-size: 1;\n--wpforms-label-size-font-size: 16px;\n--wpforms-label-size-line-height: 19px;\n--wpforms-label-size-sublabel-font-size: 14px;\n--wpforms-label-size-sublabel-line-height: 17px;\n--wpforms-button-size-font-size: 17px;\n--wpforms-button-size-height: 41px;\n--wpforms-button-size-padding-h: 15px;\n--wpforms-button-size-margin-top: 10px;\n\t\t\t}\n\t\t\t<\/style><div class=\"wpforms-container wpforms-container-full wpforms-block wpforms-block-e2648707-585f-4a52-8616-af79a9a9f3de wpforms-render-modern\" id=\"wpforms-482\"><form id=\"wpforms-form-482\" class=\"wpforms-validate wpforms-form wpforms-ajax-form\" data-formid=\"482\" method=\"post\" enctype=\"multipart\/form-data\" action=\"\/index.php\/wp-json\/wp\/v2\/pages\/517\" data-token=\"833aeda6aa40d5bbc73859fa6422a00d\" data-token-time=\"1778474065\"><noscript class=\"wpforms-error-noscript\">Veuillez activer JavaScript dans votre navigateur pour remplir ce formulaire.<\/noscript><div id=\"wpforms-error-noscript\" style=\"display: none;\">Veuillez activer JavaScript dans votre navigateur pour remplir ce formulaire.<\/div><div class=\"wpforms-field-container\"><div id=\"wpforms-482-field_4-container\" class=\"wpforms-field wpforms-field-text\" data-field-id=\"4\"><label class=\"wpforms-field-label\" for=\"wpforms-482-field_4\">Indicatif<\/label><input type=\"text\" id=\"wpforms-482-field_4\" class=\"wpforms-field-medium\" name=\"wpforms[fields][4]\" aria-errormessage=\"wpforms-482-field_4-error\" ><\/div><div id=\"wpforms-482-field_1-container\" class=\"wpforms-field wpforms-field-name\" data-field-id=\"1\"><fieldset><legend class=\"wpforms-field-label\">Nom <span class=\"wpforms-required-label\" aria-hidden=\"true\">*<\/span><\/legend><div class=\"wpforms-field-row wpforms-field-medium\"><div class=\"wpforms-field-row-block wpforms-first wpforms-one-half\"><input type=\"text\" id=\"wpforms-482-field_1\" class=\"wpforms-field-name-first wpforms-field-required\" name=\"wpforms[fields][1][first]\" aria-errormessage=\"wpforms-482-field_1-error\" required><label for=\"wpforms-482-field_1\" class=\"wpforms-field-sublabel after\">Pr\u00e9nom<\/label><\/div><div class=\"wpforms-field-row-block wpforms-one-half\"><input type=\"text\" id=\"wpforms-482-field_1-last\" class=\"wpforms-field-name-last wpforms-field-required\" name=\"wpforms[fields][1][last]\" aria-errormessage=\"wpforms-482-field_1-last-error\" required><label for=\"wpforms-482-field_1-last\" class=\"wpforms-field-sublabel after\">Nom<\/label><\/div><\/div><\/fieldset><\/div><div id=\"wpforms-482-field_2-container\" class=\"wpforms-field wpforms-field-email\" data-field-id=\"2\"><label class=\"wpforms-field-label\" for=\"wpforms-482-field_2\">E-mail <span class=\"wpforms-required-label\" aria-hidden=\"true\">*<\/span><\/label><input type=\"email\" id=\"wpforms-482-field_2\" class=\"wpforms-field-medium wpforms-field-required\" name=\"wpforms[fields][2]\" spellcheck=\"false\" aria-errormessage=\"wpforms-482-field_2-error\" required><\/div><div id=\"wpforms-482-field_5-container\" class=\"wpforms-field wpforms-field-checkbox wpforms-list-3-columns\" data-field-id=\"5\"><fieldset><legend class=\"wpforms-field-label\">Articles<\/legend><ul id=\"wpforms-482-field_5\" class=\"wpforms-image-choices wpforms-image-choices-none\"><li class=\"choice-1 depth-1 wpforms-image-choices-item\"><label class=\"wpforms-field-label-inline\" for=\"wpforms-482-field_5_1\" tabindex=\"0\"><span class=\"wpforms-image-choices-image\"><img decoding=\"async\" src=\"https:\/\/f6kop.com\/wp-content\/uploads\/2026\/02\/pins.jpg\" alt=\"Pins (2\u20ac)\" title=\"Pins (2\u20ac)\"><\/span><br><input type=\"checkbox\" id=\"wpforms-482-field_5_1\" name=\"wpforms[fields][5][]\" value=\"Pins (2\u20ac)\" aria-errormessage=\"wpforms-482-field_5_1-error\" tabindex=\"-1\"  ><span class=\"wpforms-image-choices-label\">Pins (2\u20ac)<\/span><\/label><\/li><li class=\"choice-2 depth-1 wpforms-image-choices-item\"><label class=\"wpforms-field-label-inline\" for=\"wpforms-482-field_5_2\" tabindex=\"0\"><span class=\"wpforms-image-choices-image\"><img decoding=\"async\" src=\"https:\/\/f6kop.com\/wp-content\/uploads\/2026\/02\/casquette.jpg\" alt=\"Casquette (7\u20ac)\" title=\"Casquette (7\u20ac)\"><\/span><br><input type=\"checkbox\" id=\"wpforms-482-field_5_2\" name=\"wpforms[fields][5][]\" value=\"Casquette (7\u20ac)\" aria-errormessage=\"wpforms-482-field_5_2-error\" tabindex=\"-1\"  ><span class=\"wpforms-image-choices-label\">Casquette (7\u20ac)<\/span><\/label><\/li><li class=\"choice-3 depth-1 wpforms-image-choices-item\"><label class=\"wpforms-field-label-inline\" for=\"wpforms-482-field_5_3\" tabindex=\"0\"><span class=\"wpforms-image-choices-image\"><img decoding=\"async\" src=\"https:\/\/f6kop.com\/wp-content\/uploads\/2026\/02\/patch.jpg\" alt=\"Patch (3\u20ac)\" title=\"Patch (3\u20ac)\"><\/span><br><input type=\"checkbox\" id=\"wpforms-482-field_5_3\" name=\"wpforms[fields][5][]\" value=\"Patch (3\u20ac)\" aria-errormessage=\"wpforms-482-field_5_3-error\" tabindex=\"-1\"  ><span class=\"wpforms-image-choices-label\">Patch (3\u20ac)<\/span><\/label><\/li><li class=\"choice-4 depth-1 wpforms-image-choices-item\"><label class=\"wpforms-field-label-inline\" for=\"wpforms-482-field_5_4\" tabindex=\"0\"><span class=\"wpforms-image-choices-image\"><img decoding=\"async\" src=\"https:\/\/f6kop.com\/wp-content\/uploads\/2026\/02\/teeshirt3.jpg\" alt=\"Teeshirt (15\u20ac)\" title=\"Teeshirt (15\u20ac)\"><\/span><br><input type=\"checkbox\" id=\"wpforms-482-field_5_4\" name=\"wpforms[fields][5][]\" value=\"Teeshirt (15\u20ac)\" aria-errormessage=\"wpforms-482-field_5_4-error\" tabindex=\"-1\"  ><span class=\"wpforms-image-choices-label\">Teeshirt (15\u20ac)<\/span><\/label><\/li><li class=\"choice-5 depth-1 wpforms-image-choices-item\"><label class=\"wpforms-field-label-inline\" for=\"wpforms-482-field_5_5\" tabindex=\"0\"><span class=\"wpforms-image-choices-image\"><img decoding=\"async\" src=\"https:\/\/f6kop.com\/wp-content\/uploads\/2026\/02\/sac.jpg\" alt=\"Sac (5\u20ac)\" title=\"Sac (5\u20ac)\"><\/span><br><input type=\"checkbox\" id=\"wpforms-482-field_5_5\" name=\"wpforms[fields][5][]\" value=\"Sac (5\u20ac)\" aria-errormessage=\"wpforms-482-field_5_5-error\" tabindex=\"-1\"  ><span class=\"wpforms-image-choices-label\">Sac (5\u20ac)<\/span><\/label><\/li><li class=\"choice-6 depth-1 wpforms-image-choices-item\"><label class=\"wpforms-field-label-inline\" for=\"wpforms-482-field_5_6\" tabindex=\"0\"><span class=\"wpforms-image-choices-image\"><img decoding=\"async\" src=\"https:\/\/f6kop.com\/wp-content\/uploads\/2026\/02\/drapeau.jpg\" alt=\"Drapeau (25\u20ac)\" title=\"Drapeau (25\u20ac)\"><\/span><br><input type=\"checkbox\" id=\"wpforms-482-field_5_6\" name=\"wpforms[fields][5][]\" value=\"Drapeau (25\u20ac)\" aria-errormessage=\"wpforms-482-field_5_6-error\" tabindex=\"-1\"  ><span class=\"wpforms-image-choices-label\">Drapeau (25\u20ac)<\/span><\/label><\/li><li class=\"choice-7 depth-1 wpforms-image-choices-item\"><label class=\"wpforms-field-label-inline\" for=\"wpforms-482-field_5_7\" tabindex=\"0\"><span class=\"wpforms-image-choices-image\"><img decoding=\"async\" src=\"https:\/\/f6kop.com\/wp-content\/uploads\/2026\/02\/plaque-led.jpg\" alt=\"Plaque LED (40\u20ac)\" title=\"Plaque LED (40\u20ac)\"><\/span><br><input type=\"checkbox\" id=\"wpforms-482-field_5_7\" name=\"wpforms[fields][5][]\" value=\"Plaque LED (40\u20ac)\" aria-errormessage=\"wpforms-482-field_5_7-error\" tabindex=\"-1\"  ><span class=\"wpforms-image-choices-label\">Plaque LED (40\u20ac)<\/span><\/label><\/li><li class=\"choice-8 depth-1 wpforms-image-choices-item\"><label class=\"wpforms-field-label-inline\" for=\"wpforms-482-field_5_8\" tabindex=\"0\"><span class=\"wpforms-image-choices-image\"><img decoding=\"async\" src=\"https:\/\/f6kop.com\/wp-content\/uploads\/2026\/02\/porte-cle.jpg\" alt=\"Porte clef (1\u20ac)\" title=\"Porte clef (1\u20ac)\"><\/span><br><input type=\"checkbox\" id=\"wpforms-482-field_5_8\" name=\"wpforms[fields][5][]\" value=\"Porte clef (1\u20ac)\" aria-errormessage=\"wpforms-482-field_5_8-error\" tabindex=\"-1\"  ><span class=\"wpforms-image-choices-label\">Porte clef (1\u20ac)<\/span><\/label><\/li><\/ul><\/fieldset><\/div><div id=\"wpforms-482-field_6-container\" class=\"wpforms-field wpforms-field-checkbox\" data-field-id=\"6\"><fieldset><legend class=\"wpforms-field-label\">Taille pour Teeshirt <\/legend><ul id=\"wpforms-482-field_6\"><li class=\"choice-1 depth-1\"><input type=\"checkbox\" id=\"wpforms-482-field_6_1\" name=\"wpforms[fields][6][]\" value=\"M\" aria-errormessage=\"wpforms-482-field_6_1-error\"  ><label class=\"wpforms-field-label-inline\" for=\"wpforms-482-field_6_1\">M<\/label><\/li><li class=\"choice-2 depth-1\"><input type=\"checkbox\" id=\"wpforms-482-field_6_2\" name=\"wpforms[fields][6][]\" value=\"L\" aria-errormessage=\"wpforms-482-field_6_2-error\"  ><label class=\"wpforms-field-label-inline\" for=\"wpforms-482-field_6_2\">L<\/label><\/li><li class=\"choice-3 depth-1\"><input type=\"checkbox\" id=\"wpforms-482-field_6_3\" name=\"wpforms[fields][6][]\" value=\"XL\" aria-errormessage=\"wpforms-482-field_6_3-error\"  ><label class=\"wpforms-field-label-inline\" for=\"wpforms-482-field_6_3\">XL<\/label><\/li><li class=\"choice-4 depth-1\"><input type=\"checkbox\" id=\"wpforms-482-field_6_4\" name=\"wpforms[fields][6][]\" value=\"XXL\" aria-errormessage=\"wpforms-482-field_6_4-error\"  ><label class=\"wpforms-field-label-inline\" for=\"wpforms-482-field_6_4\">XXL<\/label><\/li><li class=\"choice-5 depth-1\"><input type=\"checkbox\" id=\"wpforms-482-field_6_5\" name=\"wpforms[fields][6][]\" value=\"XXXL\" aria-errormessage=\"wpforms-482-field_6_5-error\"  ><label class=\"wpforms-field-label-inline\" for=\"wpforms-482-field_6_5\">XXXL<\/label><\/li><li class=\"choice-6 depth-1\"><input type=\"checkbox\" id=\"wpforms-482-field_6_6\" name=\"wpforms[fields][6][]\" value=\"XXXXXL\" aria-errormessage=\"wpforms-482-field_6_6-error\"  ><label class=\"wpforms-field-label-inline\" for=\"wpforms-482-field_6_6\">XXXXXL<\/label><\/li><\/ul><\/fieldset><\/div><div id=\"wpforms-482-field_7-container\" class=\"wpforms-field wpforms-field-checkbox\" data-field-id=\"7\"><fieldset><legend class=\"wpforms-field-label\">Type de livraison <\/legend><ul id=\"wpforms-482-field_7\"><li class=\"choice-1 depth-1\"><input type=\"checkbox\" id=\"wpforms-482-field_7_1\" name=\"wpforms[fields][7][]\" value=\"Colis poste\" aria-errormessage=\"wpforms-482-field_7_1-error\"  ><label class=\"wpforms-field-label-inline\" for=\"wpforms-482-field_7_1\">Colis poste<\/label><\/li><li class=\"choice-2 depth-1\"><input type=\"checkbox\" id=\"wpforms-482-field_7_2\" name=\"wpforms[fields][7][]\" value=\"Livraison SALON\" aria-errormessage=\"wpforms-482-field_7_2-error\"  ><label class=\"wpforms-field-label-inline\" for=\"wpforms-482-field_7_2\">Livraison SALON<\/label><\/li><li class=\"choice-3 depth-1\"><input type=\"checkbox\" id=\"wpforms-482-field_7_3\" name=\"wpforms[fields][7][]\" value=\"Recuperation a KOP\" aria-errormessage=\"wpforms-482-field_7_3-error\"  ><label class=\"wpforms-field-label-inline\" for=\"wpforms-482-field_7_3\">Recuperation a KOP<\/label><\/li><\/ul><\/fieldset><\/div><div id=\"wpforms-482-field_8-container\" class=\"wpforms-field wpforms-field-select wpforms-field-select-style-classic\" data-field-id=\"8\"><label class=\"wpforms-field-label\" for=\"wpforms-482-field_8\">Type de reglement <\/label><select id=\"wpforms-482-field_8\" class=\"wpforms-field-medium\" name=\"wpforms[fields][8]\"><option value=\"Paypal\"  class=\"choice-1 depth-1\"  >Paypal<\/option><option value=\"Ch\u00e8que\"  class=\"choice-2 depth-1\"  >Ch\u00e8que<\/option><option value=\"Troisi\u00e8me choix\"  class=\"choice-3 depth-1\"  >Troisi\u00e8me choix<\/option><\/select><\/div><div id=\"wpforms-482-field_10-container\" class=\"wpforms-field wpforms-field-text\" data-field-id=\"10\"><label class=\"wpforms-field-label\" for=\"wpforms-482-field_10\">Rue <\/label><input type=\"text\" id=\"wpforms-482-field_10\" class=\"wpforms-field-medium\" name=\"wpforms[fields][10]\" aria-errormessage=\"wpforms-482-field_10-error\" ><\/div><div id=\"wpforms-482-field_11-container\" class=\"wpforms-field wpforms-field-text\" data-field-id=\"11\"><label class=\"wpforms-field-label\" for=\"wpforms-482-field_11\">Code postal<\/label><input type=\"text\" id=\"wpforms-482-field_11\" class=\"wpforms-field-medium\" name=\"wpforms[fields][11]\" aria-errormessage=\"wpforms-482-field_11-error\" ><\/div><div id=\"wpforms-482-field_12-container\" class=\"wpforms-field wpforms-field-text\" data-field-id=\"12\"><label class=\"wpforms-field-label\" for=\"wpforms-482-field_12\">Ville<\/label><input type=\"text\" id=\"wpforms-482-field_12\" class=\"wpforms-field-medium\" name=\"wpforms[fields][12]\" aria-errormessage=\"wpforms-482-field_12-error\" ><\/div>\t\t<div id=\"wpforms-482-field_3-container\"\n\t\t\tclass=\"wpforms-field wpforms-field-text\"\n\t\t\tdata-field-type=\"text\"\n\t\t\tdata-field-id=\"3\"\n\t\t\t>\n\t\t\t<label class=\"wpforms-field-label\" for=\"wpforms-482-field_3\" >E-mail Autres de<\/label>\n\t\t\t<input type=\"text\" id=\"wpforms-482-field_3\" class=\"wpforms-field-medium\" name=\"wpforms[fields][3]\" >\n\t\t<\/div>\n\t\t<div id=\"wpforms-482-field_9-container\" class=\"wpforms-field wpforms-field-textarea\" data-field-id=\"9\"><label class=\"wpforms-field-label\" for=\"wpforms-482-field_9\">Autres informations <\/label><textarea id=\"wpforms-482-field_9\" class=\"wpforms-field-medium\" name=\"wpforms[fields][9]\" aria-errormessage=\"wpforms-482-field_9-error\" ><\/textarea><\/div><script>\n\t\t\t\t( function() {\n\t\t\t\t\tconst style = document.createElement( 'style' );\n\t\t\t\t\tstyle.appendChild( document.createTextNode( '#wpforms-482-field_3-container { position: absolute !important; overflow: hidden !important; display: inline !important; height: 1px !important; width: 1px !important; z-index: -1000 !important; padding: 0 !important; } #wpforms-482-field_3-container input { visibility: hidden; } #wpforms-conversational-form-page #wpforms-482-field_3-container label { counter-increment: none; }' ) );\n\t\t\t\t\tdocument.head.appendChild( style );\n\t\t\t\t\tdocument.currentScript?.remove();\n\t\t\t\t} )();\n\t\t\t<\/script><\/div><!-- .wpforms-field-container --><div class=\"wpforms-submit-container\" ><input type=\"hidden\" name=\"wpforms[id]\" value=\"482\"><input type=\"hidden\" name=\"page_title\" value=\"\"><input type=\"hidden\" name=\"page_url\" value=\"https:\/\/f6kop.com\/index.php\/wp-json\/wp\/v2\/pages\/517\"><input type=\"hidden\" name=\"url_referer\" value=\"\"><button type=\"submit\" name=\"wpforms[submit]\" id=\"wpforms-submit-482\" class=\"wpforms-submit\" data-alt-text=\"Envoi...\" data-submit-text=\"Envoyer\" aria-live=\"assertive\" value=\"wpforms-submit\">Envoyer<\/button><img loading=\"lazy\" decoding=\"async\" src=\"https:\/\/f6kop.com\/wp-content\/plugins\/wpforms-lite\/assets\/images\/submit-spin.svg\" class=\"wpforms-submit-spinner\" style=\"display: none;\" width=\"26\" height=\"26\" alt=\"Chargement en cours\"><\/div><\/form><\/div>  <!-- .wpforms-container -->","protected":false},"excerpt":{"rendered":"<p>KOP propose une liste d\u2019articles et de produits d\u00e9riv\u00e9s qui \u00e9volue r\u00e9guli\u00e8rement au fil du temps.Nous vous invitons \u00e0 passer imp\u00e9rativement par le formulaire de vente en ligne. Une personne de l\u2019\u00e9quipe vous r\u00e9pondra afin de vous confirmer la disponibilit\u00e9 des articles composant votre commande. Pour les livraisons lors des salons, merci de consulter au pr\u00e9alable les actualit\u00e9s de KOP afin de v\u00e9rifier notre pr\u00e9sence sur l\u2019\u00e9v\u00e9nement concern\u00e9. Dans le cas d\u2019une commande comprenant plusieurs articles identiques, n\u2019oubliez pas de le pr\u00e9ciser clairement dans le champ \u00ab commentaires \u00bb du formulaire. Enfin, merci d\u2019attendre la confirmation de votre commande avant d\u2019effectuer votre paiement, que celui-ci soit r\u00e9alis\u00e9 par PayPal ou par ch\u00e8que.<\/p>\n","protected":false},"author":2,"featured_media":0,"parent":0,"menu_order":0,"comment_status":"closed","ping_status":"closed","template":"","meta":{"footnotes":""},"class_list":["post-517","page","type-page","status-publish","hentry"],"_links":{"self":[{"href":"https:\/\/f6kop.com\/index.php\/wp-json\/wp\/v2\/pages\/517","targetHints":{"allow":["GET"]}}],"collection":[{"href":"https:\/\/f6kop.com\/index.php\/wp-json\/wp\/v2\/pages"}],"about":[{"href":"https:\/\/f6kop.com\/index.php\/wp-json\/wp\/v2\/types\/page"}],"author":[{"embeddable":true,"href":"https:\/\/f6kop.com\/index.php\/wp-json\/wp\/v2\/users\/2"}],"replies":[{"embeddable":true,"href":"https:\/\/f6kop.com\/index.php\/wp-json\/wp\/v2\/comments?post=517"}],"version-history":[{"count":1,"href":"https:\/\/f6kop.com\/index.php\/wp-json\/wp\/v2\/pages\/517\/revisions"}],"predecessor-version":[{"id":519,"href":"https:\/\/f6kop.com\/index.php\/wp-json\/wp\/v2\/pages\/517\/revisions\/519"}],"wp:attachment":[{"href":"https:\/\/f6kop.com\/index.php\/wp-json\/wp\/v2\/media?parent=517"}],"curies":[{"name":"wp","href":"https:\/\/api.w.org\/{rel}","templated":true}]}}