{"id":583,"date":"2026-02-08T21:52:17","date_gmt":"2026-02-08T20:52:17","guid":{"rendered":"http:\/\/f6kop.com\/?page_id=583"},"modified":"2026-03-30T21:33:00","modified_gmt":"2026-03-30T19:33:00","slug":"liens","status":"publish","type":"page","link":"https:\/\/f6kop.com\/index.php\/liens\/","title":{"rendered":"Liens"},"content":{"rendered":"\n<p>Vous trouverez ici une s\u00e9lection de <strong>liens utiles et de partenaires<\/strong> qui nous accompagnent, pour certains, depuis de nombreuses ann\u00e9es dans nos aventures. Ces partenaires nous soutiennent, soit sous forme de <strong>sponsoring<\/strong>, de <strong>dons<\/strong>, ou de <strong>pr\u00eat de mat\u00e9riel<\/strong>, afin que nos projets puissent <strong>devenir r\u00e9alit\u00e9<\/strong> et se concr\u00e9tiser dans les meilleures conditions.<\/p>\n\n\n\n<p><\/p>\n\n\n\n<p><\/p>\n\n\n\n<h1 class=\"wp-block-heading\">KOP sur les r\u00e9seaux <\/h1>\n\n\n\n<p><\/p>\n\n\n\n<figure class=\"wp-block-image size-full is-resized\"><img loading=\"lazy\" decoding=\"async\" width=\"951\" height=\"314\" src=\"https:\/\/f6kop.com\/wp-content\/uploads\/2026\/02\/image-3.png\" alt=\"\" class=\"wp-image-629\" style=\"aspect-ratio:3.0287323943661972;width:424px;height:auto\" srcset=\"https:\/\/f6kop.com\/wp-content\/uploads\/2026\/02\/image-3.png 951w, https:\/\/f6kop.com\/wp-content\/uploads\/2026\/02\/image-3-300x99.png 300w, https:\/\/f6kop.com\/wp-content\/uploads\/2026\/02\/image-3-768x254.png 768w\" sizes=\"auto, (max-width: 951px) 100vw, 951px\" \/><\/figure>\n\n\n\n<p><strong>TM2A et TM9A Contest THF<\/strong><\/p>\n\n\n\n<figure class=\"wp-block-image size-full is-resized\"><a href=\"https:\/\/www.facebook.com\/groups\/1148569258842422\"><img loading=\"lazy\" decoding=\"async\" width=\"903\" height=\"394\" src=\"https:\/\/f6kop.com\/wp-content\/uploads\/2026\/02\/image-2.png\" alt=\"\" class=\"wp-image-628\" style=\"aspect-ratio:2.291950886766712;width:424px;height:auto\" srcset=\"https:\/\/f6kop.com\/wp-content\/uploads\/2026\/02\/image-2.png 903w, https:\/\/f6kop.com\/wp-content\/uploads\/2026\/02\/image-2-300x131.png 300w, https:\/\/f6kop.com\/wp-content\/uploads\/2026\/02\/image-2-768x335.png 768w\" sizes=\"auto, (max-width: 903px) 100vw, 903px\" \/><\/a><\/figure>\n\n\n\n<p><strong>F6KOP Facebook<\/strong><\/p>\n\n\n\n<figure class=\"wp-block-image size-large is-resized\"><a href=\"https:\/\/www.facebook.com\/groups\/441386781803680\"><img loading=\"lazy\" decoding=\"async\" width=\"1024\" height=\"328\" src=\"https:\/\/f6kop.com\/wp-content\/uploads\/2026\/02\/image-4-1024x328.png\" alt=\"\" class=\"wp-image-630\" style=\"aspect-ratio:3.1221303948576677;width:428px;height:auto\" srcset=\"https:\/\/f6kop.com\/wp-content\/uploads\/2026\/02\/image-4-1024x328.png 1024w, https:\/\/f6kop.com\/wp-content\/uploads\/2026\/02\/image-4-300x96.png 300w, https:\/\/f6kop.com\/wp-content\/uploads\/2026\/02\/image-4-768x246.png 768w, https:\/\/f6kop.com\/wp-content\/uploads\/2026\/02\/image-4-1140x366.png 1140w, https:\/\/f6kop.com\/wp-content\/uploads\/2026\/02\/image-4.png 1188w\" sizes=\"auto, (max-width: 1024px) 100vw, 1024px\" \/><\/a><\/figure>\n\n\n\n<p><strong>Brocante F6KOP<\/strong> <\/p>\n\n\n\n<p><strong>Radio club KOPAINS <\/strong><\/p>\n\n\n\n<figure class=\"wp-block-table\"><table class=\"has-fixed-layout\"><tbody><tr><td><a href=\"https:\/\/web.f4kmi.fr\/\"><img decoding=\"async\" src=\"https:\/\/f6kop.com\/wp-content\/uploads\/2026\/03\/image-13-1024x746.png\" alt=\"\"><\/a><\/td><td><a href=\"https:\/\/www.f6kjs.fr\/\"><img decoding=\"async\" src=\"https:\/\/f6kop.com\/wp-content\/uploads\/2026\/03\/image-18.png\" alt=\"\"><\/a><\/td><td><img alt=\"\"><a href=\"http:\/\/f8kho.free.fr\/\"><img decoding=\"async\" src=\"https:\/\/f6kop.com\/wp-content\/uploads\/2026\/03\/image-16.png\" alt=\"\"><\/a><img alt=\"\"><\/td><td><a href=\"https:\/\/www.f4kiy.com\/\"><img decoding=\"async\" src=\"https:\/\/f6kop.com\/wp-content\/uploads\/2026\/03\/image-17.png\" alt=\"\"><\/a><\/td><\/tr><\/tbody><\/table><\/figure>\n\n\n\n<figure class=\"wp-block-table\"><table class=\"has-fixed-layout\"><tbody><tr><td><a href=\"https:\/\/boutique.pro-sic.fr\/\" data-type=\"link\" data-id=\"https:\/\/boutique.pro-sic.fr\/\"><img decoding=\"async\" src=\"https:\/\/f6kop.com\/wp-content\/uploads\/2026\/03\/image-6.png\" alt=\"\"><\/a><\/td><td><a href=\"https:\/\/www.zenithantennes.fr\/\" data-type=\"link\" data-id=\"https:\/\/www.zenithantennes.fr\/\"><img decoding=\"async\" src=\"https:\/\/f6kop.com\/wp-content\/uploads\/2026\/03\/image-7.png\" alt=\"\"><\/a><\/td><td><a href=\"https:\/\/messi.it\/fr\/\" data-type=\"link\" data-id=\"https:\/\/messi.it\/fr\/\"><img decoding=\"async\" src=\"https:\/\/f6kop.com\/wp-content\/uploads\/2026\/03\/image-8.png\" alt=\"\"><\/a><\/td><td><\/td><\/tr><\/tbody><\/table><\/figure>\n\n\n\n<div class=\"wp-block-group is-layout-grid wp-container-core-group-is-layout-478b6e6b wp-block-group-is-layout-grid\">\n<figure class=\"wp-block-image wp-container-content-69bc4bdf\"><a href=\"https:\/\/www.ncdxf.org\/\" target=\"_blank\" rel=\"noreferrer noopener\"><img decoding=\"async\" src=\"https:\/\/9l5a.wordpress.com\/wp-content\/uploads\/2024\/10\/logo-ncdxc-major-sponsor.jpg?w=200\" alt=\"\" class=\"wp-image-156\"\/><\/a><\/figure>\n\n\n\n<figure class=\"wp-block-image\"><a href=\"https:\/\/www.acom-bg.com\/\" target=\"_blank\" rel=\"noreferrer noopener\"><img decoding=\"async\" src=\"https:\/\/fp5ke.wordpress.com\/wp-content\/uploads\/2025\/05\/logo-acom-major-sponsor-2.jpg?w=332\" alt=\"\" class=\"wp-image-597\"\/><\/a><\/figure>\n\n\n\n<figure class=\"wp-block-image\"><a href=\"https:\/\/cdxc.org\/\" target=\"_blank\" rel=\"noreferrer noopener\"><img decoding=\"async\" src=\"https:\/\/9l5a.wordpress.com\/wp-content\/uploads\/2024\/10\/logo-clipperton-dx-club-major-sponsor.jpg?w=200\" alt=\"\" class=\"wp-image-157\"\/><\/a><\/figure>\n\n\n\n<figure class=\"wp-block-image\"><a href=\"https:\/\/web.r-e-f.org\/\" target=\"_blank\" rel=\"noreferrer noopener\"><img decoding=\"async\" src=\"https:\/\/fp5ke.wordpress.com\/wp-content\/uploads\/2025\/05\/logo-ref-100-ans-sponsor.jpg\" alt=\"\" class=\"wp-image-589\"\/><\/a><\/figure>\n\n\n\n<figure class=\"wp-block-image\"><a href=\"https:\/\/gmdx.org.uk\/\" target=\"_blank\" rel=\"noreferrer noopener\"><img decoding=\"async\" src=\"https:\/\/fp5ke.wordpress.com\/wp-content\/uploads\/2025\/04\/logo-gmdx-sponsor.jpg\" alt=\"\" class=\"wp-image-258\"\/><\/a><\/figure>\n\n\n\n<figure class=\"wp-block-image\"><a href=\"https:\/\/arsm77.wordpress.com\/\" target=\"_blank\" rel=\"noreferrer noopener\"><img decoding=\"async\" src=\"https:\/\/fp5ke.wordpress.com\/wp-content\/uploads\/2025\/04\/logo-arsm77-sponsor.jpg\" alt=\"\" class=\"wp-image-260\"\/><\/a><\/figure>\n\n\n\n<figure class=\"wp-block-image\"><a href=\"http:\/\/www.papays.com\/%20nodxa.html\" target=\"_blank\" rel=\"noreferrer noopener\"><img decoding=\"async\" src=\"https:\/\/fp5ke.wordpress.com\/wp-content\/uploads\/2025\/04\/logo-nodxa-sponsor.jpg?w=125\" alt=\"\" class=\"wp-image-266\"\/><\/a><\/figure>\n\n\n\n<figure class=\"wp-block-image\"><a href=\"https:\/\/okdx.org\/\" target=\"_blank\" rel=\"noreferrer noopener\"><img decoding=\"async\" src=\"https:\/\/fp5ke.wordpress.com\/wp-content\/uploads\/2025\/04\/logo-okdxa-sponsor.jpg?w=125\" alt=\"\" class=\"wp-image-269\"\/><\/a><\/figure>\n\n\n\n<figure class=\"wp-block-image\"><a href=\"http:\/\/www.tcdxa.org\/\" target=\"_blank\" rel=\"noreferrer noopener\"><img decoding=\"async\" src=\"https:\/\/fp5ke.wordpress.com\/wp-content\/uploads\/2025\/04\/logo-tcdxa-sponsor.jpg\" alt=\"\" class=\"wp-image-259\"\/><\/a><\/figure>\n\n\n\n<figure class=\"wp-block-image\"><a href=\"https:\/\/pdxg.net\/\" target=\"_blank\" rel=\"noreferrer noopener\"><img decoding=\"async\" src=\"https:\/\/fp5ke.wordpress.com\/wp-content\/uploads\/2025\/05\/logo-pdxg-sponsor.jpg?w=125\" alt=\"\" class=\"wp-image-583\"\/><\/a><\/figure>\n\n\n\n<figure class=\"wp-block-image\"><a href=\"https:\/\/nidxa.org\/\" target=\"_blank\" rel=\"noreferrer noopener\"><img decoding=\"async\" src=\"https:\/\/fp5ke.wordpress.com\/wp-content\/uploads\/2025\/07\/logo-nidxa-sponsor.jpg?w=125\" alt=\"\" class=\"wp-image-635\"\/><\/a><\/figure>\n\n\n\n<figure class=\"wp-block-image\"><a href=\"http:\/\/www.ladxg.no\/\" target=\"_blank\" rel=\"noreferrer noopener\"><img decoding=\"async\" src=\"https:\/\/fp5ke.wordpress.com\/wp-content\/uploads\/2025\/04\/logo-ladxg-sponsor.jpg\" alt=\"\" class=\"wp-image-257\"\/><\/a><\/figure>\n\n\n\n<figure class=\"wp-block-image\"><a href=\"http:\/\/mdxc.org\/\" target=\"_blank\" rel=\"noreferrer noopener\"><img decoding=\"async\" src=\"https:\/\/fp5ke.wordpress.com\/wp-content\/uploads\/2025\/04\/logo-mdxc-sponsor.jpg\" alt=\"\" class=\"wp-image-276\"\/><\/a><\/figure>\n\n\n\n<figure class=\"wp-block-image\"><a href=\"https:\/\/www.darc.de\/der-club\/distrikte\/a\/ortsverbaende\/04\/\" target=\"_blank\" rel=\"noreferrer noopener\"><img decoding=\"async\" src=\"https:\/\/fp5ke.wordpress.com\/wp-content\/uploads\/2025\/04\/logo-a04-darc-sponsor.jpg?w=125\" alt=\"\" class=\"wp-image-263\"\/><\/a><\/figure>\n\n\n\n<figure class=\"wp-block-image\"><a href=\"https:\/\/wvdxc.org\/\" target=\"_blank\" rel=\"noreferrer noopener\"><img decoding=\"async\" src=\"https:\/\/fp5ke.wordpress.com\/wp-content\/uploads\/2025\/04\/logo-wvdxc-sponsor.jpg?w=125\" alt=\"\" class=\"wp-image-267\"\/><\/a><\/figure>\n\n\n\n<figure class=\"wp-block-image\"><a href=\"https:\/\/www.lynxdxg.com\/\" target=\"_blank\" rel=\"noreferrer noopener\"><img decoding=\"async\" src=\"https:\/\/fp5ke.wordpress.com\/wp-content\/uploads\/2025\/04\/logo-lynx-dx-group-sponsor.jpg?w=125\" alt=\"\" class=\"wp-image-270\"\/><\/a><\/figure>\n\n\n\n<figure class=\"wp-block-image\"><a href=\"https:\/\/www.uft.net\/\" target=\"_blank\" rel=\"noreferrer noopener\"><img decoding=\"async\" src=\"https:\/\/fp5ke.wordpress.com\/wp-content\/uploads\/2025\/05\/logo-uft-sponsor.jpg?w=125\" alt=\"\" class=\"wp-image-571\"\/><\/a><\/figure>\n\n\n\n<figure class=\"wp-block-image\"><a href=\"https:\/\/www.ddxg.dk\/\" target=\"_blank\" rel=\"noreferrer noopener\"><img decoding=\"async\" src=\"https:\/\/fp5ke.wordpress.com\/wp-content\/uploads\/2025\/04\/logo-danish-dx-group-sponsor.jpg\" alt=\"\" class=\"wp-image-262\"\/><\/a><\/figure>\n\n\n\n<figure class=\"wp-block-image\"><a href=\"http:\/\/www.fedxp.com\/\" target=\"_blank\" rel=\"noreferrer noopener\"><img decoding=\"async\" src=\"https:\/\/fp5ke.wordpress.com\/wp-content\/uploads\/2025\/07\/logo-fedxp-sponsor.jpg?w=125\" alt=\"\" class=\"wp-image-671\"\/><\/a><\/figure>\n\n\n\n<figure class=\"wp-block-image\"><a href=\"http:\/\/www.eudxf.eu\/\" target=\"_blank\" rel=\"noreferrer noopener\"><img decoding=\"async\" src=\"https:\/\/fp5ke.wordpress.com\/wp-content\/uploads\/2025\/04\/logo-eudxf-sponsor.jpg\" alt=\"\" class=\"wp-image-256\"\/><\/a><\/figure>\n\n\n\n<figure class=\"wp-block-image\"><a href=\"http:\/\/www.cdxc.org.uk\/\" target=\"_blank\" rel=\"noreferrer noopener\"><img decoding=\"async\" src=\"https:\/\/fp5ke.wordpress.com\/wp-content\/uploads\/2025\/04\/logo-cdxc-sponsor.jpg\" alt=\"\" class=\"wp-image-261\"\/><\/a><\/figure>\n\n\n\n<figure class=\"wp-block-image\"><a href=\"https:\/\/sdxg.net\/\" target=\"_blank\" rel=\"noreferrer noopener\"><img decoding=\"async\" src=\"https:\/\/fp5ke.wordpress.com\/wp-content\/uploads\/2025\/04\/logo-sdxg-sponsor.jpg?w=125\" alt=\"\" class=\"wp-image-264\"\/><\/a><\/figure>\n\n\n\n<figure class=\"wp-block-image\"><a href=\"https:\/\/www.sedxc.org\/\" target=\"_blank\" rel=\"noreferrer noopener\"><img decoding=\"async\" src=\"https:\/\/fp5ke.wordpress.com\/wp-content\/uploads\/2025\/04\/logo-sedxc-sponsor.jpg?w=125\" alt=\"\" class=\"wp-image-268\"\/><\/a><\/figure>\n\n\n\n<figure class=\"wp-block-image\"><a href=\"http:\/\/www.dxer.org\/\" target=\"_blank\" rel=\"noreferrer noopener\"><img decoding=\"async\" src=\"https:\/\/fp5ke.wordpress.com\/wp-content\/uploads\/2025\/04\/logo-lsdxa-sponsor.jpg?w=125\" alt=\"\" class=\"wp-image-271\"\/><\/a><\/figure>\n\n\n\n<figure class=\"wp-block-image\"><a href=\"https:\/\/www.gdxf.de\/\" target=\"_blank\" rel=\"noreferrer noopener\"><img decoding=\"async\" src=\"https:\/\/fp5ke.wordpress.com\/wp-content\/uploads\/2025\/05\/logo-gdxf-sponsor.jpg?w=125\" alt=\"\" class=\"wp-image-576\"\/><\/a><\/figure>\n\n\n\n<figure class=\"wp-block-image\"><a href=\"http:\/\/www.eidxa.org\/\" target=\"_blank\" rel=\"noreferrer noopener\"><img decoding=\"async\" src=\"https:\/\/fp5ke.wordpress.com\/wp-content\/uploads\/2025\/05\/logo-eidxa-sponsor.jpg?w=125\" alt=\"\" class=\"wp-image-610\"\/><\/a><\/figure>\n\n\n\n<figure class=\"wp-block-image\"><a href=\"https:\/\/www.sdxf.ch\/en\" target=\"_blank\" rel=\"noreferrer noopener\"><img decoding=\"async\" src=\"https:\/\/fp5ke.wordpress.com\/wp-content\/uploads\/2025\/07\/logo-sdxf-sponsor.jpg?w=125\" alt=\"\" class=\"wp-image-677\"\/><\/a><\/figure>\n\n\n\n<figure class=\"wp-block-image\"><a href=\"http:\/\/www.vertical-array.com\/\" target=\"_blank\" rel=\"noreferrer noopener\"><img decoding=\"async\" src=\"https:\/\/fp5ke.wordpress.com\/wp-content\/uploads\/2025\/04\/logo-vertical-array-sponsor.jpg\" alt=\"\" class=\"wp-image-281\"\/><\/a><\/figure>\n\n\n\n<figure class=\"wp-block-image\"><a href=\"http:\/\/www.win-test.com\/\" target=\"_blank\" rel=\"noreferrer noopener\"><img decoding=\"async\" src=\"https:\/\/fp5ke.wordpress.com\/wp-content\/uploads\/2025\/04\/logo-win-test-sponsor.jpg?w=125\" alt=\"\" class=\"wp-image-283\"\/><\/a><\/figure>\n\n\n\n<figure class=\"wp-block-image\"><a href=\"https:\/\/dxavenue.com\/en\" target=\"_blank\" rel=\"noreferrer noopener\"><img decoding=\"async\" src=\"https:\/\/fp5ke.wordpress.com\/wp-content\/uploads\/2025\/04\/logo-dxavenue-dxbeam-sponsor.jpg?w=125\" alt=\"\" class=\"wp-image-287\"\/><\/a><\/figure>\n\n\n\n<figure class=\"wp-block-image\"><a href=\"https:\/\/www.facebook.com\/HamradiologoF4CVQ\" target=\"_blank\" rel=\"noreferrer noopener\"><img decoding=\"async\" src=\"https:\/\/fp5ke.wordpress.com\/wp-content\/uploads\/2025\/04\/logo-f4cvq-hamradio-logo-sponsor.jpg\" alt=\"\" class=\"wp-image-282\"\/><\/a><\/figure>\n\n\n\n<figure class=\"wp-block-image\"><a href=\"https:\/\/clublog.org\/\" target=\"_blank\" rel=\"noreferrer noopener\"><img decoding=\"async\" src=\"https:\/\/fp5ke.wordpress.com\/wp-content\/uploads\/2025\/04\/logo-clublog-new-sponsor.jpg?w=125\" alt=\"\" class=\"wp-image-284\"\/><\/a><\/figure>\n\n\n\n<figure class=\"wp-block-image\"><a href=\"https:\/\/www.facebook.com\/brasseriedelanse\/\" target=\"_blank\" rel=\"noreferrer noopener\"><img decoding=\"async\" src=\"https:\/\/fp5ke.wordpress.com\/wp-content\/uploads\/2025\/04\/logo-miquale-sponsor.jpg?w=125\" alt=\"\" class=\"wp-image-289\"\/><\/a><\/figure>\n\n\n\n<figure class=\"wp-block-image\"><a href=\"https:\/\/dxavenue.com\/\" target=\"_blank\" rel=\"noreferrer noopener\"><img decoding=\"async\" src=\"https:\/\/fp5ke.wordpress.com\/wp-content\/uploads\/2025\/04\/logo-dxavenue-production-sponsor.jpg\" alt=\"\" class=\"wp-image-280\"\/><\/a><\/figure>\n\n\n\n<figure class=\"wp-block-image\"><a href=\"https:\/\/www.voacap.com\/\" target=\"_blank\" rel=\"noreferrer noopener\"><img decoding=\"async\" src=\"https:\/\/fp5ke.wordpress.com\/wp-content\/uploads\/2025\/04\/logo-voacap-sponsor.jpg?w=125\" alt=\"\" class=\"wp-image-285\"\/><\/a><\/figure>\n<\/div>\n","protected":false},"excerpt":{"rendered":"<p>Vous trouverez ici une s\u00e9lection de liens utiles et de partenaires qui nous accompagnent, pour certains, depuis de nombreuses ann\u00e9es dans nos aventures. Ces partenaires nous soutiennent, soit sous forme de sponsoring, de dons, ou de pr\u00eat de mat\u00e9riel, afin que nos projets puissent devenir r\u00e9alit\u00e9 et se concr\u00e9tiser dans les meilleures conditions. KOP sur les r\u00e9seaux TM2A et TM9A Contest THF F6KOP Facebook Brocante F6KOP Radio club KOPAINS<\/p>\n","protected":false},"author":2,"featured_media":0,"parent":0,"menu_order":0,"comment_status":"closed","ping_status":"closed","template":"","meta":{"footnotes":""},"class_list":["post-583","page","type-page","status-publish","hentry"],"_links":{"self":[{"href":"https:\/\/f6kop.com\/index.php\/wp-json\/wp\/v2\/pages\/583","targetHints":{"allow":["GET"]}}],"collection":[{"href":"https:\/\/f6kop.com\/index.php\/wp-json\/wp\/v2\/pages"}],"about":[{"href":"https:\/\/f6kop.com\/index.php\/wp-json\/wp\/v2\/types\/page"}],"author":[{"embeddable":true,"href":"https:\/\/f6kop.com\/index.php\/wp-json\/wp\/v2\/users\/2"}],"replies":[{"embeddable":true,"href":"https:\/\/f6kop.com\/index.php\/wp-json\/wp\/v2\/comments?post=583"}],"version-history":[{"count":8,"href":"https:\/\/f6kop.com\/index.php\/wp-json\/wp\/v2\/pages\/583\/revisions"}],"predecessor-version":[{"id":966,"href":"https:\/\/f6kop.com\/index.php\/wp-json\/wp\/v2\/pages\/583\/revisions\/966"}],"wp:attachment":[{"href":"https:\/\/f6kop.com\/index.php\/wp-json\/wp\/v2\/media?parent=583"}],"curies":[{"name":"wp","href":"https:\/\/api.w.org\/{rel}","templated":true}]}}