{"id":594,"date":"2026-02-08T22:23:58","date_gmt":"2026-02-08T21:23:58","guid":{"rendered":"http:\/\/f6kop.com\/?page_id=594"},"modified":"2026-03-10T16:32:09","modified_gmt":"2026-03-10T15:32:09","slug":"nous-rejoindre","status":"publish","type":"page","link":"https:\/\/f6kop.com\/index.php\/nous-rejoindre\/","title":{"rendered":"Nous rejoindre"},"content":{"rendered":"\n<p>Vous vous int\u00e9ressez \u00e0 la radio, aux communications, \u00e0 l\u2019\u00e9lectronique ou simplement \u00e0 l\u2019univers du radioamateurisme ?<br>Le radio-club <strong>F6KOP<\/strong> vous ouvre ses portes !<\/p>\n\n\n\n<h3 class=\"wp-block-heading\">\ud83d\udce1 Qui peut nous rejoindre ?<\/h3>\n\n\n\n<p>Le radio-club est ouvert \u00e0 <strong>toutes et tous<\/strong> :<\/p>\n\n\n\n<ul class=\"wp-block-list\">\n<li>radioamateurs d\u00e9butants ou confirm\u00e9s<\/li>\n\n\n\n<li>personnes souhaitant d\u00e9couvrir la radio<\/li>\n\n\n\n<li>passionn\u00e9s de technique, d\u2019\u00e9lectronique, d\u2019informatique ou de propagation<\/li>\n\n\n\n<li>jeunes, \u00e9tudiants, adultes, curieux\u2026 m\u00eame sans indicatif<\/li>\n<\/ul>\n\n\n\n<p>Aucune connaissance pr\u00e9alable n\u2019est n\u00e9cessaire pour commencer.<\/p>\n\n\n\n<h3 class=\"wp-block-heading\">\ud83d\udee0\ufe0f Ce que nous faisons<\/h3>\n\n\n\n<p>Au sein du radio-club F6KOP, vous pourrez :<\/p>\n\n\n\n<ul class=\"wp-block-list\">\n<li>d\u00e9couvrir et pratiquer les communications radio (HF, VHF, UHF, modes num\u00e9riques\u2026)<\/li>\n\n\n\n<li>vous initier \u00e0 l\u2019utilisation des \u00e9quipements radio<\/li>\n\n\n\n<li>participer \u00e0 des activit\u00e9s techniques et exp\u00e9rimentales<\/li>\n\n\n\n<li>\u00e9changer avec d\u2019autres passionn\u00e9s<\/li>\n\n\n\n<li>pr\u00e9parer l\u2019examen du certificat radioamateur<\/li>\n\n\n\n<li>participer \u00e0 des \u00e9v\u00e9nements, concours et activit\u00e9s associatives<\/li>\n<\/ul>\n\n\n\n<h3 class=\"wp-block-heading\">\ud83e\udd1d Pourquoi nous rejoindre ?<\/h3>\n\n\n\n<p>Rejoindre F6KOP, c\u2019est :<\/p>\n\n\n\n<ul class=\"wp-block-list\">\n<li>apprendre et progresser dans une ambiance conviviale<\/li>\n\n\n\n<li>partager une passion commune<\/li>\n\n\n\n<li>b\u00e9n\u00e9ficier de l\u2019exp\u00e9rience des membres du club<\/li>\n\n\n\n<li>faire vivre et promouvoir le radioamateurisme<\/li>\n<\/ul>\n\n\n\n<h3 class=\"wp-block-heading\">\ud83d\udcec Comment adh\u00e9rer ?<\/h3>\n\n\n\n<p>Pour nous rejoindre ou obtenir plus d\u2019informations :<\/p>\n\n\n\n<ul class=\"wp-block-list\">\n<li>venez nous rencontrer lors des permanences du radio-club<\/li>\n\n\n\n<li>contactez-nous via les coordonn\u00e9es indiqu\u00e9es sur le site<\/li>\n\n\n\n<li>ou passez nous voir lors d\u2019une activit\u00e9 ou d\u2019un \u00e9v\u00e9nement<\/li>\n<\/ul>\n\n\n\n<p>Nous serons ravis de vous accueillir et de r\u00e9pondre \u00e0 vos questions.<\/p>\n\n\n\n<p>Pour r\u00e8glement&nbsp;par ch\u00e8que&nbsp;<\/p>\n\n\n\n<p>Envoyer votre paiement \u00e0 l&rsquo;ordre&nbsp;de RC F6KOP au Secr\u00e9taire&nbsp;F5PBM adresse sur QRZ.com<\/p>\n\n\n\n<div data-wp-interactive=\"core\/file\" class=\"wp-block-file\"><object data-wp-bind--hidden=\"!state.hasPdfPreview\" hidden class=\"wp-block-file__embed\" data=\"https:\/\/f6kop.com\/wp-content\/uploads\/2026\/03\/Feuille-Adhesion.pdf\" type=\"application\/pdf\" style=\"width:100%;height:600px\" aria-label=\"Contenu embarqu\u00e9 Feuille Adhesion.\"><\/object><a id=\"wp-block-file--media-f00f49a1-7e51-4ea0-b91b-3c77f94c1a9f\" href=\"https:\/\/f6kop.com\/wp-content\/uploads\/2026\/03\/Feuille-Adhesion.pdf\">Feuille Adhesion<\/a><a href=\"https:\/\/f6kop.com\/wp-content\/uploads\/2026\/03\/Feuille-Adhesion.pdf\" class=\"wp-block-file__button wp-element-button\" download aria-describedby=\"wp-block-file--media-f00f49a1-7e51-4ea0-b91b-3c77f94c1a9f\">T\u00e9l\u00e9charger<\/a><\/div>\n\n\n\n<p><\/p>\n\n\n\n<p>Vous avez la possibilit\u00e9 d\u2019effectuer votre paiement par&nbsp;<strong>Paypal<\/strong>&nbsp;\u00e0 l\u2019adresse suivante :<br><strong>f4ajq[a]wanadoo.fr<\/strong><\/p>\n\n\n\n<p>Pour les paiements par virement bancaire, merci de nous adresser un mail afin de vous<br>envoyer le RIB :\u00a0\u00a0<a href=\"mailto:contact.f6kop@framalistes.org\" target=\"_blank\" rel=\"noreferrer noopener\"><\/a><strong><a href=\"mailto:f6kop@f6kop.com\" target=\"_blank\" rel=\"noreferrer noopener\">f6kop@f6kop.com<\/a><\/strong><\/p>\n\n\n\n<p>Une carte de membre vous sera envoy\u00e9 par courrier, ou remise lors de notre AG annuelle<\/p>\n\n\n\n<p><\/p>\n\n\n\n<p><\/p>\n\n\n<style id=\"wpforms-css-vars-69-block-044219fc-e3cf-4396-915f-ae0b221fedc4\">\n\t\t\t\t#wpforms-69.wpforms-block-044219fc-e3cf-4396-915f-ae0b221fedc4 {\n\t\t\t\t--wpforms-field-size-input-height: 43px;\n--wpforms-field-size-input-spacing: 15px;\n--wpforms-field-size-font-size: 16px;\n--wpforms-field-size-line-height: 19px;\n--wpforms-field-size-padding-h: 14px;\n--wpforms-field-size-checkbox-size: 16px;\n--wpforms-field-size-sublabel-spacing: 5px;\n--wpforms-field-size-icon-size: 1;\n--wpforms-label-size-font-size: 16px;\n--wpforms-label-size-line-height: 19px;\n--wpforms-label-size-sublabel-font-size: 14px;\n--wpforms-label-size-sublabel-line-height: 17px;\n--wpforms-button-size-font-size: 17px;\n--wpforms-button-size-height: 41px;\n--wpforms-button-size-padding-h: 15px;\n--wpforms-button-size-margin-top: 10px;\n\t\t\t}\n\t\t\t<\/style><div class=\"wpforms-container wpforms-container-full wpforms-block wpforms-block-044219fc-e3cf-4396-915f-ae0b221fedc4 wpforms-render-modern\" id=\"wpforms-69\"><form id=\"wpforms-form-69\" class=\"wpforms-validate wpforms-form\" data-formid=\"69\" method=\"post\" enctype=\"multipart\/form-data\" action=\"\/index.php\/wp-json\/wp\/v2\/pages\/594\" data-token=\"250f8eaa00c1a1447af73cf0d55a8735\" data-token-time=\"1778474065\"><noscript class=\"wpforms-error-noscript\">Veuillez activer JavaScript dans votre navigateur pour remplir ce formulaire.<\/noscript><div id=\"wpforms-error-noscript\" style=\"display: none;\">Veuillez activer JavaScript dans votre navigateur pour remplir ce formulaire.<\/div><div class=\"wpforms-field-container\"><div id=\"wpforms-69-field_1-container\" class=\"wpforms-field wpforms-field-name\" data-field-id=\"1\"><fieldset><legend class=\"wpforms-field-label\">Nom Prenom<\/legend><div class=\"wpforms-field-row wpforms-field-medium\"><div class=\"wpforms-field-row-block wpforms-first wpforms-one-half\"><input type=\"text\" id=\"wpforms-69-field_1\" class=\"wpforms-field-name-first\" name=\"wpforms[fields][1][first]\" aria-errormessage=\"wpforms-69-field_1-error\" ><label for=\"wpforms-69-field_1\" class=\"wpforms-field-sublabel after\">Pr\u00e9nom<\/label><\/div><div class=\"wpforms-field-row-block wpforms-one-half\"><input type=\"text\" id=\"wpforms-69-field_1-last\" class=\"wpforms-field-name-last\" name=\"wpforms[fields][1][last]\" aria-errormessage=\"wpforms-69-field_1-last-error\" ><label for=\"wpforms-69-field_1-last\" class=\"wpforms-field-sublabel after\">Nom<\/label><\/div><\/div><\/fieldset><\/div>\t\t<div id=\"wpforms-69-field_2-container\"\n\t\t\tclass=\"wpforms-field wpforms-field-text\"\n\t\t\tdata-field-type=\"text\"\n\t\t\tdata-field-id=\"2\"\n\t\t\t>\n\t\t\t<label class=\"wpforms-field-label\" for=\"wpforms-69-field_2\" >dde la email<\/label>\n\t\t\t<input type=\"text\" id=\"wpforms-69-field_2\" class=\"wpforms-field-medium\" name=\"wpforms[fields][2]\" >\n\t\t<\/div>\n\t\t<div id=\"wpforms-69-field_3-container\" class=\"wpforms-field wpforms-field-email\" data-field-id=\"3\"><label class=\"wpforms-field-label\" for=\"wpforms-69-field_3\">Adresse email<\/label><input type=\"email\" id=\"wpforms-69-field_3\" class=\"wpforms-field-medium\" name=\"wpforms[fields][3]\" spellcheck=\"false\" aria-errormessage=\"wpforms-69-field_3-error\" ><\/div><div id=\"wpforms-69-field_5-container\" class=\"wpforms-field wpforms-field-radio wpforms-list-inline\" data-field-id=\"5\"><fieldset><legend class=\"wpforms-field-label\">Objet de la demande<\/legend><ul id=\"wpforms-69-field_5\"><li class=\"choice-1 depth-1\"><input type=\"radio\" id=\"wpforms-69-field_5_1\" name=\"wpforms[fields][5]\" value=\"Devenir membre\" aria-errormessage=\"wpforms-69-field_5_1-error\"  ><label class=\"wpforms-field-label-inline\" for=\"wpforms-69-field_5_1\">Devenir membre<\/label><\/li><li class=\"choice-2 depth-1\"><input type=\"radio\" id=\"wpforms-69-field_5_2\" name=\"wpforms[fields][5]\" value=\"Information sur un membre\" aria-errormessage=\"wpforms-69-field_5_2-error\"  ><label class=\"wpforms-field-label-inline\" for=\"wpforms-69-field_5_2\">Information sur un membre<\/label><\/li><li class=\"choice-3 depth-1\"><input type=\"radio\" id=\"wpforms-69-field_5_3\" name=\"wpforms[fields][5]\" value=\"Particpation a un contest\" aria-errormessage=\"wpforms-69-field_5_3-error\"  ><label class=\"wpforms-field-label-inline\" for=\"wpforms-69-field_5_3\">Particpation a un contest<\/label><\/li><li class=\"choice-5 depth-1\"><input type=\"radio\" id=\"wpforms-69-field_5_5\" name=\"wpforms[fields][5]\" value=\"Prise de contact global\" aria-errormessage=\"wpforms-69-field_5_5-error\"  ><label class=\"wpforms-field-label-inline\" for=\"wpforms-69-field_5_5\">Prise de contact global<\/label><\/li><\/ul><\/fieldset><\/div><div id=\"wpforms-69-field_6-container\" class=\"wpforms-field wpforms-field-textarea\" data-field-id=\"6\"><label class=\"wpforms-field-label\" for=\"wpforms-69-field_6\">Message \/ Details de la demande<\/label><textarea id=\"wpforms-69-field_6\" class=\"wpforms-field-medium\" name=\"wpforms[fields][6]\" aria-errormessage=\"wpforms-69-field_6-error\" ><\/textarea><\/div><div id=\"wpforms-69-field_7-container\" class=\"wpforms-field wpforms-field-text\" data-field-id=\"7\"><label class=\"wpforms-field-label\" for=\"wpforms-69-field_7\">Indicatif <\/label><input type=\"text\" id=\"wpforms-69-field_7\" class=\"wpforms-field-medium\" name=\"wpforms[fields][7]\" aria-errormessage=\"wpforms-69-field_7-error\" ><\/div><script>\n\t\t\t\t( function() {\n\t\t\t\t\tconst style = document.createElement( 'style' );\n\t\t\t\t\tstyle.appendChild( document.createTextNode( '#wpforms-69-field_2-container { position: absolute !important; overflow: hidden !important; display: inline !important; height: 1px !important; width: 1px !important; z-index: -1000 !important; padding: 0 !important; } #wpforms-69-field_2-container input { visibility: hidden; } #wpforms-conversational-form-page #wpforms-69-field_2-container label { counter-increment: none; }' ) );\n\t\t\t\t\tdocument.head.appendChild( style );\n\t\t\t\t\tdocument.currentScript?.remove();\n\t\t\t\t} )();\n\t\t\t<\/script><\/div><!-- .wpforms-field-container --><div class=\"wpforms-submit-container\" ><input type=\"hidden\" name=\"wpforms[id]\" value=\"69\"><input type=\"hidden\" name=\"page_title\" value=\"\"><input type=\"hidden\" name=\"page_url\" value=\"https:\/\/f6kop.com\/index.php\/wp-json\/wp\/v2\/pages\/594\"><input type=\"hidden\" name=\"url_referer\" value=\"\"><button type=\"submit\" name=\"wpforms[submit]\" id=\"wpforms-submit-69\" class=\"wpforms-submit\" data-alt-text=\"Envoi...\" data-submit-text=\"Envoyer la demande\" aria-live=\"assertive\" value=\"wpforms-submit\">Envoyer la demande<\/button><\/div><\/form><\/div>  <!-- .wpforms-container -->\n\n\n<p><strong>\u00c0 tr\u00e8s bient\u00f4t sur les ondes\u2026 ou au radio-club F6KOP !<\/strong><\/p>\n\n\n\n<p><\/p>\n","protected":false},"excerpt":{"rendered":"<p>Vous vous int\u00e9ressez \u00e0 la radio, aux communications, \u00e0 l\u2019\u00e9lectronique ou simplement \u00e0 l\u2019univers du radioamateurisme ?Le radio-club F6KOP vous ouvre ses portes ! \ud83d\udce1 Qui peut nous rejoindre ? Le radio-club est ouvert \u00e0 toutes et tous : Aucune connaissance pr\u00e9alable n\u2019est n\u00e9cessaire pour commencer. \ud83d\udee0\ufe0f Ce que nous faisons Au sein du radio-club F6KOP, vous pourrez : \ud83e\udd1d Pourquoi nous rejoindre ? Rejoindre F6KOP, c\u2019est : \ud83d\udcec Comment adh\u00e9rer ? Pour nous rejoindre ou obtenir plus d\u2019informations : Nous serons ravis de vous accueillir et de r\u00e9pondre \u00e0 vos questions. Pour r\u00e8glement&nbsp;par ch\u00e8que&nbsp; Envoyer votre paiement \u00e0 l&rsquo;ordre&nbsp;de RC F6KOP au Secr\u00e9taire&nbsp;F5PBM adresse sur QRZ.com Vous avez la possibilit\u00e9 d\u2019effectuer votre paiement par&nbsp;Paypal&nbsp;\u00e0 l\u2019adresse suivante :f4ajq[a]wanadoo.fr Pour les paiements par virement bancaire, merci de nous adresser un mail afin de vousenvoyer le RIB :\u00a0\u00a0f6kop@f6kop.com Une carte de membre vous sera envoy\u00e9 par courrier, ou remise lors de notre AG annuelle \u00c0 tr\u00e8s bient\u00f4t sur les ondes\u2026 ou au radio-club F6KOP !<\/p>\n","protected":false},"author":2,"featured_media":0,"parent":0,"menu_order":0,"comment_status":"closed","ping_status":"closed","template":"","meta":{"footnotes":""},"class_list":["post-594","page","type-page","status-publish","hentry"],"_links":{"self":[{"href":"https:\/\/f6kop.com\/index.php\/wp-json\/wp\/v2\/pages\/594","targetHints":{"allow":["GET"]}}],"collection":[{"href":"https:\/\/f6kop.com\/index.php\/wp-json\/wp\/v2\/pages"}],"about":[{"href":"https:\/\/f6kop.com\/index.php\/wp-json\/wp\/v2\/types\/page"}],"author":[{"embeddable":true,"href":"https:\/\/f6kop.com\/index.php\/wp-json\/wp\/v2\/users\/2"}],"replies":[{"embeddable":true,"href":"https:\/\/f6kop.com\/index.php\/wp-json\/wp\/v2\/comments?post=594"}],"version-history":[{"count":6,"href":"https:\/\/f6kop.com\/index.php\/wp-json\/wp\/v2\/pages\/594\/revisions"}],"predecessor-version":[{"id":651,"href":"https:\/\/f6kop.com\/index.php\/wp-json\/wp\/v2\/pages\/594\/revisions\/651"}],"wp:attachment":[{"href":"https:\/\/f6kop.com\/index.php\/wp-json\/wp\/v2\/media?parent=594"}],"curies":[{"name":"wp","href":"https:\/\/api.w.org\/{rel}","templated":true}]}}