{"id":605,"date":"2026-02-09T22:18:44","date_gmt":"2026-02-09T21:18:44","guid":{"rendered":"http:\/\/f6kop.com\/?page_id=605"},"modified":"2026-05-10T09:33:15","modified_gmt":"2026-05-10T07:33:15","slug":"lotw","status":"publish","type":"page","link":"https:\/\/f6kop.com\/index.php\/lotw\/","title":{"rendered":"LOTW"},"content":{"rendered":"\n<figure class=\"wp-block-gallery has-nested-images columns-default is-cropped wp-block-gallery-1 is-layout-flex wp-block-gallery-is-layout-flex\">\n<figure class=\"wp-block-image size-large\"><img loading=\"lazy\" decoding=\"async\" width=\"681\" height=\"243\" data-id=\"687\" src=\"https:\/\/f6kop.com\/wp-content\/uploads\/2026\/03\/1582545828.png\" alt=\"\" class=\"wp-image-687\" srcset=\"https:\/\/f6kop.com\/wp-content\/uploads\/2026\/03\/1582545828.png 681w, https:\/\/f6kop.com\/wp-content\/uploads\/2026\/03\/1582545828-300x107.png 300w\" sizes=\"auto, (max-width: 681px) 100vw, 681px\" \/><\/figure>\n<\/figure>\n\n\n\n<p><\/p>\n\n\n\n<h3 class=\"wp-block-heading\"><\/h3>\n\n\n\n<h3 class=\"wp-block-heading has-text-align-center\">Mise \u00e0 jour le 10\/05\/2026 de la base\u00a0<strong>Logbook\u00a0of\u00a0The\u00a0World<\/strong><\/h3>\n\n\n\n<h3 class=\"wp-block-heading has-text-align-center\"><strong>322,298 QSO enregistr\u00e9s (records)\u00a0\u2013\u00a0149,360 QSL valid\u00e9es (records)<\/strong><\/h3>\n\n\n\n<h4 class=\"wp-block-heading has-text-align-center\"><strong>73,<\/strong>&nbsp;de<strong>&nbsp;Larry F5PBM R\u00e9f\u00e9rent LoTW<\/strong><\/h4>\n\n\n\n<p class=\"has-text-align-center\"><\/p>\n\n\n\n<h3 class=\"wp-block-heading has-text-align-center\">F6KOP<\/h3>\n\n\n<div class=\"wp-block-image\">\n<figure class=\"aligncenter size-full is-resized\"><img loading=\"lazy\" decoding=\"async\" width=\"548\" height=\"597\" src=\"https:\/\/f6kop.com\/wp-content\/uploads\/2026\/05\/F6KOP.png\" alt=\"\" class=\"wp-image-1727\" style=\"aspect-ratio:0.9179315667609982;width:418px;height:auto\" srcset=\"https:\/\/f6kop.com\/wp-content\/uploads\/2026\/05\/F6KOP.png 548w, https:\/\/f6kop.com\/wp-content\/uploads\/2026\/05\/F6KOP-275x300.png 275w\" sizes=\"auto, (max-width: 548px) 100vw, 548px\" \/><\/figure>\n<\/div>\n\n\n<h3 class=\"wp-block-heading has-text-align-center\">F6KOP\/P<\/h3>\n\n\n<div class=\"wp-block-image\">\n<figure class=\"aligncenter size-full\"><img loading=\"lazy\" decoding=\"async\" width=\"422\" height=\"344\" src=\"https:\/\/f6kop.com\/wp-content\/uploads\/2026\/03\/F6KOP-P.png\" alt=\"\" class=\"wp-image-845\" srcset=\"https:\/\/f6kop.com\/wp-content\/uploads\/2026\/03\/F6KOP-P.png 422w, https:\/\/f6kop.com\/wp-content\/uploads\/2026\/03\/F6KOP-P-300x245.png 300w\" sizes=\"auto, (max-width: 422px) 100vw, 422px\" \/><\/figure>\n<\/div>\n\n\n<h3 class=\"wp-block-heading has-text-align-center\">TM1A<\/h3>\n\n\n<div class=\"wp-block-image\">\n<figure class=\"aligncenter size-full\"><img loading=\"lazy\" decoding=\"async\" width=\"455\" height=\"279\" src=\"https:\/\/f6kop.com\/wp-content\/uploads\/2026\/03\/TM1A.png\" alt=\"\" class=\"wp-image-847\" srcset=\"https:\/\/f6kop.com\/wp-content\/uploads\/2026\/03\/TM1A.png 455w, https:\/\/f6kop.com\/wp-content\/uploads\/2026\/03\/TM1A-300x184.png 300w\" sizes=\"auto, (max-width: 455px) 100vw, 455px\" \/><\/figure>\n<\/div>\n\n\n<p><\/p>\n","protected":false},"excerpt":{"rendered":"<p>Mise \u00e0 jour le 10\/05\/2026 de la base\u00a0Logbook\u00a0of\u00a0The\u00a0World 322,298 QSO enregistr\u00e9s (records)\u00a0\u2013\u00a0149,360 QSL valid\u00e9es (records) 73,&nbsp;de&nbsp;Larry F5PBM R\u00e9f\u00e9rent LoTW F6KOP F6KOP\/P TM1A<\/p>\n","protected":false},"author":2,"featured_media":0,"parent":0,"menu_order":0,"comment_status":"closed","ping_status":"closed","template":"","meta":{"footnotes":""},"class_list":["post-605","page","type-page","status-publish","hentry"],"_links":{"self":[{"href":"https:\/\/f6kop.com\/index.php\/wp-json\/wp\/v2\/pages\/605","targetHints":{"allow":["GET"]}}],"collection":[{"href":"https:\/\/f6kop.com\/index.php\/wp-json\/wp\/v2\/pages"}],"about":[{"href":"https:\/\/f6kop.com\/index.php\/wp-json\/wp\/v2\/types\/page"}],"author":[{"embeddable":true,"href":"https:\/\/f6kop.com\/index.php\/wp-json\/wp\/v2\/users\/2"}],"replies":[{"embeddable":true,"href":"https:\/\/f6kop.com\/index.php\/wp-json\/wp\/v2\/comments?post=605"}],"version-history":[{"count":44,"href":"https:\/\/f6kop.com\/index.php\/wp-json\/wp\/v2\/pages\/605\/revisions"}],"predecessor-version":[{"id":1919,"href":"https:\/\/f6kop.com\/index.php\/wp-json\/wp\/v2\/pages\/605\/revisions\/1919"}],"wp:attachment":[{"href":"https:\/\/f6kop.com\/index.php\/wp-json\/wp\/v2\/media?parent=605"}],"curies":[{"name":"wp","href":"https:\/\/api.w.org\/{rel}","templated":true}]}}