{"id":63,"date":"2026-01-12T09:46:21","date_gmt":"2026-01-12T09:46:21","guid":{"rendered":"http:\/\/f6kop.com\/?page_id=63"},"modified":"2026-02-08T14:58:40","modified_gmt":"2026-02-08T13:58:40","slug":"qrz-com","status":"publish","type":"page","link":"https:\/\/f6kop.com\/index.php\/qrz-com\/","title":{"rendered":"KOP sur le WEB"},"content":{"rendered":"\n<p><\/p>\n\n\n\n<figure class=\"wp-block-image size-large is-resized\"><img loading=\"lazy\" decoding=\"async\" width=\"1024\" height=\"384\" src=\"https:\/\/f6kop.com\/wp-content\/uploads\/2026\/01\/image-1024x384.png\" alt=\"\" class=\"wp-image-64\" style=\"width:405px;height:auto\" srcset=\"https:\/\/f6kop.com\/wp-content\/uploads\/2026\/01\/image-1024x384.png 1024w, https:\/\/f6kop.com\/wp-content\/uploads\/2026\/01\/image-300x113.png 300w, https:\/\/f6kop.com\/wp-content\/uploads\/2026\/01\/image-768x288.png 768w, https:\/\/f6kop.com\/wp-content\/uploads\/2026\/01\/image-1536x576.png 1536w, https:\/\/f6kop.com\/wp-content\/uploads\/2026\/01\/image.png 1914w\" sizes=\"auto, (max-width: 1024px) 100vw, 1024px\" \/><\/figure>\n\n\n\n<p><\/p>\n\n\n\n<p><\/p>\n\n\n\n<h4 class=\"wp-block-heading\">F6KOP :&nbsp;<a href=\"https:\/\/www.qrz.com\/db\/F6KOP\">https:\/\/www.qrz.com\/db\/F6KOP<\/a><\/h4>\n\n\n\n<h4 class=\"wp-block-heading\">TM1A :&nbsp;<a href=\"https:\/\/www.qrz.com\/db\/TM1A\">https:\/\/www.qrz.com\/db\/TM1A<\/a><\/h4>\n\n\n\n<h4 class=\"wp-block-heading\">TM9A :&nbsp;<a href=\"https:\/\/www.qrz.com\/db\/TM9A\">https:\/\/www.qrz.com\/db\/TM9A<\/a><\/h4>\n\n\n\n<h4 class=\"wp-block-heading\">TM40KOP :&nbsp;<a href=\"https:\/\/www.qrz.com\/db\/TM40KOP\">https:\/\/www.qrz.com\/db\/TM40KOP<\/a><\/h4>\n\n\n\n<p><\/p>\n\n\n\n<p><\/p>\n\n\n\n<figure class=\"wp-block-image size-full is-resized\"><img loading=\"lazy\" decoding=\"async\" width=\"940\" height=\"420\" src=\"https:\/\/f6kop.com\/wp-content\/uploads\/2026\/02\/facebook-logo.jpg\" alt=\"\" class=\"wp-image-533\" style=\"aspect-ratio:2.238134887593672;width:494px;height:auto\" srcset=\"https:\/\/f6kop.com\/wp-content\/uploads\/2026\/02\/facebook-logo.jpg 940w, https:\/\/f6kop.com\/wp-content\/uploads\/2026\/02\/facebook-logo-300x134.jpg 300w, https:\/\/f6kop.com\/wp-content\/uploads\/2026\/02\/facebook-logo-768x343.jpg 768w\" sizes=\"auto, (max-width: 940px) 100vw, 940px\" \/><\/figure>\n\n\n\n<p><\/p>\n\n\n\n<p><\/p>\n\n\n\n<p>Page F6KOP  <a href=\"https:\/\/www.facebook.com\/groups\/1148569258842422\">https:\/\/www.facebook.com\/groups\/1148569258842422<\/a><\/p>\n\n\n\n<p>Brocante F6KOP <a href=\"https:\/\/www.facebook.com\/groups\/441386781803680\">https:\/\/www.facebook.com\/groups\/441386781803680<\/a><\/p>\n\n\n\n<p>TM2A et TM9A  <a href=\"https:\/\/www.facebook.com\/groups\/2678070635759167\">https:\/\/www.facebook.com\/groups\/2678070635759167<\/a><\/p>\n\n\n\n<p><\/p>\n\n\n\n<p><\/p>\n\n\n\n<p><\/p>\n\n\n\n<figure class=\"wp-block-image size-large is-resized\"><img loading=\"lazy\" decoding=\"async\" width=\"1024\" height=\"430\" src=\"https:\/\/f6kop.com\/wp-content\/uploads\/2026\/02\/Logo_of_YouTube_2015-2017.svg_-1024x430.png\" alt=\"\" class=\"wp-image-534\" style=\"width:355px;height:auto\" srcset=\"https:\/\/f6kop.com\/wp-content\/uploads\/2026\/02\/Logo_of_YouTube_2015-2017.svg_-1024x430.png 1024w, https:\/\/f6kop.com\/wp-content\/uploads\/2026\/02\/Logo_of_YouTube_2015-2017.svg_-300x126.png 300w, https:\/\/f6kop.com\/wp-content\/uploads\/2026\/02\/Logo_of_YouTube_2015-2017.svg_-768x323.png 768w, https:\/\/f6kop.com\/wp-content\/uploads\/2026\/02\/Logo_of_YouTube_2015-2017.svg_-1140x479.png 1140w, https:\/\/f6kop.com\/wp-content\/uploads\/2026\/02\/Logo_of_YouTube_2015-2017.svg_.png 1280w\" sizes=\"auto, (max-width: 1024px) 100vw, 1024px\" \/><\/figure>\n\n\n\n<p><\/p>\n\n\n\n<p><\/p>\n\n\n\n<p>F6KOP en video sur Youtube <a href=\"https:\/\/www.youtube.com\/results?search_query=f6KOP\">https:\/\/www.youtube.com\/results?search_query=f6KOP<\/a><\/p>\n\n\n\n<p><\/p>\n\n\n\n<p><\/p>\n\n\n\n<p><\/p>\n\n\n\n<p><\/p>\n\n\n\n<figure class=\"wp-block-image size-full is-resized\"><img loading=\"lazy\" decoding=\"async\" width=\"960\" height=\"264\" src=\"https:\/\/f6kop.com\/wp-content\/uploads\/2026\/02\/WhatsApp_logo.svg_.png\" alt=\"\" class=\"wp-image-535\" style=\"width:429px;height:auto\" srcset=\"https:\/\/f6kop.com\/wp-content\/uploads\/2026\/02\/WhatsApp_logo.svg_.png 960w, https:\/\/f6kop.com\/wp-content\/uploads\/2026\/02\/WhatsApp_logo.svg_-300x83.png 300w, https:\/\/f6kop.com\/wp-content\/uploads\/2026\/02\/WhatsApp_logo.svg_-768x211.png 768w\" sizes=\"auto, (max-width: 960px) 100vw, 960px\" \/><\/figure>\n\n\n\n<p><\/p>\n\n\n\n<p><\/p>\n\n\n\n<p>Nous <strong>disposons \u00e9galement de plusieurs groupes WhatsApp internes<\/strong>, r\u00e9serv\u00e9s exclusivement \u00e0 nos membres. Parmi eux :<\/p>\n\n\n\n<ul class=\"wp-block-list\">\n<li><strong>Les groupes des KOPAINS F6KOP<\/strong>, d\u00e9di\u00e9s aux \u00e9changes g\u00e9n\u00e9raux entre membres du club.<\/li>\n\n\n\n<li><strong>Un groupe sp\u00e9cifique aux sujets THF<\/strong>, pour discuter et partager des informations techniques avanc\u00e9es.<\/li>\n<\/ul>\n\n\n\n<p>Pour <strong>rejoindre l\u2019un de ces groupes<\/strong>, merci de contacter l\u2019un des secr\u00e9taires du club, qui se chargera de votre inscription.<\/p>\n\n\n\n<blockquote class=\"wp-block-quote is-layout-flow wp-block-quote-is-layout-flow\">\n<p>\u26a0\ufe0f <strong>Ces supports sont strictement r\u00e9serv\u00e9s aux membres du club.<\/strong> Ils permettent de partager informations, conseils et discussions techniques dans un cadre s\u00e9curis\u00e9 et convivial.<\/p>\n<\/blockquote>\n","protected":false},"excerpt":{"rendered":"<p>F6KOP :&nbsp;https:\/\/www.qrz.com\/db\/F6KOP TM1A :&nbsp;https:\/\/www.qrz.com\/db\/TM1A TM9A :&nbsp;https:\/\/www.qrz.com\/db\/TM9A TM40KOP :&nbsp;https:\/\/www.qrz.com\/db\/TM40KOP Page F6KOP https:\/\/www.facebook.com\/groups\/1148569258842422 Brocante F6KOP https:\/\/www.facebook.com\/groups\/441386781803680 TM2A et TM9A https:\/\/www.facebook.com\/groups\/2678070635759167 F6KOP en video sur Youtube https:\/\/www.youtube.com\/results?search_query=f6KOP Nous disposons \u00e9galement de plusieurs groupes WhatsApp internes, r\u00e9serv\u00e9s exclusivement \u00e0 nos membres. Parmi eux : Pour rejoindre l\u2019un de ces groupes, merci de contacter l\u2019un des secr\u00e9taires du club, qui se chargera de votre inscription. \u26a0\ufe0f Ces supports sont strictement r\u00e9serv\u00e9s aux membres du club. Ils permettent de partager informations, conseils et discussions techniques dans un cadre s\u00e9curis\u00e9 et convivial.<\/p>\n","protected":false},"author":1,"featured_media":0,"parent":0,"menu_order":0,"comment_status":"closed","ping_status":"closed","template":"","meta":{"footnotes":""},"class_list":["post-63","page","type-page","status-publish","hentry"],"_links":{"self":[{"href":"https:\/\/f6kop.com\/index.php\/wp-json\/wp\/v2\/pages\/63","targetHints":{"allow":["GET"]}}],"collection":[{"href":"https:\/\/f6kop.com\/index.php\/wp-json\/wp\/v2\/pages"}],"about":[{"href":"https:\/\/f6kop.com\/index.php\/wp-json\/wp\/v2\/types\/page"}],"author":[{"embeddable":true,"href":"https:\/\/f6kop.com\/index.php\/wp-json\/wp\/v2\/users\/1"}],"replies":[{"embeddable":true,"href":"https:\/\/f6kop.com\/index.php\/wp-json\/wp\/v2\/comments?post=63"}],"version-history":[{"count":3,"href":"https:\/\/f6kop.com\/index.php\/wp-json\/wp\/v2\/pages\/63\/revisions"}],"predecessor-version":[{"id":537,"href":"https:\/\/f6kop.com\/index.php\/wp-json\/wp\/v2\/pages\/63\/revisions\/537"}],"wp:attachment":[{"href":"https:\/\/f6kop.com\/index.php\/wp-json\/wp\/v2\/media?parent=63"}],"curies":[{"name":"wp","href":"https:\/\/api.w.org\/{rel}","templated":true}]}}