{"id":740,"date":"2026-03-28T13:38:29","date_gmt":"2026-03-28T12:38:29","guid":{"rendered":"https:\/\/f6kop.com\/?page_id=740"},"modified":"2026-03-28T13:38:29","modified_gmt":"2026-03-28T12:38:29","slug":"livre-dor","status":"publish","type":"page","link":"https:\/\/f6kop.com\/index.php\/livre-dor\/","title":{"rendered":"Livre d&rsquo;or"},"content":{"rendered":"\n<div class=\"gwolle-gb\"><div class=\"gwolle-gb-messages-top-container\"><\/div>\n\t\t\t<div class=\"gwolle-gb-write-button\">\n\t\t\t\t<input type=\"button\" name=\"gwolle-gb-write-button\" class=\"button btn btn-default \" value=\"\u00c9crire un nouveau message\" aria-expanded=\"false\" \/>\n\t\t\t<\/div>\n\t\t\t<form action=\"#\" method=\"POST\" class=\"gwolle-gb-write gwolle-gb-hide gwolle-gb-float gwolle-gb-form-ajax gwolle-gb-ajax gwolle-gb-not-logged-in\">\n\t\t\t\t<h3>\u00c9crivez un nouveau message dans le livre d\u2019or<\/h3>\n\t\t\t\t<button type=\"button\" class=\"gb-notice-dismiss\">x<span class=\"screen-reader-text\">Masquer ce formulaire.<\/span><\/button>\n\t\t\t\n\t\t\t\t<input type=\"hidden\" name=\"gwolle_gb_function\" class=\"gwolle_gb_function\" value=\"add_entry\" \/><input type=\"hidden\" name=\"gwolle_gb_book_id\" class=\"gwolle_gb_book_id\" value=\"1\" \/><div class=\"gwolle_gb_d3f0cc9f007ec7debfc3de2bdc1e8413\">\n\t\t\t\t<div class=\"label\"><label for=\"gwolle_gb_d3f0cc9f007ec7debfc3de2bdc1e8413-1\" class=\"text-info\">Nom <span class=\"required\">*<\/span><\/label><\/div>\n\t\t\t\t<div class=\"input\"><input class=\"wp-exclude-emoji gwolle_gb_d3f0cc9f007ec7debfc3de2bdc1e8413\" value=\"\" type=\"text\" id=\"gwolle_gb_d3f0cc9f007ec7debfc3de2bdc1e8413-1\" name=\"gwolle_gb_d3f0cc9f007ec7debfc3de2bdc1e8413\" required \/><\/div>\n\t\t\t\t<div class=\"clearBoth\">&nbsp;<\/div>\n\t\t\t<\/div><div class=\"gwolle_gb_977f21fc32452cf935eacffd64e28127\">\n\t\t\t\t<div class=\"label\"><label for=\"gwolle_gb_977f21fc32452cf935eacffd64e28127-1\" class=\"text-info\">E-mail<\/label><\/div>\n\t\t\t\t<div class=\"input\"><input class=\"gwolle_gb_977f21fc32452cf935eacffd64e28127\" value=\"\" type=\"email\" id=\"gwolle_gb_977f21fc32452cf935eacffd64e28127-1\" name=\"gwolle_gb_977f21fc32452cf935eacffd64e28127\" \/><\/div>\n\t\t\t\t<div class=\"clearBoth\">&nbsp;<\/div>\n\t\t\t<\/div>\n\t\t\t<div class=\"gwolle_gb_6c8e943158cbdf92883e534813a4b949\" style=\"display:none;overflow:hidden;\" hidden=\"true\" aria-hidden=\"true\">\n\t\t\t\t<div class=\"label\">\n\t\t\t\t\t<label for=\"gwolle_gb_6c8e943158cbdf92883e534813a4b949-1\" class=\"text-primary\">Ne touchez pas \u00e0 ceci<\/label>\n\t\t\t\t\t<label for=\"gwolle_gb_b34ce79b0b5ef3a7163974b11b43cc0e-1\" class=\"text-primary\">Ne touchez pas \u00e0 ceci<\/label>\n\t\t\t\t<\/div>\n\t\t\t\t<div class=\"input\">\n\t\t\t\t\t<input value=\"68\" type=\"text\" id=\"gwolle_gb_6c8e943158cbdf92883e534813a4b949-1\" name=\"gwolle_gb_6c8e943158cbdf92883e534813a4b949\" class=\"gwolle_gb_6c8e943158cbdf92883e534813a4b949\" style=\"transform: translateY(10000px);\" \/>\n\t\t\t\t\t<input value=\"\" type=\"text\" name=\"gwolle_gb_b34ce79b0b5ef3a7163974b11b43cc0e\" id=\"gwolle_gb_b34ce79b0b5ef3a7163974b11b43cc0e-1\" class=\"gwolle_gb_b34ce79b0b5ef3a7163974b11b43cc0e\" style=\"transform: translateY(10000px);\" \/>\n\t\t\t\t<\/div>\n\t\t\t\t<div class=\"clearBoth\"><\/div>\n\t\t\t<\/div>\n\t\t\t<div class=\"gwolle_gb_42b2a4a6373b31c447b2ba19ffc1078d\" style=\"display:none;overflow:hidden;\" hidden=\"true\" aria-hidden=\"true\">\n\t\t\t\t<div class=\"label\">\n\t\t\t\t\t<label for=\"gwolle_gb_42b2a4a6373b31c447b2ba19ffc1078d-1\" class=\"text-primary\">Ne touchez pas \u00e0 ceci<\/label>\n\t\t\t\t\t<label for=\"gwolle_gb_1c8ee1c65ea5eaf61517e4e50ae924eb-1\" class=\"text-primary\">Ne touchez pas \u00e0 ceci<\/label>\n\t\t\t\t<\/div>\n\t\t\t\t<div class=\"input\">\n\t\t\t\t\t<input value=\"97812\" type=\"text\" id=\"gwolle_gb_42b2a4a6373b31c447b2ba19ffc1078d-1\" name=\"gwolle_gb_42b2a4a6373b31c447b2ba19ffc1078d\" class=\"gwolle_gb_42b2a4a6373b31c447b2ba19ffc1078d\" style=\"transform: translateY(10000px);\" \/>\n\t\t\t\t\t<input value=\"97812\" type=\"text\"id=\"gwolle_gb_1c8ee1c65ea5eaf61517e4e50ae924eb-1\" name=\"gwolle_gb_1c8ee1c65ea5eaf61517e4e50ae924eb\" class=\"gwolle_gb_1c8ee1c65ea5eaf61517e4e50ae924eb\" style=\"transform: translateY(10000px);\" \/>\n\t\t\t\t<\/div>\n\t\t\t\t<div class=\"clearBoth\"><\/div>\n\t\t\t<\/div><div class=\"gwolle_gb_content\">\n\t\t\t\t<div class=\"label\"><label for=\"gwolle_gb_content-1\" class=\"text-info\">Message du livre d\u2019or <span class=\"required\">*<\/span><\/label><\/div>\n\t\t\t\t<div class=\"input\"><textarea id=\"gwolle_gb_content-1\" name=\"gwolle_gb_content\" class=\"gwolle_gb_content wp-exclude-emoji maxlength maxlength-200\" required ><\/textarea><span class=\"gb-max-length-text\"><span class=\"gb-used-characters\">0<\/span>\/<span class=\"gb-max-characters\">200<\/span> caract\u00e8res<\/span><div class=\"gwolle_gb_emoji gwolle-gb-emoji gwolle-gb-hide\">\n\t\t<a title=\"\ud83d\ude04\" class=\"gwolle_gb_emoji_1 noslimstat\">\ud83d\ude04<\/a>\n\t\t<a title=\"\ud83d\ude03\" class=\"gwolle_gb_emoji_2 noslimstat\">\ud83d\ude03<\/a>\n\t\t<a title=\"\ud83d\ude09\" class=\"gwolle_gb_emoji_3 noslimstat\">\ud83d\ude09<\/a>\n\t\t<a title=\"\ud83d\ude0a\" class=\"gwolle_gb_emoji_4 noslimstat\">\ud83d\ude0a<\/a>\n\t\t<a title=\"\ud83d\ude1a\" class=\"gwolle_gb_emoji_5 noslimstat\">\ud83d\ude1a<\/a>\n\t\t<a title=\"\ud83d\ude17\" class=\"gwolle_gb_emoji_6 noslimstat\">\ud83d\ude17<\/a>\n\t\t<a title=\"\ud83d\ude1c\" class=\"gwolle_gb_emoji_7 noslimstat\">\ud83d\ude1c<\/a>\n\t\t<a title=\"\ud83d\ude1b\" class=\"gwolle_gb_emoji_8 noslimstat\">\ud83d\ude1b<\/a>\n\t\t<a title=\"\ud83d\ude33\" class=\"gwolle_gb_emoji_9 noslimstat\">\ud83d\ude33<\/a>\n\t\t<a title=\"\ud83d\ude01\" class=\"gwolle_gb_emoji_10 noslimstat\">\ud83d\ude01<\/a>\n\t\t<a title=\"\ud83d\ude2c\" class=\"gwolle_gb_emoji_11 noslimstat\">\ud83d\ude2c<\/a>\n\t\t<a title=\"\ud83d\ude0c\" class=\"gwolle_gb_emoji_12 noslimstat\">\ud83d\ude0c<\/a>\n\t\t<a title=\"\ud83d\ude1e\" class=\"gwolle_gb_emoji_13 noslimstat\">\ud83d\ude1e<\/a>\n\t\t<a title=\"\ud83d\ude18\" class=\"gwolle_gb_emoji_14 noslimstat\">\ud83d\ude18<\/a>\n\t\t<a title=\"\ud83d\ude0d\" class=\"gwolle_gb_emoji_15 noslimstat\">\ud83d\ude0d<\/a>\n\t\t<a title=\"\ud83d\ude22\" class=\"gwolle_gb_emoji_16 noslimstat\">\ud83d\ude22<\/a>\n\t\t<a title=\"\ud83d\ude02\" class=\"gwolle_gb_emoji_17 noslimstat\">\ud83d\ude02<\/a>\n\t\t<a title=\"\ud83d\ude2d\" class=\"gwolle_gb_emoji_18 noslimstat\">\ud83d\ude2d<\/a>\n\t\t<a title=\"\ud83d\ude05\" class=\"gwolle_gb_emoji_19 noslimstat\">\ud83d\ude05<\/a>\n\t\t<a title=\"\ud83d\ude13\" class=\"gwolle_gb_emoji_20 noslimstat\">\ud83d\ude13<\/a>\n\t\t<a title=\"\ud83d\ude29\" class=\"gwolle_gb_emoji_21 noslimstat\">\ud83d\ude29<\/a>\n\t\t<a title=\"\ud83d\ude2e\" class=\"gwolle_gb_emoji_22 noslimstat\">\ud83d\ude2e<\/a>\n\t\t<a title=\"\ud83d\ude31\" class=\"gwolle_gb_emoji_23 noslimstat\">\ud83d\ude31<\/a>\n\t\t<a title=\"\ud83d\ude20\" class=\"gwolle_gb_emoji_24 noslimstat\">\ud83d\ude20<\/a>\n\t\t<a title=\"\ud83d\ude21\" class=\"gwolle_gb_emoji_25 noslimstat\">\ud83d\ude21<\/a>\n\t\t<a title=\"\ud83d\ude24\" class=\"gwolle_gb_emoji_26 noslimstat\">\ud83d\ude24<\/a>\n\t\t<a title=\"\ud83d\ude0b\" class=\"gwolle_gb_emoji_27 noslimstat\">\ud83d\ude0b<\/a>\n\t\t<a title=\"\ud83d\ude0e\" class=\"gwolle_gb_emoji_28 noslimstat\">\ud83d\ude0e<\/a>\n\t\t<a title=\"\ud83d\ude34\" class=\"gwolle_gb_emoji_29 noslimstat\">\ud83d\ude34<\/a>\n\t\t<a title=\"\ud83d\ude08\" class=\"gwolle_gb_emoji_30 noslimstat\">\ud83d\ude08<\/a>\n\t\t<a title=\"\ud83d\ude07\" class=\"gwolle_gb_emoji_31 noslimstat\">\ud83d\ude07<\/a>\n\t\t<a title=\"\ud83d\ude15\" class=\"gwolle_gb_emoji_32 noslimstat\">\ud83d\ude15<\/a>\n\t\t<a title=\"\ud83d\ude0f\" class=\"gwolle_gb_emoji_33 noslimstat\">\ud83d\ude0f<\/a>\n\t\t<a title=\"\ud83d\ude11\" class=\"gwolle_gb_emoji_34 noslimstat\">\ud83d\ude11<\/a>\n\t\t<a title=\"\ud83d\udc72\" class=\"gwolle_gb_emoji_35 noslimstat\">\ud83d\udc72<\/a>\n\t\t<a title=\"\ud83d\udc6e\" class=\"gwolle_gb_emoji_36 noslimstat\">\ud83d\udc6e<\/a>\n\t\t<a title=\"\ud83d\udc82\" class=\"gwolle_gb_emoji_37 noslimstat\">\ud83d\udc82<\/a>\n\t\t<a title=\"\ud83d\udc76\" class=\"gwolle_gb_emoji_38 noslimstat\">\ud83d\udc76<\/a>\n\t\t<a title=\"\u2764\" class=\"gwolle_gb_emoji_39 noslimstat\">\u2764<\/a>\n\t\t<a title=\"\ud83d\udc94\" class=\"gwolle_gb_emoji_40 noslimstat\">\ud83d\udc94<\/a>\n\t\t<a title=\"\ud83d\udc95\" class=\"gwolle_gb_emoji_41 noslimstat\">\ud83d\udc95<\/a>\n\t\t<a title=\"\ud83d\udc98\" class=\"gwolle_gb_emoji_42 noslimstat\">\ud83d\udc98<\/a>\n\t\t<a title=\"\ud83d\udc8c\" class=\"gwolle_gb_emoji_43 noslimstat\">\ud83d\udc8c<\/a>\n\t\t<a title=\"\ud83d\udc8b\" class=\"gwolle_gb_emoji_44 noslimstat\">\ud83d\udc8b<\/a>\n\t\t<a title=\"\ud83c\udf81\" class=\"gwolle_gb_emoji_45 noslimstat\">\ud83c\udf81<\/a>\n\t\t<a title=\"\ud83d\udcb0\" class=\"gwolle_gb_emoji_46 noslimstat\">\ud83d\udcb0<\/a>\n\t\t<a title=\"\ud83d\udc8d\" class=\"gwolle_gb_emoji_47 noslimstat\">\ud83d\udc8d<\/a>\n\t\t<a title=\"\ud83d\udc4d\" class=\"gwolle_gb_emoji_48 noslimstat\">\ud83d\udc4d<\/a>\n\t\t<a title=\"\ud83d\udc4e\" class=\"gwolle_gb_emoji_49 noslimstat\">\ud83d\udc4e<\/a>\n\t\t<a title=\"\ud83d\udc4c\" class=\"gwolle_gb_emoji_50 noslimstat\">\ud83d\udc4c<\/a>\n\t\t<a title=\"\u270c\ufe0f\" class=\"gwolle_gb_emoji_51 noslimstat\">\u270c\ufe0f<\/a>\n\t\t<a title=\"\ud83e\udd18\ufe0f\" class=\"gwolle_gb_emoji_52 noslimstat\">\ud83e\udd18<\/a>\n\t\t<a title=\"\ud83d\udc4f\" class=\"gwolle_gb_emoji_53 noslimstat\">\ud83d\udc4f<\/a>\n\t\t<a title=\"\ud83c\udfb5\" class=\"gwolle_gb_emoji_54 noslimstat\">\ud83c\udfb5<\/a>\n\t\t<a title=\"\u2615\ufe0f\" class=\"gwolle_gb_emoji_55 noslimstat\">\u2615\ufe0f<\/a>\n\t\t<a title=\"\ud83c\udf75\" class=\"gwolle_gb_emoji_56 noslimstat\">\ud83c\udf75<\/a>\n\t\t<a title=\"\ud83c\udf7a\" class=\"gwolle_gb_emoji_57 noslimstat\">\ud83c\udf7a<\/a>\n\t\t<a title=\"\ud83c\udf77\" class=\"gwolle_gb_emoji_58 noslimstat\">\ud83c\udf77<\/a>\n\t\t<a title=\"\ud83c\udf7c\" class=\"gwolle_gb_emoji_59 noslimstat\">\ud83c\udf7c<\/a>\n\t\t<a title=\"\u2600\ufe0f\" class=\"gwolle_gb_emoji_60 noslimstat\">\u2600\ufe0f<\/a>\n\t\t<a title=\"\ud83c\udf24\" class=\"gwolle_gb_emoji_61 noslimstat\">\ud83c\udf24<\/a>\n\t\t<a title=\"\ud83c\udf26\" class=\"gwolle_gb_emoji_62 noslimstat\">\ud83c\udf26<\/a>\n\t\t<a title=\"\ud83c\udf27\" class=\"gwolle_gb_emoji_63 noslimstat\">\ud83c\udf27<\/a>\n\t\t<a title=\"\ud83c\udf1c\" class=\"gwolle_gb_emoji_64 noslimstat\">\ud83c\udf1c<\/a>\n\t\t<a title=\"\ud83c\udf08\" class=\"gwolle_gb_emoji_65 noslimstat\">\ud83c\udf08<\/a>\n\t\t<a title=\"\ud83c\udfdd\" class=\"gwolle_gb_emoji_66 noslimstat\">\ud83c\udfdd<\/a>\n\t\t<a title=\"\ud83c\udf85\" class=\"gwolle_gb_emoji_67 noslimstat\">\ud83c\udf85<\/a>\n\t\t<\/div><\/div>\n\t\t\t\t\t<div class=\"clearBoth\">&nbsp;<\/div>\n\t\t\t\t<\/div><input type=\"hidden\" class=\"gwolle_gb_537fd693572a4e50065bef08f6728255\" id=\"gwolle_gb_537fd693572a4e50065bef08f6728255-1\" name=\"gwolle_gb_537fd693572a4e50065bef08f6728255\" value=\"c69fead472\" \/>\n\t\t\t<div class=\"gwolle-gb-messages-bottom-container\"><\/div>\n\n\t\t\t<noscript><div class=\"no-js\">Avertissement\u00a0: Ce formulaire ne peut \u00eatre utilis\u00e9 que si JavaScript est activ\u00e9 dans votre navigateur.<\/div><\/noscript>\n\n\t\t\t<div class=\"gwolle_gb_submit gwolle-gb-submit\">\n\t\t\t\t<div class=\"label gwolle-gb-invisible text-muted\">&nbsp;<\/div>\n\t\t\t\t<div class=\"input\">\n\t\t\t\t\t<input type=\"submit\" name=\"gwolle_gb_submit\" class=\"gwolle_gb_submit button btn btn-primary \" value=\"Envoyer\" \/>\n\t\t\t\t\t<span class=\"gwolle_gb_submit_ajax_icon gwolle-gb-submit-ajax-icon\"><\/span>\n\t\t\t\n\t\t\t\t<\/div>\n\t\t\t\t<div class=\"clearBoth\">&nbsp;<\/div>\n\t\t\t<\/div>\n\n\t\t\t<div class=\"gwolle_gb_notice gwolle-gb-notice\">\n\t\t\t\tLes champs marqu\u00e9s avec un * sont obligatoires.\n\t\t\t<\/div><\/form><div class=\"gwolle-gb-read gwolle-gb-ajax gwolle-gb-entries-list\" data-book_id=\"1\" data-page_id=\"1\">\n\t\t<div id=\"gwolle-gb-total\" class=\"gwolle-gb-total\">7 messages.<\/div><!-- Gwolle-GB Entry: Default Template Loaded -->\n\t\t\t\t<div class=\"gb-entry gb-entry_13 gb-entry-count_1 gwolle-gb-uneven gwolle-gb-first\" id=\"gb-entry_13\" data-entry_id=\"13\">\n\t\t\t\t<article>\n\t\t\t\t\t<div class=\"gb-author-info\">\n\t\t\t\t\t\t<span class=\"gb-author-avatar\"><img referrerpolicy=\"no-referrer\" alt='G\u00e9rard F6EEQ' src='https:\/\/secure.gravatar.com\/avatar\/377a217b4fd7571ad11d8504123380bae0efe0befd397af84ba0fdca543e0a22?s=32&#038;d=initials&#038;r=g&#038;initials=F6' srcset='https:\/\/secure.gravatar.com\/avatar\/377a217b4fd7571ad11d8504123380bae0efe0befd397af84ba0fdca543e0a22?s=64&#038;d=initials&#038;r=g&#038;initials=F6 2x' class='avatar avatar-32 photo' height='32' width='32' \/><\/span>\n\t\t\t\t\t\t<span class=\"gb-author-name\">G\u00e9rard F6EEQ\n\t\t\t\t\t\t<\/span>\n\t\t\t\t\t\t<span class=\"gb-datetime\">\n\t\t\t\t\t\t\t<span class=\"gb-date\"><span class=\"gb-date-wrote-text\"> a \u00e9crit le<\/span><span class=\"gb-date-text\"> 12 avril 2026<\/span>\n\t\t\t\t\t\t\t<\/span><span class=\"gb-time\">\n\t\t\t\t\t\t\t\t\t<span class=\"gb-time-at-text\"> \u00e0<\/span>\n\t\t\t\t\t\t\t\t\t<span class=\"gb-time-text\"> 10h21<\/span>\n\t\t\t\t\t\t\t\t<\/span>\n\t\t\t\t\t\t<\/span> \n\t\t\t\t\t<\/div>\n\t\t\t\t\t<div class=\"gb-entry-content\">J&#039;ai cependant particip\u00e9 au CQ WW en Novembre et c&#039;\u00e9tait super.\r\nAmbiance, installation, repas, convivialit\u00e9...\r\nContinuez comme \u00e7a les gars.\n\t\t\t\t\t<\/div>\n\t\t\t\t<\/article>\n\t\t\t<\/div>\n\t\t\t<div class=\"gb-entry gb-entry_12 gb-entry-count_2 gwolle-gb-even\" id=\"gb-entry_12\" data-entry_id=\"12\">\n\t\t\t\t<article>\n\t\t\t\t\t<div class=\"gb-author-info\">\n\t\t\t\t\t\t<span class=\"gb-author-avatar\"><img referrerpolicy=\"no-referrer\" alt='VE2PI Michel' src='https:\/\/secure.gravatar.com\/avatar\/bb731aafb1745dc1a363544fd635da6f1219335afec1a3e0fbb6168f280fada1?s=32&#038;d=initials&#038;r=g&#038;initials=ve' srcset='https:\/\/secure.gravatar.com\/avatar\/bb731aafb1745dc1a363544fd635da6f1219335afec1a3e0fbb6168f280fada1?s=64&#038;d=initials&#038;r=g&#038;initials=ve 2x' class='avatar avatar-32 photo' height='32' width='32' \/><\/span>\n\t\t\t\t\t\t<span class=\"gb-author-name\">VE2PI Michel\n\t\t\t\t\t\t<\/span>\n\t\t\t\t\t\t<span class=\"gb-datetime\">\n\t\t\t\t\t\t\t<span class=\"gb-date\"><span class=\"gb-date-wrote-text\"> a \u00e9crit le<\/span><span class=\"gb-date-text\"> 10 avril 2026<\/span>\n\t\t\t\t\t\t\t<\/span><span class=\"gb-time\">\n\t\t\t\t\t\t\t\t\t<span class=\"gb-time-at-text\"> \u00e0<\/span>\n\t\t\t\t\t\t\t\t\t<span class=\"gb-time-text\"> 22h18<\/span>\n\t\t\t\t\t\t\t\t<\/span>\n\t\t\t\t\t\t<\/span> \n\t\t\t\t\t<\/div>\n\t\t\t\t\t<div class=\"gb-entry-content\">Tr\u00e8s beau site web \r\nF\u00e9liciation\n\t\t\t\t\t<\/div>\n\t\t\t\t<\/article>\n\t\t\t<\/div>\n\t\t\t<div class=\"gb-entry gb-entry_10 gb-entry-count_3 gwolle-gb-uneven\" id=\"gb-entry_10\" data-entry_id=\"10\">\n\t\t\t\t<article>\n\t\t\t\t\t<div class=\"gb-author-info\">\n\t\t\t\t\t\t<span class=\"gb-author-avatar\"><img referrerpolicy=\"no-referrer\" alt='F4HZR Micke' src='https:\/\/secure.gravatar.com\/avatar\/?s=32&#038;d=initials&#038;r=g' srcset='https:\/\/secure.gravatar.com\/avatar\/?s=64&#038;d=initials&#038;r=g 2x' class='avatar avatar-32 photo avatar-default' height='32' width='32' \/><\/span>\n\t\t\t\t\t\t<span class=\"gb-author-name\">F4HZR Micke\n\t\t\t\t\t\t<\/span>\n\t\t\t\t\t\t<span class=\"gb-datetime\">\n\t\t\t\t\t\t\t<span class=\"gb-date\"><span class=\"gb-date-wrote-text\"> a \u00e9crit le<\/span><span class=\"gb-date-text\"> 1 avril 2026<\/span>\n\t\t\t\t\t\t\t<\/span><span class=\"gb-time\">\n\t\t\t\t\t\t\t\t\t<span class=\"gb-time-at-text\"> \u00e0<\/span>\n\t\t\t\t\t\t\t\t\t<span class=\"gb-time-text\"> 21h28<\/span>\n\t\t\t\t\t\t\t\t<\/span>\n\t\t\t\t\t\t<\/span> \n\t\t\t\t\t<\/div>\n\t\t\t\t\t<div class=\"gb-entry-content\">Merci aux KOPains pour leur \u00e9tat d esprit et leur engagement afin de f\u00e9d\u00e9rer de nouveaux membres et p\u00e9renniser notre hobby. Un grand BRAVO \u00e0 tous ceux qui restent dans l ombre pour faire vivre F6KOP \ud83d\ude0a\n\t\t\t\t\t<\/div>\n\t\t\t\t<\/article>\n\t\t\t<\/div>\n\t\t\t<div class=\"gb-entry gb-entry_9 gb-entry-count_4 gwolle-gb-even\" id=\"gb-entry_9\" data-entry_id=\"9\">\n\t\t\t\t<article>\n\t\t\t\t\t<div class=\"gb-author-info\">\n\t\t\t\t\t\t<span class=\"gb-author-avatar\"><img referrerpolicy=\"no-referrer\" alt='F4LRV Patrice' src='https:\/\/secure.gravatar.com\/avatar\/1c05ad414fa7f64ead14101dca1dae4064bca922e82341d262582e20a4eb078c?s=32&#038;d=initials&#038;r=g&#038;initials=fp' srcset='https:\/\/secure.gravatar.com\/avatar\/1c05ad414fa7f64ead14101dca1dae4064bca922e82341d262582e20a4eb078c?s=64&#038;d=initials&#038;r=g&#038;initials=fp 2x' class='avatar avatar-32 photo' height='32' width='32' \/><\/span>\n\t\t\t\t\t\t<span class=\"gb-author-name\">F4LRV Patrice\n\t\t\t\t\t\t<\/span>\n\t\t\t\t\t\t<span class=\"gb-datetime\">\n\t\t\t\t\t\t\t<span class=\"gb-date\"><span class=\"gb-date-wrote-text\"> a \u00e9crit le<\/span><span class=\"gb-date-text\"> 30 mars 2026<\/span>\n\t\t\t\t\t\t\t<\/span><span class=\"gb-time\">\n\t\t\t\t\t\t\t\t\t<span class=\"gb-time-at-text\"> \u00e0<\/span>\n\t\t\t\t\t\t\t\t\t<span class=\"gb-time-text\"> 21h59<\/span>\n\t\t\t\t\t\t\t\t<\/span>\n\t\t\t\t\t\t<\/span> \n\t\t\t\t\t<\/div>\n\t\t\t\t\t<div class=\"gb-entry-content\">Bravo et Grand-Merci aux concepteurs de ce magnifique et tr\u00e8s complet Site !\r\nTout y est, tr\u00e8s plaisant \u00e0 consulter, ...  beau travail !\r\nPatrice . F4LRV\n\t\t\t\t\t<\/div>\n\t\t\t\t<\/article>\n\t\t\t<\/div>\n\t\t\t<div class=\"gb-entry gb-entry_3 gb-entry-count_5 gwolle-gb-uneven\" id=\"gb-entry_3\" data-entry_id=\"3\">\n\t\t\t\t<article>\n\t\t\t\t\t<div class=\"gb-author-info\">\n\t\t\t\t\t\t<span class=\"gb-author-avatar\"><img referrerpolicy=\"no-referrer\" alt='F5PBM Larry' src='https:\/\/secure.gravatar.com\/avatar\/?s=32&#038;d=initials&#038;r=g' srcset='https:\/\/secure.gravatar.com\/avatar\/?s=64&#038;d=initials&#038;r=g 2x' class='avatar avatar-32 photo avatar-default' height='32' width='32' \/><\/span>\n\t\t\t\t\t\t<span class=\"gb-author-name\">F5PBM Larry\n\t\t\t\t\t\t<\/span>\n\t\t\t\t\t\t<span class=\"gb-datetime\">\n\t\t\t\t\t\t\t<span class=\"gb-date\"><span class=\"gb-date-wrote-text\"> a \u00e9crit le<\/span><span class=\"gb-date-text\"> 29 mars 2026<\/span>\n\t\t\t\t\t\t\t<\/span><span class=\"gb-time\">\n\t\t\t\t\t\t\t\t\t<span class=\"gb-time-at-text\"> \u00e0<\/span>\n\t\t\t\t\t\t\t\t\t<span class=\"gb-time-text\"> 8h12<\/span>\n\t\t\t\t\t\t\t\t<\/span>\n\t\t\t\t\t\t<\/span> \n\t\t\t\t\t<\/div>\n\t\t\t\t\t<div class=\"gb-entry-content\">Bravo pour le Site beau travail et longue vie a KOP\n\t\t\t\t\t<\/div>\n\t\t\t\t<\/article>\n\t\t\t<\/div>\n\t\t\t<div class=\"gb-entry gb-entry_2 gb-entry-count_6 gwolle-gb-even\" id=\"gb-entry_2\" data-entry_id=\"2\">\n\t\t\t\t<article>\n\t\t\t\t\t<div class=\"gb-author-info\">\n\t\t\t\t\t\t<span class=\"gb-author-avatar\"><img referrerpolicy=\"no-referrer\" alt='F4AJQ' src='https:\/\/secure.gravatar.com\/avatar\/99bd4dc6326900d4beb32e4d206bb593c8153301cc39670b442791ebc1a40ddc?s=32&#038;d=initials&#038;r=g&#038;initials=f4' srcset='https:\/\/secure.gravatar.com\/avatar\/99bd4dc6326900d4beb32e4d206bb593c8153301cc39670b442791ebc1a40ddc?s=64&#038;d=initials&#038;r=g&#038;initials=f4 2x' class='avatar avatar-32 photo' height='32' width='32' \/><\/span>\n\t\t\t\t\t\t<span class=\"gb-author-name\">F4AJQ\n\t\t\t\t\t\t<\/span>\n\t\t\t\t\t\t<span class=\"gb-datetime\">\n\t\t\t\t\t\t\t<span class=\"gb-date\"><span class=\"gb-date-wrote-text\"> a \u00e9crit le<\/span><span class=\"gb-date-text\"> 28 mars 2026<\/span>\n\t\t\t\t\t\t\t<\/span><span class=\"gb-time\">\n\t\t\t\t\t\t\t\t\t<span class=\"gb-time-at-text\"> \u00e0<\/span>\n\t\t\t\t\t\t\t\t\t<span class=\"gb-time-text\"> 16h26<\/span>\n\t\t\t\t\t\t\t\t<\/span>\n\t\t\t\t\t\t<\/span> \n\t\t\t\t\t<\/div>\n\t\t\t\t\t<div class=\"gb-entry-content\">Bonjour \r\n\r\nTr\u00e8s bonne id\u00e9e le livre d&#039;or\r\n\r\nmerci a tous pour vos messages\r\n\r\n73 bizoux\r\n\r\nFrank\n\t\t\t\t\t<\/div>\n\t\t\t\t<\/article>\n\t\t\t<\/div>\n\t\t\t<div class=\"gb-entry gb-entry_1 gb-entry-count_7 gwolle-gb-uneven\" id=\"gb-entry_1\" data-entry_id=\"1\">\n\t\t\t\t<article>\n\t\t\t\t\t<div class=\"gb-author-info\">\n\t\t\t\t\t\t<span class=\"gb-author-avatar\"><img referrerpolicy=\"no-referrer\" alt='F4HHL' src='https:\/\/secure.gravatar.com\/avatar\/b5d76f3e0967675c4688ab2b51e7a5ccf2774ebc128e2735dae8124a336a8932?s=32&#038;d=initials&#038;r=g&#038;initials=jb' srcset='https:\/\/secure.gravatar.com\/avatar\/b5d76f3e0967675c4688ab2b51e7a5ccf2774ebc128e2735dae8124a336a8932?s=64&#038;d=initials&#038;r=g&#038;initials=jb 2x' class='avatar avatar-32 photo' height='32' width='32' \/><\/span>\n\t\t\t\t\t\t<span class=\"gb-author-name\"><i class=\"gb-moderator\">F4HHL<\/i>\n\t\t\t\t\t\t<\/span>\n\t\t\t\t\t\t<span class=\"gb-datetime\">\n\t\t\t\t\t\t\t<span class=\"gb-date\"><span class=\"gb-date-wrote-text\"> a \u00e9crit le<\/span><span class=\"gb-date-text\"> 28 mars 2026<\/span>\n\t\t\t\t\t\t\t<\/span><span class=\"gb-time\">\n\t\t\t\t\t\t\t\t\t<span class=\"gb-time-at-text\"> \u00e0<\/span>\n\t\t\t\t\t\t\t\t\t<span class=\"gb-time-text\"> 13h37<\/span>\n\t\t\t\t\t\t\t\t<\/span>\n\t\t\t\t\t\t<\/span> \n\t\t\t\t\t<\/div>\n\t\t\t\t\t<div class=\"gb-entry-content\">Ouverture du livre d or KOP\n\t\t\t\t\t<\/div>\n\t\t\t\t<\/article>\n\t\t\t<\/div>\n\t\t\t<\/div><\/div>\n\n\n\n<p><\/p>\n","protected":false},"excerpt":{"rendered":"","protected":false},"author":2,"featured_media":0,"parent":0,"menu_order":0,"comment_status":"closed","ping_status":"closed","template":"","meta":{"footnotes":""},"class_list":["post-740","page","type-page","status-publish","hentry"],"_links":{"self":[{"href":"https:\/\/f6kop.com\/index.php\/wp-json\/wp\/v2\/pages\/740","targetHints":{"allow":["GET"]}}],"collection":[{"href":"https:\/\/f6kop.com\/index.php\/wp-json\/wp\/v2\/pages"}],"about":[{"href":"https:\/\/f6kop.com\/index.php\/wp-json\/wp\/v2\/types\/page"}],"author":[{"embeddable":true,"href":"https:\/\/f6kop.com\/index.php\/wp-json\/wp\/v2\/users\/2"}],"replies":[{"embeddable":true,"href":"https:\/\/f6kop.com\/index.php\/wp-json\/wp\/v2\/comments?post=740"}],"version-history":[{"count":1,"href":"https:\/\/f6kop.com\/index.php\/wp-json\/wp\/v2\/pages\/740\/revisions"}],"predecessor-version":[{"id":742,"href":"https:\/\/f6kop.com\/index.php\/wp-json\/wp\/v2\/pages\/740\/revisions\/742"}],"wp:attachment":[{"href":"https:\/\/f6kop.com\/index.php\/wp-json\/wp\/v2\/media?parent=740"}],"curies":[{"name":"wp","href":"https:\/\/api.w.org\/{rel}","templated":true}]}}